{"id":64515,"date":"2026-04-02T20:09:49","date_gmt":"2026-04-02T20:09:49","guid":{"rendered":"https:\/\/espacetriathlon.com\/product\/versa-swimrun-hommes\/"},"modified":"2026-04-02T20:09:49","modified_gmt":"2026-04-02T20:09:49","slug":"versa-swimrun-hommes","status":"publish","type":"product","link":"https:\/\/espacetriathlon.com\/fr\/product\/versa-swimrun-hommes\/","title":{"rendered":"Versa Swimrun Hommes"},"content":{"rendered":"<p>La combinaison Versa Swimrun est con\u00e7ue pour r\u00e9pondre aux exigences uniques des athl\u00e8tes de Swimrun, en associant des mat\u00e9riaux de premi\u00e8re qualit\u00e9 \u00e0 des caract\u00e9ristiques ax\u00e9es sur la performance. Construite avec un m\u00e9lange 50\/50 de caoutchouc naturel Yulex\u00ae et de n\u00e9opr\u00e8ne Speedflo, elle offre une flexibilit\u00e9 et une chaleur sup\u00e9rieures, ainsi qu&#8217;une tra\u00een\u00e9e r\u00e9duite. Le caoutchouc naturel Yulex\u00ae est une alternative v\u00e9g\u00e9tale au n\u00e9opr\u00e8ne traditionnel, ce qui permet de r\u00e9duire consid\u00e9rablement l&#8217;empreinte carbone de la combinaison tout en maintenant des performances \u00e9lev\u00e9es.    <\/p>\n<p>Le panneau frontal Smoothskin de 2 mm, enduit de Speedflo, am\u00e9liore l&#8217;hydrodynamisme, r\u00e9duisant la tra\u00een\u00e9e pour une natation sans effort. Le mat\u00e9riau Yulex\u00ae de 2 mm \u00e0 double doublure est extensible et r\u00e9sistant \u00e0 l&#8217;abrasion, ce qui le rend durable pour les segments de course \u00e0 pied.   <\/p>\n<p>Les coutures Flatlock offrent un confort et une flexibilit\u00e9 sup\u00e9rieurs, minimisant les frottements lors des transitions entre la terre et l&#8217;eau. Des poches de rangement int\u00e9gr\u00e9es vous permettent de ranger vos gels \u00e9nerg\u00e9tiques ou votre \u00e9quipement de course d&#8217;orientation, afin de rester parfaitement \u00e9quip\u00e9 tout au long de la course.   <\/p>\n<p>Pour plus de praticit\u00e9, la combinaison Versa Swimrun Wetsuit est dot\u00e9e d&#8217;une fermeture \u00e9clair sur le devant et de manches courtes, ce qui permet de l&#8217;enlever rapidement entre les segments de natation et de course. Les manchons de bras inclus offrent une isolation suppl\u00e9mentaire et une meilleure glisse pendant la natation. Les manches et les panneaux arri\u00e8re orange haute visibilit\u00e9 am\u00e9liorent la s\u00e9curit\u00e9 et la visibilit\u00e9, facilitant le rep\u00e9rage des co\u00e9quipiers et la navigation en eau libre.    <\/p>\n","protected":false},"excerpt":{"rendered":"<p>Con\u00e7ue pour les adeptes du Swimrun, la combinaison Versa Swimrun Wetsuit offre une combinaison parfaite de performance, de confort, de durabilit\u00e9 et de r\u00e9sistance.  <\/p>\n","protected":false},"featured_media":64503,"template":"","meta":[],"product_brand":[],"product_cat":[273],"product_tag":[],"class_list":{"0":"post-64515","1":"product","2":"type-product","3":"status-publish","4":"has-post-thumbnail","6":"product_cat-swimrun-fr","7":"pa_brand-zone3","9":"first","10":"instock","11":"sale","12":"shipping-taxable","13":"purchasable","14":"product-type-variable"},"_links":{"self":[{"href":"https:\/\/espacetriathlon.com\/fr\/wp-json\/wp\/v2\/product\/64515","targetHints":{"allow":["GET"]}}],"collection":[{"href":"https:\/\/espacetriathlon.com\/fr\/wp-json\/wp\/v2\/product"}],"about":[{"href":"https:\/\/espacetriathlon.com\/fr\/wp-json\/wp\/v2\/types\/product"}],"version-history":[{"count":0,"href":"https:\/\/espacetriathlon.com\/fr\/wp-json\/wp\/v2\/product\/64515\/revisions"}],"wp:featuredmedia":[{"embeddable":true,"href":"https:\/\/espacetriathlon.com\/fr\/wp-json\/wp\/v2\/media\/64503"}],"wp:attachment":[{"href":"https:\/\/espacetriathlon.com\/fr\/wp-json\/wp\/v2\/media?parent=64515"}],"wp:term":[{"taxonomy":"product_brand","embeddable":true,"href":"https:\/\/espacetriathlon.com\/fr\/wp-json\/wp\/v2\/product_brand?post=64515"},{"taxonomy":"product_cat","embeddable":true,"href":"https:\/\/espacetriathlon.com\/fr\/wp-json\/wp\/v2\/product_cat?post=64515"},{"taxonomy":"product_tag","embeddable":true,"href":"https:\/\/espacetriathlon.com\/fr\/wp-json\/wp\/v2\/product_tag?post=64515"}],"curies":[{"name":"wp","href":"https:\/\/api.w.org\/{rel}","templated":true}]}}