{"id":64619,"date":"2026-04-02T20:31:03","date_gmt":"2026-04-02T20:31:03","guid":{"rendered":"https:\/\/espacetriathlon.com\/product\/combinaison-active-flex-pour-femmes\/"},"modified":"2026-04-02T20:31:03","modified_gmt":"2026-04-02T20:31:03","slug":"combinaison-active-flex-pour-femmes","status":"publish","type":"product","link":"https:\/\/espacetriathlon.com\/fr\/product\/combinaison-active-flex-pour-femmes\/","title":{"rendered":"Combinaison Active-Flex pour femmes"},"content":{"rendered":"<p>Conception multisports : Id\u00e9al pour les nageurs d\u00e9butants en eau libre et les amateurs de sports nautiques, y compris le surf, le kayak, le cano\u00eb, le SUP, la voile et le ski nautique.<br \/>\nFlexibilit\u00e9 sup\u00e9rieure : Le n\u00e9opr\u00e8ne hautement extensible garantit la libert\u00e9 de mouvement pour tous les types de mouvements et d&#8217;activit\u00e9s.<br \/>\nConception adapt\u00e9e \u00e0 la brasse : Le n\u00e9opr\u00e8ne plus fin au niveau des jambes et le grand gousset\/prot\u00e8ge-gorge permettent aux jambes de rester immerg\u00e9es, ce qui favorise une position naturelle de brasse.<br \/>\nPanneau de poitrine en caoutchouc naturel Yulex\u00ae : Isolation centrale de 3 mm, procurant de la chaleur tout en r\u00e9duisant l&#8217;impact sur l&#8217;environnement (Yulex\u00ae est une alternative v\u00e9g\u00e9tale au n\u00e9opr\u00e8ne).<br \/>\nPanneaux hydrodynamiques \u00e0 rev\u00eatement Speedflo : R\u00e9duit la tra\u00een\u00e9e pour am\u00e9liorer l&#8217;efficacit\u00e9 de la nage.<br \/>\nCoutures \u00e9tanches : La construction coll\u00e9e et cousue maintient la chaleur et la durabilit\u00e9.<br \/>\nR\u00e9sistance \u00e0 l&#8217;abrasion : Les panneaux renforc\u00e9s au niveau des genoux augmentent la durabilit\u00e9 pour les sports de glisse et l&#8217;utilisation active.<br \/>\nFacilit\u00e9 d&#8217;enfilage et de retrait : plus facile \u00e0 enfiler et \u00e0 retirer que les combinaisons \u00e0 peau lisse.<br \/>\nVisibilit\u00e9 accrue : Les panneaux orange strat\u00e9giques am\u00e9liorent la s\u00e9curit\u00e9 en eau libre.<br \/>\nEncolure rehauss\u00e9e : La coupe l\u00e9g\u00e8rement plus haute offre confort et protection contre l&#8217;eau, ce qui permet de pratiquer de nombreux sports nautiques.  <\/p>\n","protected":false},"excerpt":{"rendered":"<p>La combinaison Active-Flex est la combinaison polyvalente par excellence pour les nageurs d\u00e9butants et les amateurs de sports nautiques, maintenant avec un design am\u00e9lior\u00e9 pour la brasse. Avec un \u00e9quilibre entre chaleur, flexibilit\u00e9 et durabilit\u00e9, c&#8217;est l&#8217;une des seules combinaisons sur le march\u00e9 con\u00e7ue pour une utilisation polyvalente &#8211; parfaite pour la natation en eau libre, le surf, le SUP, le kayak, la voile et bien plus encore. <\/p>\n<p>Zone3<\/p>\n","protected":false},"featured_media":64615,"template":"","meta":[],"product_brand":[],"product_cat":[270],"product_tag":[],"class_list":{"0":"post-64619","1":"product","2":"type-product","3":"status-publish","4":"has-post-thumbnail","6":"product_cat-openwater-fr","7":"pa_brand-zone3","9":"first","10":"instock","11":"sale","12":"shipping-taxable","13":"purchasable","14":"product-type-variable"},"_links":{"self":[{"href":"https:\/\/espacetriathlon.com\/fr\/wp-json\/wp\/v2\/product\/64619","targetHints":{"allow":["GET"]}}],"collection":[{"href":"https:\/\/espacetriathlon.com\/fr\/wp-json\/wp\/v2\/product"}],"about":[{"href":"https:\/\/espacetriathlon.com\/fr\/wp-json\/wp\/v2\/types\/product"}],"version-history":[{"count":0,"href":"https:\/\/espacetriathlon.com\/fr\/wp-json\/wp\/v2\/product\/64619\/revisions"}],"wp:featuredmedia":[{"embeddable":true,"href":"https:\/\/espacetriathlon.com\/fr\/wp-json\/wp\/v2\/media\/64615"}],"wp:attachment":[{"href":"https:\/\/espacetriathlon.com\/fr\/wp-json\/wp\/v2\/media?parent=64619"}],"wp:term":[{"taxonomy":"product_brand","embeddable":true,"href":"https:\/\/espacetriathlon.com\/fr\/wp-json\/wp\/v2\/product_brand?post=64619"},{"taxonomy":"product_cat","embeddable":true,"href":"https:\/\/espacetriathlon.com\/fr\/wp-json\/wp\/v2\/product_cat?post=64619"},{"taxonomy":"product_tag","embeddable":true,"href":"https:\/\/espacetriathlon.com\/fr\/wp-json\/wp\/v2\/product_tag?post=64619"}],"curies":[{"name":"wp","href":"https:\/\/api.w.org\/{rel}","templated":true}]}}