{"id":64705,"date":"2026-04-03T11:07:02","date_gmt":"2026-04-03T11:07:02","guid":{"rendered":"https:\/\/espacetriathlon.com\/product\/short-de-flottabilite-the-premium\/"},"modified":"2026-04-03T11:07:02","modified_gmt":"2026-04-03T11:07:02","slug":"short-de-flottabilite-the-premium","status":"publish","type":"product","link":"https:\/\/espacetriathlon.com\/fr\/product\/short-de-flottabilite-the-premium\/","title":{"rendered":"Short de flottabilit\u00e9 &#8211; The Premium"},"content":{"rendered":"<p>Conception hautement flottante pour les nageurs aux jambes lourdes.<br \/>\nSCS Nano coating for drag reduction.<br \/>\nConcept a aid\u00e9 des milliers de nageurs \u00e0 am\u00e9liorer leur technique de nage et leur vitesse<br \/>\nNouvelle ceinture ax\u00e9e sur le confort<br \/>\nZone3 sont les inventeurs originaux de ce produit en 2008.<\/p>\n","protected":false},"excerpt":{"rendered":"<p>Le Buoyancy Shorts a \u00e9t\u00e9 d\u00e9velopp\u00e9 par Zone3 en 2008. L&#8217;invention originale de ce produit a \u00e9t\u00e9 faite en utilisant un mat\u00e9riau lisse de 5:3mm d&#8217;\u00e9paisseur, mais en raison de sa grande popularit\u00e9, Zone3 a maintenant sorti un design plus flottant et moins tra\u00eenant appel\u00e9 &#8220;The Premium Option&#8221;.<br \/>\nZone-3<br \/>\nLe short est fait d&#8217;une combinaison de Yamamoto #39 SCS de 3mm sur les panneaux avant et arri\u00e8re et de Yamamoto SCS Aerodome de 5mm sur les panneaux lat\u00e9raux, ce qui offre 30% de flottabilit\u00e9 en plus par rapport au n\u00e9opr\u00e8ne standard. <\/p>\n<p>Le mat\u00e9riau #39 SCS offre un ajustement plus souple, plus l\u00e9ger et plus flexible, tandis que l&#8217;Aerodome aide l&#8217;athl\u00e8te \u00e0 augmenter sa flottabilit\u00e9 et la rotation de ses hanches. Elle convient particuli\u00e8rement aux nageurs aux jambes lourdes qui cherchent \u00e0 affiner leur technique. <\/p>\n<p>Le rev\u00eatement SCS assure une tra\u00een\u00e9e minimale dans l&#8217;eau et le mat\u00e9riau Aerodome comporte des bulles d&#8217;air entre les couches de n\u00e9opr\u00e8ne, ce qui offre une flottabilit\u00e9 sup\u00e9rieure de 30 % \u00e0 celle du n\u00e9opr\u00e8ne standard. Les 3 mm \u00e0 l&#8217;avant et \u00e0 l&#8217;arri\u00e8re assurent cette flottabilit\u00e9 suppl\u00e9mentaire, tandis que les panneaux lat\u00e9raux de 5 mm la compl\u00e8tent en favorisant la rotation des hanches \u00e0 chaque coup de pagaie. La doublure int\u00e9rieure est plus douce et plus extensible pour am\u00e9liorer le confort. Les shorts sont cousus et coll\u00e9s de la m\u00eame mani\u00e8re qu&#8217;une combinaison de triathlon.   <\/p>\n","protected":false},"featured_media":64701,"template":"","meta":[],"product_brand":[],"product_cat":[1711,270],"product_tag":[],"class_list":{"0":"post-64705","1":"product","2":"type-product","3":"status-publish","4":"has-post-thumbnail","6":"product_cat-accessories-tri-3","7":"product_cat-openwater-fr","8":"pa_brand-zone3","9":"pa_size-m-fr","10":"pa_size-l-fr","11":"pa_size-xl-fr","12":"pa_size-xxl-fr","14":"first","15":"instock","16":"shipping-taxable","17":"purchasable","18":"product-type-variable"},"_links":{"self":[{"href":"https:\/\/espacetriathlon.com\/fr\/wp-json\/wp\/v2\/product\/64705","targetHints":{"allow":["GET"]}}],"collection":[{"href":"https:\/\/espacetriathlon.com\/fr\/wp-json\/wp\/v2\/product"}],"about":[{"href":"https:\/\/espacetriathlon.com\/fr\/wp-json\/wp\/v2\/types\/product"}],"version-history":[{"count":0,"href":"https:\/\/espacetriathlon.com\/fr\/wp-json\/wp\/v2\/product\/64705\/revisions"}],"wp:featuredmedia":[{"embeddable":true,"href":"https:\/\/espacetriathlon.com\/fr\/wp-json\/wp\/v2\/media\/64701"}],"wp:attachment":[{"href":"https:\/\/espacetriathlon.com\/fr\/wp-json\/wp\/v2\/media?parent=64705"}],"wp:term":[{"taxonomy":"product_brand","embeddable":true,"href":"https:\/\/espacetriathlon.com\/fr\/wp-json\/wp\/v2\/product_brand?post=64705"},{"taxonomy":"product_cat","embeddable":true,"href":"https:\/\/espacetriathlon.com\/fr\/wp-json\/wp\/v2\/product_cat?post=64705"},{"taxonomy":"product_tag","embeddable":true,"href":"https:\/\/espacetriathlon.com\/fr\/wp-json\/wp\/v2\/product_tag?post=64705"}],"curies":[{"name":"wp","href":"https:\/\/api.w.org\/{rel}","templated":true}]}}