{"id":64738,"date":"2026-04-03T11:12:18","date_gmt":"2026-04-03T11:12:18","guid":{"rendered":"https:\/\/espacetriathlon.com\/product\/short-de-flottabilite-loriginal\/"},"modified":"2026-04-03T11:12:18","modified_gmt":"2026-04-03T11:12:18","slug":"short-de-flottabilite-loriginal","status":"publish","type":"product","link":"https:\/\/espacetriathlon.com\/fr\/product\/short-de-flottabilite-loriginal\/","title":{"rendered":"Short de flottabilit\u00e9 : l&#8217;original"},"content":{"rendered":"<p>  Conception tr\u00e8s flottante pour les nageurs aux jambes lourdes.<br \/>\n Panneaux avant et arri\u00e8re en Yamamoto Smoothskin 3 mm.<br \/>\n Panneaux lat\u00e9raux en Yamamoto Smoothskin 5mm.<br \/>\n Nouvelle ceinture ax\u00e9e sur le confort.<\/p>\n<p>Principaux avantages :<\/p>\n<p> Am\u00e9liore votre position corporelle et votre technique de nage.<br \/>\n Con\u00e7u comme une alternative naturelle \u00e0 la bou\u00e9e de traction.<br \/>\n Soutien renforc\u00e9 du tronc pour faciliter le d\u00e9veloppement de la technique.<br \/>\n Soutenu par plus d&#8217;une d\u00e9cennie de commentaires positifs.<\/p>\n","protected":false},"excerpt":{"rendered":"<p>Le Buoyancy Shorts a \u00e9t\u00e9 d\u00e9velopp\u00e9 pour la premi\u00e8re fois par Zone3 en 2007. En tant qu&#8217;inventeurs de ce produit, Zone3 a pens\u00e9 qu&#8217;il \u00e9tait appropri\u00e9 de le concevoir sous le nom de &#8221; The Originals &#8220;. Ils ont maintenant plus d&#8217;une d\u00e9cennie de commentaires fantastiques de clients derri\u00e8re eux et ont aid\u00e9 plusieurs milliers de nageurs \u00e0 am\u00e9liorer la position de leur corps dans l&#8217;eau et leur technique de nage.<br \/>\n5-3mm<br \/>\nZone3  <\/p>\n","protected":false},"featured_media":64730,"template":"","meta":[],"product_brand":[],"product_cat":[1711,270],"product_tag":[],"class_list":{"0":"post-64738","1":"product","2":"type-product","3":"status-publish","4":"has-post-thumbnail","6":"product_cat-accessories-tri-3","7":"product_cat-openwater-fr","8":"pa_brand-zone3","9":"pa_size-m-fr","10":"pa_size-l-fr","11":"pa_size-xl-fr","13":"first","14":"instock","15":"shipping-taxable","16":"purchasable","17":"product-type-variable"},"_links":{"self":[{"href":"https:\/\/espacetriathlon.com\/fr\/wp-json\/wp\/v2\/product\/64738","targetHints":{"allow":["GET"]}}],"collection":[{"href":"https:\/\/espacetriathlon.com\/fr\/wp-json\/wp\/v2\/product"}],"about":[{"href":"https:\/\/espacetriathlon.com\/fr\/wp-json\/wp\/v2\/types\/product"}],"version-history":[{"count":0,"href":"https:\/\/espacetriathlon.com\/fr\/wp-json\/wp\/v2\/product\/64738\/revisions"}],"wp:featuredmedia":[{"embeddable":true,"href":"https:\/\/espacetriathlon.com\/fr\/wp-json\/wp\/v2\/media\/64730"}],"wp:attachment":[{"href":"https:\/\/espacetriathlon.com\/fr\/wp-json\/wp\/v2\/media?parent=64738"}],"wp:term":[{"taxonomy":"product_brand","embeddable":true,"href":"https:\/\/espacetriathlon.com\/fr\/wp-json\/wp\/v2\/product_brand?post=64738"},{"taxonomy":"product_cat","embeddable":true,"href":"https:\/\/espacetriathlon.com\/fr\/wp-json\/wp\/v2\/product_cat?post=64738"},{"taxonomy":"product_tag","embeddable":true,"href":"https:\/\/espacetriathlon.com\/fr\/wp-json\/wp\/v2\/product_tag?post=64738"}],"curies":[{"name":"wp","href":"https:\/\/api.w.org\/{rel}","templated":true}]}}