{"id":64764,"date":"2026-04-03T11:44:30","date_gmt":"2026-04-03T11:44:30","guid":{"rendered":"https:\/\/espacetriathlon.com\/product\/gants-de-natation-heat-tech\/"},"modified":"2026-04-03T11:44:30","modified_gmt":"2026-04-03T11:44:30","slug":"gants-de-natation-heat-tech","status":"publish","type":"product","link":"https:\/\/espacetriathlon.com\/fr\/product\/gants-de-natation-heat-tech\/","title":{"rendered":"Gants de natation Heat-tech"},"content":{"rendered":"<p>  N\u00e9opr\u00e8ne extensible de 3,5 mm : Am\u00e9lior\u00e9 par une doublure heat-tech pour une isolation thermique sup\u00e9rieure<br \/>\n.<br \/>\n Finition Liquid Seal et fermeture Smoothskin : Assure un ajustement \u00e9tanche et confortable.<br \/>\n Longueur \u00e9tendue avec fermeture auto-agrippante : Assure un ajustement s\u00fbr et emp\u00eache la p\u00e9n\u00e9tration de l&#8217;eau<br \/>\n.<br \/>\n Paume \u00e0 motif 3D : Offre une excellente adh\u00e9rence sur sol mouill\u00e9.<br \/>\n Doubles coutures aveugles coll\u00e9es : Augmente la durabilit\u00e9 et la r\u00e9sistance \u00e0 l&#8217;eau.<br \/>\n Conception polyvalente : Fait partie d&#8217;une gamme d&#8217;accessoires en n\u00e9opr\u00e8ne pour l&#8217;entra\u00eenement tout au long de l&#8217;ann\u00e9e.<\/p>\n<p>Principaux avantages<\/p>\n<p> Ajustement s\u00fbr et serr\u00e9 pour minimiser les infiltrations d&#8217;eau.<br \/>\n Chaleur accrue et design confortable.<br \/>\n S&#8217;ins\u00e8re facilement dans votre combinaison de plong\u00e9e pour une \u00e9tanch\u00e9it\u00e9 parfaite.<\/p>\n","protected":false},"excerpt":{"rendered":"<p>Avec une \u00e9paisseur de 3,5 mm, ils sont l\u00e9g\u00e8rement plus \u00e9pais que les gants standard de ZONE3 et sont dot\u00e9s d&#8217;une doublure heat-tech pour des propri\u00e9t\u00e9s thermiques accrues.<\/p>\n<p>Une paire de gants fantastique pour vous garder au chaud dans l&#8217;eau aussi longtemps que vous le pourrez.<\/p>\n","protected":false},"featured_media":64760,"template":"","meta":[],"product_brand":[],"product_cat":[270],"product_tag":[],"class_list":{"0":"post-64764","1":"product","2":"type-product","3":"status-publish","4":"has-post-thumbnail","6":"product_cat-openwater-fr","7":"pa_brand-zone3","8":"pa_size-s-fr","9":"pa_size-m-fr","10":"pa_size-l-fr","12":"first","13":"instock","14":"shipping-taxable","15":"purchasable","16":"product-type-variable"},"_links":{"self":[{"href":"https:\/\/espacetriathlon.com\/fr\/wp-json\/wp\/v2\/product\/64764","targetHints":{"allow":["GET"]}}],"collection":[{"href":"https:\/\/espacetriathlon.com\/fr\/wp-json\/wp\/v2\/product"}],"about":[{"href":"https:\/\/espacetriathlon.com\/fr\/wp-json\/wp\/v2\/types\/product"}],"version-history":[{"count":0,"href":"https:\/\/espacetriathlon.com\/fr\/wp-json\/wp\/v2\/product\/64764\/revisions"}],"wp:featuredmedia":[{"embeddable":true,"href":"https:\/\/espacetriathlon.com\/fr\/wp-json\/wp\/v2\/media\/64760"}],"wp:attachment":[{"href":"https:\/\/espacetriathlon.com\/fr\/wp-json\/wp\/v2\/media?parent=64764"}],"wp:term":[{"taxonomy":"product_brand","embeddable":true,"href":"https:\/\/espacetriathlon.com\/fr\/wp-json\/wp\/v2\/product_brand?post=64764"},{"taxonomy":"product_cat","embeddable":true,"href":"https:\/\/espacetriathlon.com\/fr\/wp-json\/wp\/v2\/product_cat?post=64764"},{"taxonomy":"product_tag","embeddable":true,"href":"https:\/\/espacetriathlon.com\/fr\/wp-json\/wp\/v2\/product_tag?post=64764"}],"curies":[{"name":"wp","href":"https:\/\/api.w.org\/{rel}","templated":true}]}}