{"id":64794,"date":"2026-04-03T11:48:21","date_gmt":"2026-04-03T11:48:21","guid":{"rendered":"https:\/\/espacetriathlon.com\/product\/chaussettes-de-natation-heat-tech\/"},"modified":"2026-04-03T11:48:21","modified_gmt":"2026-04-03T11:48:21","slug":"chaussettes-de-natation-heat-tech","status":"publish","type":"product","link":"https:\/\/espacetriathlon.com\/fr\/product\/chaussettes-de-natation-heat-tech\/","title":{"rendered":"Chaussettes de natation Heat-Tech"},"content":{"rendered":"<p>  Fabriqu\u00e9 en n\u00e9opr\u00e8ne tr\u00e8s extensible de 3,5 mm d&#8217;\u00e9paisseur avec une doublure en titane.<br \/>\n  Il est dot\u00e9 d&#8217;une finition liquide et d&#8217;un syst\u00e8me de fermeture Smoothskin pour plus de confort.<br \/>\n  Augmente la longueur gr\u00e2ce \u00e0 une fermeture Velcro pratique.<br \/>\n  Incorpore un motif de semelle 3D pour une meilleure adh\u00e9rence.<br \/>\n  Les coutures sont doubles et coll\u00e9es pour une meilleure durabilit\u00e9.<br \/>\n  Fait partie de notre gamme d&#8217;accessoires en n\u00e9opr\u00e8ne con\u00e7us pour l&#8217;entra\u00eenement tout au long de l&#8217;ann\u00e9e.<\/p>\n<p>Principaux avantages :<\/p>\n<p>  Garantit un ajustement s\u00fbr et serr\u00e9 pour emp\u00eacher l&#8217;eau de p\u00e9n\u00e9trer.<br \/>\n  Offre une conception chaude et s\u00fbre pour un confort durable.<br \/>\n  Peut \u00eatre facilement rang\u00e9 dans votre combinaison de plong\u00e9e pour plus de commodit\u00e9.<br \/>\n  Offre une adh\u00e9rence et une protection lors de l&#8217;entr\u00e9e et de la sortie de l&#8217;eau.<\/p>\n","protected":false},"excerpt":{"rendered":"<p>Ces chaussettes de natation innovantes sont parmi les plus chaudes disponibles sur le march\u00e9, parfaites pour ceux qui souffrent de pieds froids ou qui nagent au printemps, \u00e0 l&#8217;automne ou en hiver. Avec une \u00e9paisseur de 3,5 mm, elles sont l\u00e9g\u00e8rement plus \u00e9paisses que les chaussettes standard de ZONE3 et sont dot\u00e9es d&#8217;une doublure thermo-tech pour des propri\u00e9t\u00e9s thermiques accrues. <\/p>\n<p>Une fantastique paire de chaussettes pour vous garder au chaud et dans l&#8217;eau aussi longtemps que vous le pourrez.  <\/p>\n","protected":false},"featured_media":64783,"template":"","meta":[],"product_brand":[],"product_cat":[270],"product_tag":[],"class_list":{"0":"post-64794","1":"product","2":"type-product","3":"status-publish","4":"has-post-thumbnail","6":"product_cat-openwater-fr","7":"pa_brand-zone3","8":"pa_size-s-fr","9":"pa_size-m-fr","10":"pa_size-l-fr","12":"first","13":"instock","14":"shipping-taxable","15":"purchasable","16":"product-type-variable"},"_links":{"self":[{"href":"https:\/\/espacetriathlon.com\/fr\/wp-json\/wp\/v2\/product\/64794","targetHints":{"allow":["GET"]}}],"collection":[{"href":"https:\/\/espacetriathlon.com\/fr\/wp-json\/wp\/v2\/product"}],"about":[{"href":"https:\/\/espacetriathlon.com\/fr\/wp-json\/wp\/v2\/types\/product"}],"version-history":[{"count":0,"href":"https:\/\/espacetriathlon.com\/fr\/wp-json\/wp\/v2\/product\/64794\/revisions"}],"wp:featuredmedia":[{"embeddable":true,"href":"https:\/\/espacetriathlon.com\/fr\/wp-json\/wp\/v2\/media\/64783"}],"wp:attachment":[{"href":"https:\/\/espacetriathlon.com\/fr\/wp-json\/wp\/v2\/media?parent=64794"}],"wp:term":[{"taxonomy":"product_brand","embeddable":true,"href":"https:\/\/espacetriathlon.com\/fr\/wp-json\/wp\/v2\/product_brand?post=64794"},{"taxonomy":"product_cat","embeddable":true,"href":"https:\/\/espacetriathlon.com\/fr\/wp-json\/wp\/v2\/product_cat?post=64794"},{"taxonomy":"product_tag","embeddable":true,"href":"https:\/\/espacetriathlon.com\/fr\/wp-json\/wp\/v2\/product_tag?post=64794"}],"curies":[{"name":"wp","href":"https:\/\/api.w.org\/{rel}","templated":true}]}}