{"id":64824,"date":"2026-04-04T11:13:28","date_gmt":"2026-04-04T11:13:28","guid":{"rendered":"https:\/\/espacetriathlon.com\/product\/5-panel-running-cap\/"},"modified":"2026-04-04T11:13:28","modified_gmt":"2026-04-04T11:13:28","slug":"5-panel-running-cap","status":"publish","type":"product","link":"https:\/\/espacetriathlon.com\/fr\/product\/5-panel-running-cap\/","title":{"rendered":"5 Panel Running Cap"},"content":{"rendered":"<ul>\n<li>Polyester l\u00e9ger \u00e0 s\u00e9chage rapide pour un confort respirant<\/li>\n<li>Les panneaux en mesh am\u00e9liorent la ventilation et la circulation de l&#8217;air<\/li>\n<li>La bande int\u00e9rieure en maille permet d&#8217;\u00e9vacuer la transpiration et de contr\u00f4ler l&#8217;humidit\u00e9.<\/li>\n<li>La fermeture \u00e0 boucle r\u00e9glable assure un bon maintien<\/li>\n<li>Conception minimaliste et performante pour une utilisation polyvalente<\/li>\n<\/ul>\n","protected":false},"excerpt":{"rendered":"<p>Ajustable<\/p>\n<p>Zone3<\/p>\n<p>Unisexe<\/p>\n","protected":false},"featured_media":64807,"template":"","meta":[],"product_brand":[],"product_cat":[300],"product_tag":[],"class_list":{"0":"post-64824","1":"product","2":"type-product","3":"status-publish","4":"has-post-thumbnail","6":"product_cat-run-accessories-triathlon-fr","7":"pa_brand-zone3","8":"pa_color_n-black-2","9":"pa_color_n-teal","10":"pa_color_n-white-2","12":"first","13":"instock","14":"shipping-taxable","15":"purchasable","16":"product-type-variable"},"_links":{"self":[{"href":"https:\/\/espacetriathlon.com\/fr\/wp-json\/wp\/v2\/product\/64824","targetHints":{"allow":["GET"]}}],"collection":[{"href":"https:\/\/espacetriathlon.com\/fr\/wp-json\/wp\/v2\/product"}],"about":[{"href":"https:\/\/espacetriathlon.com\/fr\/wp-json\/wp\/v2\/types\/product"}],"version-history":[{"count":0,"href":"https:\/\/espacetriathlon.com\/fr\/wp-json\/wp\/v2\/product\/64824\/revisions"}],"wp:featuredmedia":[{"embeddable":true,"href":"https:\/\/espacetriathlon.com\/fr\/wp-json\/wp\/v2\/media\/64807"}],"wp:attachment":[{"href":"https:\/\/espacetriathlon.com\/fr\/wp-json\/wp\/v2\/media?parent=64824"}],"wp:term":[{"taxonomy":"product_brand","embeddable":true,"href":"https:\/\/espacetriathlon.com\/fr\/wp-json\/wp\/v2\/product_brand?post=64824"},{"taxonomy":"product_cat","embeddable":true,"href":"https:\/\/espacetriathlon.com\/fr\/wp-json\/wp\/v2\/product_cat?post=64824"},{"taxonomy":"product_tag","embeddable":true,"href":"https:\/\/espacetriathlon.com\/fr\/wp-json\/wp\/v2\/product_tag?post=64824"}],"curies":[{"name":"wp","href":"https:\/\/api.w.org\/{rel}","templated":true}]}}