{"id":64855,"date":"2026-04-04T11:21:38","date_gmt":"2026-04-04T11:21:38","guid":{"rendered":"https:\/\/espacetriathlon.com\/product\/lava-long-distance-shortsleeves-trisuit-men\/"},"modified":"2026-04-04T11:21:38","modified_gmt":"2026-04-04T11:21:38","slug":"lava-long-distance-shortsleeves-trisuit-men","status":"publish","type":"product","link":"https:\/\/espacetriathlon.com\/fr\/product\/lava-long-distance-shortsleeves-trisuit-men\/","title":{"rendered":"Lava Long Distance Shortsleeves Trisuit Men"},"content":{"rendered":"<p><strong>TISSUS<\/strong><\/p>\n<p><strong>AERO-STRIPE <\/strong>&#8211; Un mat\u00e9riau ray\u00e9 innovant originaire d&#8217;Italie est plac\u00e9 sur les manches raglan pour am\u00e9liorer l&#8217;a\u00e9rodynamisme. Cette mati\u00e8re textur\u00e9e UPF-50 cr\u00e9e des turbulences \u00e0 travers les principales couches limites \u00e0 haute vitesse sur le v\u00e9lo, r\u00e9duisant ainsi la tra\u00een\u00e9e et am\u00e9liorant les temps de course. <\/p>\n<p><strong>Aeroforce Soft-Touch <\/strong>&#8211; Un tissu fran\u00e7ais r\u00e9volutionnaire est utilis\u00e9 sur les principaux panneaux avant et arri\u00e8re. Il est extr\u00eamement confortable sur la peau et techniquement avanc\u00e9. C&#8217;est l&#8217;un des tissus de performance les plus chers du march\u00e9, mais une fois que vous l&#8217;aurez essay\u00e9, vous comprendrez pourquoi. <\/p>\n<p><strong>Les principaux avantages sont les suivants :<\/strong><\/p>\n<ol>\n<li>&#8211; <strong>Extr\u00eamement respirant<\/strong> et \u00e9vacuant la transpiration pour un contr\u00f4le optimal de la temp\u00e9rature.<\/li>\n<li>&#8211; <strong>Incroyablement l\u00e9ger<\/strong> et s\u00e9chant rapidement, tout en \u00e9tant durable et en offrant une protection UPF 50+.<\/li>\n<li>&#8211; <strong>Extensible \u00e0 360\u00b0<\/strong> pour une libert\u00e9 de mouvement totale.<\/li>\n<li>&#8211;<strong> Un rev\u00eatement hydrofuge Nano de haute technologie<\/strong> r\u00e9duit la r\u00e9sistance \u00e0 la tra\u00een\u00e9e dans et hors de l&#8217;eau. Il am\u00e9liore votre temps de nage, repousse la transpiration et vous garde au sec et au chaud en cas de pluie. <\/li>\n<li>\n \t<\/li>\n<li><strong>Sensoriel<\/strong>: Un tissu extr\u00eamement lisse et doux qui donne une sensation agr\u00e9able sur la peau. Il offre un soutien et une compression suppl\u00e9mentaires sur les jambes, ainsi qu&#8217;un rev\u00eatement enti\u00e8rement d\u00e9perlant. Le tissu est tr\u00e8s respirant et \u00e9vacue la transpiration, tandis que l&#8217;extensibilit\u00e9 \u00e0 360\u00b0 garantit une libert\u00e9 de mouvement totale. <\/li>\n<li><strong>Griffes de jambe int\u00e9gr\u00e9es :<\/strong> Conception italienne haut de gamme utilisant des fibres d&#8217;or naturelles pour un meilleur confort. Ce panneau \u00e9tendu est coll\u00e9 pour un ajustement optimal et une r\u00e9sistance \u00e0 la tra\u00een\u00e9e. Les pinces maintiennent les jambes en place sur le v\u00e9lo et la course \u00e0 pied, sans couture suppl\u00e9mentaire, comme c&#8217;est le cas sur la plupart des combinaisons de triathlon. Ce tissu est \u00e9galement tr\u00e8s respirant, il \u00e9vacue l&#8217;humidit\u00e9 et est confortable pr\u00e8s du corps, ce qui permet un excellent ajustement.   <\/li>\n<\/ol>\n<p><strong>PERFORMANCE :<\/strong><\/p>\n<ol>\n<li>Chaque tissu est soigneusement choisi et positionn\u00e9 pour am\u00e9liorer les performances, le confort et l&#8217;endurance.<\/li>\n<li>Fermeture \u00e0 glissi\u00e8re sur tout le devant &#8211; Cette caract\u00e9ristique permet d&#8217;enfiler et d&#8217;enlever les combinaisons plus facilement et plus rapidement. Elle est essentielle pour faire des pauses toilettes rapides pendant une course et permet \u00e9galement une ventilation compl\u00e8te du torse dans des conditions tr\u00e8s chaudes. <\/li>\n<li>Une compression \u00e9quilibr\u00e9e est assur\u00e9e au niveau des jambes gr\u00e2ce \u00e0 une forme de panneau soigneusement con\u00e7ue et \u00e0 l&#8217;indice de denier \u00e9lev\u00e9 du tissu Sensory. Cela am\u00e9liore le soutien musculaire et contribue \u00e0 augmenter le flux sanguin vers les jambes, r\u00e9duisant ainsi l&#8217;accumulation d&#8217;acide lactique et contribuant \u00e0 am\u00e9liorer l&#8217;endurance et la r\u00e9sistance. <\/li>\n<li>Nouveau Tri Comp Pad.<\/li>\n<li>Manches thermocoll\u00e9es &#8211; Pour un ajustement et un confort optimaux et une tra\u00een\u00e9e r\u00e9duite par rapport aux coutures.<\/li>\n<li>Conception confortable sur l&#8217;ensemble du corps vous permettant d&#8217;optimiser vos performances sur la natation, le v\u00e9lo et la course \u00e0 pied.<\/li>\n<li>La couleur blanche optique utilis\u00e9e sur la majeure partie du toit permet de refl\u00e9ter la chaleur du soleil.<\/li>\n<li>Poches de stockage de la nutrition : situ\u00e9es dans le dos et con\u00e7ues avec une couverture thermocoll\u00e9e pour permettre de stocker les gels et d&#8217;y acc\u00e9der facilement pendant le v\u00e9lo ou la course.<\/li>\n<\/ol>\n","protected":false},"excerpt":{"rendered":"<p>Lorsque vous vous engagez dans des \u00e9preuves de distance IM et au-del\u00e0, vous devez savoir que votre fournisseur d&#8217;\u00e9quipement est aussi engag\u00e9 que vous. Sur ces distances, vous ressentirez chaque imperfection, chaque d\u00e9cision prise \u00e0 la va-vite et chaque \u00e9conomie r\u00e9alis\u00e9e par une marque. <\/p>\n<p>La collection Lava, maintes fois prim\u00e9e, est l&#8217;\u00e9l\u00e9ment de base de ZONE3 en mati\u00e8re d&#8217;endurance depuis son lancement en 2013 et nous avons continu\u00e9 \u00e0 la rechercher et \u00e0 la d\u00e9velopper depuis lors. Maintenant une collection \u00e0 part enti\u00e8re de combinaisons et de s\u00e9parations pour hommes et femmes, nous nous sommes procur\u00e9s les meilleurs mat\u00e9riaux italiens et fran\u00e7ais pour repousser l&#8217;eau, optimiser l&#8217;a\u00e9rodynamisme et am\u00e9liorer le confort. <\/p>\n<p>Test\u00e9e dans les v\u00e9lodromes et approuv\u00e9e internationalement par nos athl\u00e8tes d&#8217;\u00e9lite en 2019, la combinaison Lava combine des panneaux a\u00e9rodynamiques avanc\u00e9s, des rev\u00eatements d\u00e9perlants et des finitions r\u00e9sistantes \u00e0 la tra\u00een\u00e9e pour \u00eatre notre combinaison d&#8217;endurance Lava la plus rapide jamais con\u00e7ue.<\/p>\n<p>La combinaison offre un confort total combin\u00e9 \u00e0 des performances dans les trois disciplines. Si vous vous lancez dans une course de longue distance cette saison, nous esp\u00e9rons que cette combinaison sera parfaite. <\/p>\n","protected":false},"featured_media":64845,"template":"","meta":[],"product_brand":[],"product_cat":[2195,1703],"product_tag":[],"class_list":{"0":"post-64855","1":"product","2":"type-product","3":"status-publish","4":"has-post-thumbnail","6":"product_cat-liquidations","7":"product_cat-gear-fr","8":"pa_brand-zone3","9":"pa_size-m-fr","10":"pa_size-l-fr","11":"pa_size-xl-fr","13":"first","14":"instock","15":"sale","16":"shipping-taxable","17":"purchasable","18":"product-type-variable"},"_links":{"self":[{"href":"https:\/\/espacetriathlon.com\/fr\/wp-json\/wp\/v2\/product\/64855","targetHints":{"allow":["GET"]}}],"collection":[{"href":"https:\/\/espacetriathlon.com\/fr\/wp-json\/wp\/v2\/product"}],"about":[{"href":"https:\/\/espacetriathlon.com\/fr\/wp-json\/wp\/v2\/types\/product"}],"version-history":[{"count":0,"href":"https:\/\/espacetriathlon.com\/fr\/wp-json\/wp\/v2\/product\/64855\/revisions"}],"wp:featuredmedia":[{"embeddable":true,"href":"https:\/\/espacetriathlon.com\/fr\/wp-json\/wp\/v2\/media\/64845"}],"wp:attachment":[{"href":"https:\/\/espacetriathlon.com\/fr\/wp-json\/wp\/v2\/media?parent=64855"}],"wp:term":[{"taxonomy":"product_brand","embeddable":true,"href":"https:\/\/espacetriathlon.com\/fr\/wp-json\/wp\/v2\/product_brand?post=64855"},{"taxonomy":"product_cat","embeddable":true,"href":"https:\/\/espacetriathlon.com\/fr\/wp-json\/wp\/v2\/product_cat?post=64855"},{"taxonomy":"product_tag","embeddable":true,"href":"https:\/\/espacetriathlon.com\/fr\/wp-json\/wp\/v2\/product_tag?post=64855"}],"curies":[{"name":"wp","href":"https:\/\/api.w.org\/{rel}","templated":true}]}}