{"id":64957,"date":"2026-04-04T11:43:06","date_gmt":"2026-04-04T11:43:06","guid":{"rendered":"https:\/\/espacetriathlon.com\/?post_type=product&#038;p=64957"},"modified":"2026-04-04T11:47:30","modified_gmt":"2026-04-04T11:47:30","slug":"aeroforce-x-ii-short-sleeve-trisuit-women","status":"publish","type":"product","link":"https:\/\/espacetriathlon.com\/fr\/product\/aeroforce-x-ii-short-sleeve-trisuit-women\/","title":{"rendered":"Aeroforce-X II Short Sleeve Trisuit Women"},"content":{"rendered":"<ul>\n<li>Les <strong>trous pour les<\/strong> bras et les jambes, <strong>d\u00e9coup\u00e9s au laser<\/strong> et dot\u00e9s d&#8217;une poign\u00e9e int\u00e9gr\u00e9e en silicone l\u00e9ger, sont con\u00e7us pour maintenir les bras et les jambes en place. Cette conception unique am\u00e9liore \u00e9galement le profil a\u00e9rodynamique gr\u00e2ce \u00e0 la suppression des coutures.<\/li>\n<li>L<strong>&#8216;encolure \u00e0 profil bas<\/strong> est con\u00e7ue pour un meilleur ajustement sans irritation.<\/li>\n<li>Les <strong>rev\u00eatements hydrofuges<\/strong> aident \u00e0 r\u00e9duire la tra\u00een\u00e9e et l&#8217;absorption dans l&#8217;eau, ce qui permet d&#8217;augmenter la vitesse et de r\u00e9duire la fatigue avant le v\u00e9lo.<\/li>\n<li><strong>Stockage des aliments :<\/strong> Poches a\u00e9rodynamiques pour le stockage sans affecter les performances ou augmenter la tra\u00een\u00e9e.<\/li>\n<li><strong>Une fermeture \u00e9clair flexible unique en son genre<\/strong> a \u00e9t\u00e9 achet\u00e9e au Japon pour permettre une position plus a\u00e9rodynamique sur le v\u00e9lo tout en assurant le confort lorsque vous vous tenez debout pour courir.<\/li>\n<li><strong>Coussin haute performance <\/strong>de Cytech en Italie, sp\u00e9cialement con\u00e7u pour le triathlon et adapt\u00e9 \u00e0 toutes les distances, qu&#8217;elles soient sprint, olympiques, 70.3 ou longues.<\/li>\n<li>La longueur des bras et des jambes a \u00e9t\u00e9 con\u00e7ue pour \u00eatre un peu plus longue que celle d&#8217;une combinaison traditionnelle afin de maximiser les avantages a\u00e9rodynamiques.<\/li>\n<\/ul>\n","protected":false},"excerpt":{"rendered":"<p>La beaut\u00e9 de cette combinaison est que les donn\u00e9es montrent qu&#8217;elle est plus performante que toutes les combinaisons a\u00e9rodynamiques de nos concurrents et, plus important encore, qu&#8217;elle l&#8217;est sur une gamme de vitesses cl\u00e9s. Donc, pas seulement \u00e0 40 km\/h, mais aussi \u00e0 30, 35 et 45 km\/h, qui sont les vitesses les plus courantes pendant la phase de v\u00e9lo.<\/p>\n<p>Nous avons entrepris de concevoir une combinaison qui apporte des am\u00e9liorations dans toute une s\u00e9rie de sc\u00e9narios, et c&#8217;est ce que nous avons r\u00e9ussi \u00e0 faire. Nous voulons que le client puisse investir dans une combinaison Aeroforce-X II en sachant qu&#8217;il sera plus rapide et qu&#8217;il aura un avantage sur tout autre athl\u00e8te sur la ligne de d\u00e9part qui ne porte pas cette combinaison.<\/p>\n<p>Quel que soit le parcours que vous empruntez ou la vitesse \u00e0 laquelle vous pr\u00e9voyez de faire un partiel \u00e0 v\u00e9lo, investir dans cette combinaison vous permettra d&#8217;\u00e9conomiser des watts, d&#8217;augmenter votre vitesse et de vous sentir plus frais pour la course \u00e0 pied.<\/p>\n","protected":false},"featured_media":64982,"template":"","meta":[],"product_brand":[],"product_cat":[2195,1703],"product_tag":[],"class_list":{"0":"post-64957","1":"product","2":"type-product","3":"status-publish","4":"has-post-thumbnail","6":"product_cat-liquidations","7":"product_cat-gear-fr","8":"pa_brand-zone3","9":"pa_size-s-fr","10":"pa_size-m-fr","12":"first","13":"instock","14":"sale","15":"shipping-taxable","16":"purchasable","17":"product-type-variable"},"_links":{"self":[{"href":"https:\/\/espacetriathlon.com\/fr\/wp-json\/wp\/v2\/product\/64957","targetHints":{"allow":["GET"]}}],"collection":[{"href":"https:\/\/espacetriathlon.com\/fr\/wp-json\/wp\/v2\/product"}],"about":[{"href":"https:\/\/espacetriathlon.com\/fr\/wp-json\/wp\/v2\/types\/product"}],"version-history":[{"count":2,"href":"https:\/\/espacetriathlon.com\/fr\/wp-json\/wp\/v2\/product\/64957\/revisions"}],"predecessor-version":[{"id":64989,"href":"https:\/\/espacetriathlon.com\/fr\/wp-json\/wp\/v2\/product\/64957\/revisions\/64989"}],"wp:featuredmedia":[{"embeddable":true,"href":"https:\/\/espacetriathlon.com\/fr\/wp-json\/wp\/v2\/media\/64982"}],"wp:attachment":[{"href":"https:\/\/espacetriathlon.com\/fr\/wp-json\/wp\/v2\/media?parent=64957"}],"wp:term":[{"taxonomy":"product_brand","embeddable":true,"href":"https:\/\/espacetriathlon.com\/fr\/wp-json\/wp\/v2\/product_brand?post=64957"},{"taxonomy":"product_cat","embeddable":true,"href":"https:\/\/espacetriathlon.com\/fr\/wp-json\/wp\/v2\/product_cat?post=64957"},{"taxonomy":"product_tag","embeddable":true,"href":"https:\/\/espacetriathlon.com\/fr\/wp-json\/wp\/v2\/product_tag?post=64957"}],"curies":[{"name":"wp","href":"https:\/\/api.w.org\/{rel}","templated":true}]}}