{"id":65092,"date":"2026-04-04T19:18:02","date_gmt":"2026-04-04T19:18:02","guid":{"rendered":"https:\/\/espacetriathlon.com\/product\/advance-wetsuit-women\/"},"modified":"2026-04-04T19:18:02","modified_gmt":"2026-04-04T19:18:02","slug":"advance-wetsuit-women","status":"publish","type":"product","link":"https:\/\/espacetriathlon.com\/fr\/product\/advance-wetsuit-women\/","title":{"rendered":"Advance Wetsuit Women"},"content":{"rendered":"<ul>\n<li>Le tout nouveau<strong> panneau d&#8217;\u00e9paule 1.5mm Yamamoto #39 SCS Free-Flex<\/strong> offre un haut niveau de flexibilit\u00e9, de confort et d&#8217;efficacit\u00e9 \u00e0 chaque coup de pagaie.<\/li>\n<li><strong>R\u00e9duction de poids de 16%<\/strong>par rapport au mod\u00e8le 2020 tout en conservant les m\u00eames niveaux de flottabilit\u00e9 et de chaleur.<\/li>\n<li><strong>Les rev\u00eatements AQUA-X<\/strong>sont utilis\u00e9s pour minimiser la tra\u00een\u00e9e et augmenter la vitesse sur l&#8217;eau.<\/li>\n<li><strong>Tissu en peau lisse<\/strong>utilis\u00e9 pour emp\u00eacher l&#8217;eau de p\u00e9n\u00e9trer dans la combinaison et de l&#8217;alourdir.<\/li>\n<li>Les <strong>panneaux de flottabilit\u00e9 de 4 mm<\/strong>sur la partie sup\u00e9rieure des jambes aident \u00e0 maintenir les jambes pr\u00e8s de la surface de l&#8217;eau, r\u00e9duisant ainsi consid\u00e9rablement la tra\u00een\u00e9e et la fatigue.<\/li>\n<li><strong>Imprim\u00e9s haute visibilit\u00e9<\/strong> pour se d\u00e9marquer dans l&#8217;eau<\/li>\n<li><strong>Les manchettes \u00e9troites Pro-Speed<\/strong>offrent une vitesse de retrait sup\u00e9rieure.<\/li>\n<li>Le <strong>collier Laser Precision<\/strong>offre un ajustement confortable autour du cou.<\/li>\n<li>La <strong>disposition des panneaux de la manche raglan<\/strong> offre une plus grande flexibilit\u00e9 pour permettre une meilleure efficacit\u00e9 de la course.<\/li>\n<\/ul>\n","protected":false},"excerpt":{"rendered":"<p>S&#8217;appuyant sur ces fondations d\u00e9j\u00e0 tr\u00e8s solides, la derni\u00e8re \u00e9dition de l&#8217;Advance fait un nouveau grand pas en avant. Plus particuli\u00e8rement, elle est d\u00e9sormais \u00e9quip\u00e9e du caoutchouc n\u00e9opr\u00e8ne YAMAMOTO le plus performant au monde. Tout en conservant son prix modeste, la combinaison Advance est le choix parfait pour les nageurs d\u00e9butants ou interm\u00e9diaires \u00e0 la recherche d&#8217;une combinaison confortable et performante pour l&#8217;entra\u00eenement, la comp\u00e9tition ou simplement l&#8217;exploration de l&#8217;eau libre.  <\/p>\n<p>10 mat\u00e9riaux diff\u00e9rents sont utilis\u00e9s dans la combinaison Advance, pour garantir un maximum de performance, de confort et de durabilit\u00e9 tout en maintenant un prix bas.Il n&#8217;y a pas de panneaux en nylon ni de coutures flatlock externes, afin d&#8217;emp\u00eacher l&#8217;eau de p\u00e9n\u00e9trer et d&#8217;am\u00e9liorer la vitesse et le confort.<\/p>\n<p>Apr\u00e8s avoir remport\u00e9 le prix &#8220;Best on Test&#8221;, le magazine 220 Triathlon a comment\u00e9 :<br \/>\n<em>L&#8217;Advance ne d\u00e9pareillerait pas face \u00e0 de nombreux produits de milieu de gamme deux fois plus chers. Un excellent appareil polyvalent \u00e0 un prix tr\u00e8s avantageux&#8221;. <\/em><\/p>\n","protected":false},"featured_media":65087,"template":"","meta":[],"product_brand":[],"product_cat":[306],"product_tag":[],"class_list":{"0":"post-65092","1":"product","2":"type-product","3":"status-publish","4":"has-post-thumbnail","6":"product_cat-wetsuit-neopren-fr","7":"pa_brand-zone3","9":"first","10":"instock","11":"shipping-taxable","12":"purchasable","13":"product-type-variable"},"_links":{"self":[{"href":"https:\/\/espacetriathlon.com\/fr\/wp-json\/wp\/v2\/product\/65092","targetHints":{"allow":["GET"]}}],"collection":[{"href":"https:\/\/espacetriathlon.com\/fr\/wp-json\/wp\/v2\/product"}],"about":[{"href":"https:\/\/espacetriathlon.com\/fr\/wp-json\/wp\/v2\/types\/product"}],"version-history":[{"count":0,"href":"https:\/\/espacetriathlon.com\/fr\/wp-json\/wp\/v2\/product\/65092\/revisions"}],"wp:featuredmedia":[{"embeddable":true,"href":"https:\/\/espacetriathlon.com\/fr\/wp-json\/wp\/v2\/media\/65087"}],"wp:attachment":[{"href":"https:\/\/espacetriathlon.com\/fr\/wp-json\/wp\/v2\/media?parent=65092"}],"wp:term":[{"taxonomy":"product_brand","embeddable":true,"href":"https:\/\/espacetriathlon.com\/fr\/wp-json\/wp\/v2\/product_brand?post=65092"},{"taxonomy":"product_cat","embeddable":true,"href":"https:\/\/espacetriathlon.com\/fr\/wp-json\/wp\/v2\/product_cat?post=65092"},{"taxonomy":"product_tag","embeddable":true,"href":"https:\/\/espacetriathlon.com\/fr\/wp-json\/wp\/v2\/product_tag?post=65092"}],"curies":[{"name":"wp","href":"https:\/\/api.w.org\/{rel}","templated":true}]}}