{"id":65383,"date":"2026-04-06T16:19:14","date_gmt":"2026-04-06T16:19:14","guid":{"rendered":"https:\/\/espacetriathlon.com\/product\/pro-racing-visor-star-wight-blue-green\/"},"modified":"2026-04-06T16:19:14","modified_gmt":"2026-04-06T16:19:14","slug":"pro-racing-visor-star-wight-blue-green","status":"publish","type":"product","link":"https:\/\/espacetriathlon.com\/fr\/product\/pro-racing-visor-star-wight-blue-green\/","title":{"rendered":"Pro racing Visor Star Wight\/Blue\/Green"},"content":{"rendered":"<p>Tissu mesh ultra-l\u00e9ger, perfor\u00e9 et \u00e0 s\u00e9chage rapide qui \u00e9vacue rapidement la transpiration et \u00e9vite la surchauffe lors d&#8217;activit\u00e9s sportives intenses<\/p>\n<p>Visi\u00e8re articul\u00e9e qui peut \u00eatre abaiss\u00e9e pour une protection solaire accrue ou relev\u00e9e pour \u00e9largir le champ de vision<\/p>\n<p>Coupe unisexe confortable et ergonomique gr\u00e2ce \u00e0 un large bandeau \u00e9lastique pour un maintien optimal&#8230;.<\/p>\n","protected":false},"excerpt":{"rendered":"<p>Visi\u00e8re de course ultra-l\u00e9g\u00e8re et ergonomique avec une visi\u00e8re articul\u00e9e et un bandeau ventil\u00e9 pour une protection solaire optimale pendant la comp\u00e9tition.<\/p>\n<p>&nbsp;<\/p>\n","protected":false},"featured_media":65370,"template":"","meta":[],"product_brand":[],"product_cat":[1711,300],"product_tag":[],"class_list":{"0":"post-65383","1":"product","2":"type-product","3":"status-publish","4":"has-post-thumbnail","6":"product_cat-accessories-tri-3","7":"product_cat-run-accessories-triathlon-fr","8":"product_shipping_class-petitarticle-fr","9":"pa_brand-compressport","11":"first","12":"instock","13":"shipping-taxable","14":"purchasable","15":"product-type-simple"},"_links":{"self":[{"href":"https:\/\/espacetriathlon.com\/fr\/wp-json\/wp\/v2\/product\/65383","targetHints":{"allow":["GET"]}}],"collection":[{"href":"https:\/\/espacetriathlon.com\/fr\/wp-json\/wp\/v2\/product"}],"about":[{"href":"https:\/\/espacetriathlon.com\/fr\/wp-json\/wp\/v2\/types\/product"}],"version-history":[{"count":0,"href":"https:\/\/espacetriathlon.com\/fr\/wp-json\/wp\/v2\/product\/65383\/revisions"}],"wp:featuredmedia":[{"embeddable":true,"href":"https:\/\/espacetriathlon.com\/fr\/wp-json\/wp\/v2\/media\/65370"}],"wp:attachment":[{"href":"https:\/\/espacetriathlon.com\/fr\/wp-json\/wp\/v2\/media?parent=65383"}],"wp:term":[{"taxonomy":"product_brand","embeddable":true,"href":"https:\/\/espacetriathlon.com\/fr\/wp-json\/wp\/v2\/product_brand?post=65383"},{"taxonomy":"product_cat","embeddable":true,"href":"https:\/\/espacetriathlon.com\/fr\/wp-json\/wp\/v2\/product_cat?post=65383"},{"taxonomy":"product_tag","embeddable":true,"href":"https:\/\/espacetriathlon.com\/fr\/wp-json\/wp\/v2\/product_tag?post=65383"}],"curies":[{"name":"wp","href":"https:\/\/api.w.org\/{rel}","templated":true}]}}