{"id":65443,"date":"2026-04-07T18:28:16","date_gmt":"2026-04-07T18:28:16","guid":{"rendered":"https:\/\/espacetriathlon.com\/?post_type=product&#038;p=65443"},"modified":"2026-04-07T18:31:08","modified_gmt":"2026-04-07T18:31:08","slug":"vision-femmes","status":"publish","type":"product","link":"https:\/\/espacetriathlon.com\/fr\/product\/vision-femmes\/","title":{"rendered":"Vision Femmes"},"content":{"rendered":"<p>  Meilleure combinaison de triathlon de 2024 par Triathlete.com : Reconnue pour ses performances exceptionnelles, son innovation et sa durabilit\u00e9.<br \/>\n  N\u00e9opr\u00e8ne Yamamoto 100 % B-Prene : mat\u00e9riau biod\u00e9gradable haute performance qui r\u00e9duit l&#8217;impact sur l&#8217;environnement.<br \/>\n  Panneau d&#8217;\u00e9paule X-10 en une seule pi\u00e8ce : Permet un mouvement sans restriction du bras pour une course naturelle et efficace, assurant que l&#8217;\u00e9nergie n&#8217;est pas gaspill\u00e9e \u00e0 chaque traction.<br \/>\n  B.R.E. Body Rotation Enhancement (Am\u00e9lioration de la rotation du corps) : Positionn\u00e9 sur la poitrine pour am\u00e9liorer l&#8217;efficacit\u00e9 du coup et rationaliser le roulis du corps, maximisant ainsi la distance par coup.<br \/>\n  Profil de flottabilit\u00e9 optimis\u00e9 : &#8211; Panneaux de flottabilit\u00e9 de 5 mm sur le torse et les jambes avant pour un soutien accru du tronc. &#8211; Les panneaux a\u00e9rodomes sur les hanches augmentent la flottabilit\u00e9 de 30 % pour une position plus a\u00e9rodynamique.<br \/>\n  Rev\u00eatement Super Composite Skin (SCS) : R\u00e9duit la tra\u00een\u00e9e \u00e0 0,021, permettant une nage plus rapide et plus efficace tout en emp\u00eachant l&#8217;absorption d&#8217;eau.<br \/>\n  Mat\u00e9riaux hautement extensibles : Construit \u00e0 partir de 10 mat\u00e9riaux diff\u00e9rents pour maximiser la flexibilit\u00e9, le confort et la durabilit\u00e9.<br \/>\n  Manchettes Pro Speed : Manchettes enduites pour un retrait rapide et sans couture de la combinaison.<br \/>\n  Con\u00e7ue pour tous les nageurs : Id\u00e9ale pour les d\u00e9butants, les athl\u00e8tes exp\u00e9riment\u00e9s et ceux qui souhaitent passer \u00e0 une combinaison plus souple et plus performante.<\/p>\n","protected":false},"excerpt":{"rendered":"<p>Des performances \u00e9quilibr\u00e9es &#8211; plus rapides, plus souples, plus efficaces.  <\/p>\n<p>Dans une \u00e9tude de cas ind\u00e9pendante de Loughborough Sport impliquant trois athl\u00e8tes, la combinaison Vision a produit des am\u00e9liorations constantes et mesurables des performances de natation. Les donn\u00e9es ont montr\u00e9 des temps plus rapides, une meilleure efficacit\u00e9 de la nage et une r\u00e9duction de la tension physiologique par rapport \u00e0 la natation sans combinaison.   <\/p>\n<p>Principaux r\u00e9sultats (moyenne sur 3 athl\u00e8tes)  <\/p>\n<p>+3,4 % plus rapide sur 750 m  <\/p>\n<p>Am\u00e9lioration de l&#8217;efficacit\u00e9 de +3,6  <\/p>\n<p>-R\u00e9duction de 12 % de la charge physiologique (lactate sanguin)  <\/p>\n","protected":false},"featured_media":65478,"template":"","meta":[],"product_brand":[],"product_cat":[306],"product_tag":[],"class_list":{"0":"post-65443","1":"product","2":"type-product","3":"status-publish","4":"has-post-thumbnail","6":"product_cat-wetsuit-neopren-fr","7":"pa_brand-zone3","9":"first","10":"instock","11":"shipping-taxable","12":"purchasable","13":"product-type-variable"},"_links":{"self":[{"href":"https:\/\/espacetriathlon.com\/fr\/wp-json\/wp\/v2\/product\/65443","targetHints":{"allow":["GET"]}}],"collection":[{"href":"https:\/\/espacetriathlon.com\/fr\/wp-json\/wp\/v2\/product"}],"about":[{"href":"https:\/\/espacetriathlon.com\/fr\/wp-json\/wp\/v2\/types\/product"}],"version-history":[{"count":2,"href":"https:\/\/espacetriathlon.com\/fr\/wp-json\/wp\/v2\/product\/65443\/revisions"}],"predecessor-version":[{"id":65485,"href":"https:\/\/espacetriathlon.com\/fr\/wp-json\/wp\/v2\/product\/65443\/revisions\/65485"}],"wp:featuredmedia":[{"embeddable":true,"href":"https:\/\/espacetriathlon.com\/fr\/wp-json\/wp\/v2\/media\/65478"}],"wp:attachment":[{"href":"https:\/\/espacetriathlon.com\/fr\/wp-json\/wp\/v2\/media?parent=65443"}],"wp:term":[{"taxonomy":"product_brand","embeddable":true,"href":"https:\/\/espacetriathlon.com\/fr\/wp-json\/wp\/v2\/product_brand?post=65443"},{"taxonomy":"product_cat","embeddable":true,"href":"https:\/\/espacetriathlon.com\/fr\/wp-json\/wp\/v2\/product_cat?post=65443"},{"taxonomy":"product_tag","embeddable":true,"href":"https:\/\/espacetriathlon.com\/fr\/wp-json\/wp\/v2\/product_tag?post=65443"}],"curies":[{"name":"wp","href":"https:\/\/api.w.org\/{rel}","templated":true}]}}