{"id":65520,"date":"2026-04-07T18:58:03","date_gmt":"2026-04-07T18:58:03","guid":{"rendered":"https:\/\/espacetriathlon.com\/product\/active-flex-buoyancy-jammer\/"},"modified":"2026-04-07T18:58:03","modified_gmt":"2026-04-07T18:58:03","slug":"active-flex-buoyancy-jammer","status":"publish","type":"product","link":"https:\/\/espacetriathlon.com\/fr\/product\/active-flex-buoyancy-jammer\/","title":{"rendered":"Active-Flex Buoyancy Jammer"},"content":{"rendered":"<p>Caract\u00e9ristiques principales<br \/>\n&#8211; Design innovant : Con\u00e7u pour les nageurs d\u00e9butants afin d&#8217;am\u00e9liorer la technique de nage et le positionnement du corps.<br \/>\n&#8211; Sensation naturelle : Offre une exp\u00e9rience de nage plus naturelle que les bou\u00e9es de traction traditionnelles.<br \/>\n&#8211; Composition des mat\u00e9riaux : Comprend un panneau avant en peau lisse pour r\u00e9duire la tra\u00een\u00e9e, avec des panneaux lat\u00e9raux et arri\u00e8re en n\u00e9opr\u00e8ne doubl\u00e9 de nylon durable.<br \/>\n&#8211; Soutien renforc\u00e9 du tronc : Fournit une stabilit\u00e9 suppl\u00e9mentaire pour aider \u00e0 la posture et \u00e0 l&#8217;efficacit\u00e9 de la nage.<br \/>\n&#8211; Flottabilit\u00e9 optimis\u00e9e : Epaisseur des panneaux en n\u00e9opr\u00e8ne de 3\/2 mm pour une portance et une flottabilit\u00e9 \u00e9quilibr\u00e9es.<br \/>\n&#8211; Utilisation polyvalente : id\u00e9ale pour le d\u00e9veloppement des comp\u00e9tences et pour maximiser la valeur de l&#8217;entra\u00eenement dans l&#8217;eau.<\/p>\n","protected":false},"excerpt":{"rendered":"<p>Fabriqu\u00e9es avec des panneaux avant en peau lisse et des panneaux lat\u00e9raux et arri\u00e8re en n\u00e9opr\u00e8ne doubl\u00e9 de nylon, la combinaison des \u00e9paisseurs de 3 mm et de 2 mm offre un soutien sup\u00e9rieur au niveau du tronc. C&#8217;est le choix id\u00e9al pour ceux qui cherchent \u00e0 d\u00e9velopper leurs comp\u00e9tences en natation et \u00e0 maximiser leur potentiel. D\u00e9couvrez les avantages du short de flottabilit\u00e9 pour d\u00e9butants et am\u00e9liorez vos performances dans l&#8217;eau.<br \/>\nZone3<br \/>\nUnisexe  <\/p>\n","protected":false},"featured_media":65516,"template":"","meta":[],"product_brand":[],"product_cat":[270],"product_tag":[],"class_list":{"0":"post-65520","1":"product","2":"type-product","3":"status-publish","4":"has-post-thumbnail","6":"product_cat-openwater-fr","7":"pa_brand-zone3","8":"pa_size-s-fr","9":"pa_size-m-fr","10":"pa_size-l-fr","11":"pa_size-xl-fr","12":"pa_size-xxl-fr","14":"first","15":"instock","16":"shipping-taxable","17":"purchasable","18":"product-type-variable"},"_links":{"self":[{"href":"https:\/\/espacetriathlon.com\/fr\/wp-json\/wp\/v2\/product\/65520","targetHints":{"allow":["GET"]}}],"collection":[{"href":"https:\/\/espacetriathlon.com\/fr\/wp-json\/wp\/v2\/product"}],"about":[{"href":"https:\/\/espacetriathlon.com\/fr\/wp-json\/wp\/v2\/types\/product"}],"version-history":[{"count":0,"href":"https:\/\/espacetriathlon.com\/fr\/wp-json\/wp\/v2\/product\/65520\/revisions"}],"wp:featuredmedia":[{"embeddable":true,"href":"https:\/\/espacetriathlon.com\/fr\/wp-json\/wp\/v2\/media\/65516"}],"wp:attachment":[{"href":"https:\/\/espacetriathlon.com\/fr\/wp-json\/wp\/v2\/media?parent=65520"}],"wp:term":[{"taxonomy":"product_brand","embeddable":true,"href":"https:\/\/espacetriathlon.com\/fr\/wp-json\/wp\/v2\/product_brand?post=65520"},{"taxonomy":"product_cat","embeddable":true,"href":"https:\/\/espacetriathlon.com\/fr\/wp-json\/wp\/v2\/product_cat?post=65520"},{"taxonomy":"product_tag","embeddable":true,"href":"https:\/\/espacetriathlon.com\/fr\/wp-json\/wp\/v2\/product_tag?post=65520"}],"curies":[{"name":"wp","href":"https:\/\/api.w.org\/{rel}","templated":true}]}}