{"id":65550,"date":"2026-04-07T19:43:48","date_gmt":"2026-04-07T19:43:48","guid":{"rendered":"https:\/\/espacetriathlon.com\/product\/peignoir-thermotech\/"},"modified":"2026-04-07T19:43:48","modified_gmt":"2026-04-07T19:43:48","slug":"peignoir-thermotech","status":"publish","type":"product","link":"https:\/\/espacetriathlon.com\/fr\/product\/peignoir-thermotech\/","title":{"rendered":"Peignoir Thermotech"},"content":{"rendered":"<p>Key Features<\/p>\n<p>  Doublure et ext\u00e9rieur en polyester recycl\u00e9 : Mat\u00e9riaux durables pour des performances durables.<br \/>\n  Doublure en polaire Sherpa : \u00c9limine l&#8217;humidit\u00e9, emprisonne la chaleur et offre une sensation de douceur et de confort au contact de la peau.<br \/>\n  Rev\u00eatement ext\u00e9rieur imperm\u00e9able : Trait\u00e9e avec BIONIC-FINISH\u00ae ECO pour une r\u00e9sistance avanc\u00e9e \u00e0 l&#8217;eau et au vent.<br \/>\n  Coupe fusel\u00e9e : Assure le confort et la libert\u00e9 de mouvement tout en conservant la chaleur.<br \/>\n  Rabat-temp\u00eate avec boutons-pression : Emp\u00eache le vent et la pluie de p\u00e9n\u00e9trer pour une protection accrue.<br \/>\n  Fermeture des poignets par crochets et boucles r\u00e9glables : Cr\u00e9e un joint \u00e9tanche et serr\u00e9.<br \/>\n  Capuche ajustable surdimensionn\u00e9e : offre une couverture suppl\u00e9mentaire et s&#8217;adapte confortablement par-dessus un bonnet.<br \/>\n  5 poches (2 zipp\u00e9es) : Comprend des compartiments zipp\u00e9s s\u00e9curis\u00e9s pour les objets de valeur et un vaste espace de rangement pour les objets essentiels.  <\/p>\n","protected":false},"excerpt":{"rendered":"<p>Con\u00e7u pour r\u00e9sister aux conditions m\u00e9t\u00e9orologiques les plus difficiles, le peignoir \u00e0 langer Thermo-Tech offre une chaleur et une protection imbattables. Dot\u00e9 d&#8217;un design durable et de caract\u00e9ristiques pratiques, ses mat\u00e9riaux imperm\u00e9ables et sa doublure en polaire \u00e9vacuant l&#8217;humidit\u00e9 vous gardent au chaud et au sec en toutes circonstances. <\/p>\n","protected":false},"featured_media":65546,"template":"","meta":[],"product_brand":[],"product_cat":[279],"product_tag":[],"class_list":{"0":"post-65550","1":"product","2":"type-product","3":"status-publish","4":"has-post-thumbnail","6":"product_cat-accessories-swim","7":"pa_brand-zone3","8":"pa_size-m-fr","9":"pa_size-l-fr","11":"first","12":"instock","13":"shipping-taxable","14":"purchasable","15":"product-type-variable"},"_links":{"self":[{"href":"https:\/\/espacetriathlon.com\/fr\/wp-json\/wp\/v2\/product\/65550","targetHints":{"allow":["GET"]}}],"collection":[{"href":"https:\/\/espacetriathlon.com\/fr\/wp-json\/wp\/v2\/product"}],"about":[{"href":"https:\/\/espacetriathlon.com\/fr\/wp-json\/wp\/v2\/types\/product"}],"version-history":[{"count":0,"href":"https:\/\/espacetriathlon.com\/fr\/wp-json\/wp\/v2\/product\/65550\/revisions"}],"wp:featuredmedia":[{"embeddable":true,"href":"https:\/\/espacetriathlon.com\/fr\/wp-json\/wp\/v2\/media\/65546"}],"wp:attachment":[{"href":"https:\/\/espacetriathlon.com\/fr\/wp-json\/wp\/v2\/media?parent=65550"}],"wp:term":[{"taxonomy":"product_brand","embeddable":true,"href":"https:\/\/espacetriathlon.com\/fr\/wp-json\/wp\/v2\/product_brand?post=65550"},{"taxonomy":"product_cat","embeddable":true,"href":"https:\/\/espacetriathlon.com\/fr\/wp-json\/wp\/v2\/product_cat?post=65550"},{"taxonomy":"product_tag","embeddable":true,"href":"https:\/\/espacetriathlon.com\/fr\/wp-json\/wp\/v2\/product_tag?post=65550"}],"curies":[{"name":"wp","href":"https:\/\/api.w.org\/{rel}","templated":true}]}}