{"id":65607,"date":"2026-04-07T20:00:31","date_gmt":"2026-04-07T20:00:31","guid":{"rendered":"https:\/\/espacetriathlon.com\/?post_type=product&#038;p=65607"},"modified":"2026-04-07T20:07:55","modified_gmt":"2026-04-07T20:07:55","slug":"vanquish-x-femmes","status":"publish","type":"product","link":"https:\/\/espacetriathlon.com\/fr\/product\/vanquish-x-femmes\/","title":{"rendered":"Vanquish-X Femmes"},"content":{"rendered":"<p>Key Features<\/p>\n<p>  ACCORD EXCLUSIF GLOBAL avec Yamamoto Corporation pour l&#8217;utilisation du mat\u00e9riau Bio-Rubber.<br \/>\n  NOUVELLE DOUBLURE ALPHA TITANIUM sur le haut du corps pour am\u00e9liorer la circulation et la chaleur, ainsi que SILK X pour faciliter les transitions.<br \/>\n  X-10 EXTREME SHOULDER PANEL design with new #40 SCS 1mm SCS nano.<br \/>\n  B.R.E BODY ROTATION ENHANCEMENT sur la poitrine pour am\u00e9liorer la distance par coup.<br \/>\n  BUOYANCY MAXIMUM avec l&#8217;a\u00e9rodome et les panneaux NBR.<br \/>\n  BRS MARK 0.3MM SCS sur la manche pour une rotation du bras ultra-l\u00e9g\u00e8re.<br \/>\n  COOL-SPOT FOREARM PANELS pour une meilleure sensation et une meilleure prise dans l&#8217;eau.<br \/>\n  MISE \u00c0 JOUR du collier et de la jambe pour am\u00e9liorer l&#8217;ajustement.<\/p>\n","protected":false},"excerpt":{"rendered":"<p>Efficacit\u00e9 prouv\u00e9e. Vitesse d&#8217;\u00e9lite. <\/p>\n<p>La combinaison Vanquish-X a \u00e9t\u00e9 la plus performante dans l&#8217;\u00e9tude ind\u00e9pendante de Loughborough Sport men\u00e9e aupr\u00e8s de trois athl\u00e8tes. Elle a apport\u00e9 des am\u00e9liorations mesurables dans tous les param\u00e8tres cl\u00e9s &#8211; efficacit\u00e9, vitesse et charge physiologique &#8211; confirmant son avantage en termes de performance au niveau de l&#8217;\u00e9lite.   <\/p>\n<p>Principaux r\u00e9sultats (moyenne sur 3 athl\u00e8tes)  <\/p>\n<p>Am\u00e9lioration de l&#8217;efficacit\u00e9 de +10,3  <\/p>\n<p>+5,2 % plus rapide sur 750 m  <\/p>\n<p>-R\u00e9duction de 25 % de la charge physiologique (lactate sanguin) <\/p>\n<p>Interpretation: <\/p>\n<p>La moyenne des r\u00e9sultats obtenus par trois athl\u00e8tes a montr\u00e9 que le Vanquish-X offrait les gains les plus importants en termes de performance et d&#8217;efficacit\u00e9, avec le co\u00fbt physiologique le plus faible. Ces r\u00e9sultats renforcent l&#8217;objectif de sa conception : offrir des gains marginaux mesurables et concrets aux athl\u00e8tes exp\u00e9riment\u00e9s.  <\/p>\n","protected":false},"featured_media":65632,"template":"","meta":[],"product_brand":[],"product_cat":[306],"product_tag":[],"class_list":{"0":"post-65607","1":"product","2":"type-product","3":"status-publish","4":"has-post-thumbnail","6":"product_cat-wetsuit-neopren-fr","7":"pa_brand-zone3","9":"first","10":"instock","11":"shipping-taxable","12":"purchasable","13":"product-type-variable"},"_links":{"self":[{"href":"https:\/\/espacetriathlon.com\/fr\/wp-json\/wp\/v2\/product\/65607","targetHints":{"allow":["GET"]}}],"collection":[{"href":"https:\/\/espacetriathlon.com\/fr\/wp-json\/wp\/v2\/product"}],"about":[{"href":"https:\/\/espacetriathlon.com\/fr\/wp-json\/wp\/v2\/types\/product"}],"version-history":[{"count":3,"href":"https:\/\/espacetriathlon.com\/fr\/wp-json\/wp\/v2\/product\/65607\/revisions"}],"predecessor-version":[{"id":65636,"href":"https:\/\/espacetriathlon.com\/fr\/wp-json\/wp\/v2\/product\/65607\/revisions\/65636"}],"wp:featuredmedia":[{"embeddable":true,"href":"https:\/\/espacetriathlon.com\/fr\/wp-json\/wp\/v2\/media\/65632"}],"wp:attachment":[{"href":"https:\/\/espacetriathlon.com\/fr\/wp-json\/wp\/v2\/media?parent=65607"}],"wp:term":[{"taxonomy":"product_brand","embeddable":true,"href":"https:\/\/espacetriathlon.com\/fr\/wp-json\/wp\/v2\/product_brand?post=65607"},{"taxonomy":"product_cat","embeddable":true,"href":"https:\/\/espacetriathlon.com\/fr\/wp-json\/wp\/v2\/product_cat?post=65607"},{"taxonomy":"product_tag","embeddable":true,"href":"https:\/\/espacetriathlon.com\/fr\/wp-json\/wp\/v2\/product_tag?post=65607"}],"curies":[{"name":"wp","href":"https:\/\/api.w.org\/{rel}","templated":true}]}}