{"id":65663,"date":"2026-04-08T19:36:34","date_gmt":"2026-04-08T19:36:34","guid":{"rendered":"https:\/\/espacetriathlon.com\/product\/gants-de-natation-thermo-tech\/"},"modified":"2026-04-08T19:36:34","modified_gmt":"2026-04-08T19:36:34","slug":"gants-de-natation-thermo-tech","status":"publish","type":"product","link":"https:\/\/espacetriathlon.com\/fr\/product\/gants-de-natation-thermo-tech\/","title":{"rendered":"Gants de natation Thermo-tech"},"content":{"rendered":"","protected":false},"excerpt":{"rendered":"<p><span id=\"prodDescEn\" class=\"\">La fonction principale des gants de natation Thermo Tech Warmth est de vous permettre d&#8217;enfiler et d&#8217;enlever les gants avec une grande facilit\u00e9. Adapt\u00e9es aux conditions extr\u00eamement froides, elles peuvent \u00eatre port\u00e9es par-dessus des gants en n\u00e9opr\u00e8ne pour isoler vos mains du froid. En n\u00e9opr\u00e8ne de 3,5 mm, avec une double doublure sur la paume pour plus de chaleur et une bande imprim\u00e9e sur la paume pour plus d&#8217;adh\u00e9rence. Le poignet allong\u00e9 pour une couverture suppl\u00e9mentaire vous permet de rester au chaud et au sec gr\u00e2ce au mat\u00e9riau en n\u00e9opr\u00e8ne rembourr\u00e9 et \u00e0 un ajustement s\u00fbr.   <\/span><\/p>\n","protected":false},"featured_media":65658,"template":"","meta":[],"product_brand":[],"product_cat":[270],"product_tag":[],"class_list":{"0":"post-65663","1":"product","2":"type-product","3":"status-publish","4":"has-post-thumbnail","6":"product_cat-openwater-fr","7":"pa_brand-zone3","8":"pa_size-s-fr","9":"pa_size-m-fr","10":"pa_size-l-fr","12":"first","13":"instock","14":"shipping-taxable","15":"purchasable","16":"product-type-variable"},"_links":{"self":[{"href":"https:\/\/espacetriathlon.com\/fr\/wp-json\/wp\/v2\/product\/65663","targetHints":{"allow":["GET"]}}],"collection":[{"href":"https:\/\/espacetriathlon.com\/fr\/wp-json\/wp\/v2\/product"}],"about":[{"href":"https:\/\/espacetriathlon.com\/fr\/wp-json\/wp\/v2\/types\/product"}],"version-history":[{"count":0,"href":"https:\/\/espacetriathlon.com\/fr\/wp-json\/wp\/v2\/product\/65663\/revisions"}],"wp:featuredmedia":[{"embeddable":true,"href":"https:\/\/espacetriathlon.com\/fr\/wp-json\/wp\/v2\/media\/65658"}],"wp:attachment":[{"href":"https:\/\/espacetriathlon.com\/fr\/wp-json\/wp\/v2\/media?parent=65663"}],"wp:term":[{"taxonomy":"product_brand","embeddable":true,"href":"https:\/\/espacetriathlon.com\/fr\/wp-json\/wp\/v2\/product_brand?post=65663"},{"taxonomy":"product_cat","embeddable":true,"href":"https:\/\/espacetriathlon.com\/fr\/wp-json\/wp\/v2\/product_cat?post=65663"},{"taxonomy":"product_tag","embeddable":true,"href":"https:\/\/espacetriathlon.com\/fr\/wp-json\/wp\/v2\/product_tag?post=65663"}],"curies":[{"name":"wp","href":"https:\/\/api.w.org\/{rel}","templated":true}]}}