{"id":65697,"date":"2026-04-08T19:43:03","date_gmt":"2026-04-08T19:43:03","guid":{"rendered":"https:\/\/espacetriathlon.com\/product\/bonnet-de-bain-heat-tech\/"},"modified":"2026-04-08T19:43:03","modified_gmt":"2026-04-08T19:43:03","slug":"bonnet-de-bain-heat-tech","status":"publish","type":"product","link":"https:\/\/espacetriathlon.com\/fr\/product\/bonnet-de-bain-heat-tech\/","title":{"rendered":"Bonnet de bain Heat-Tech"},"content":{"rendered":"<h2><strong><span data-preserver-spaces=\"true\">LES D\u00c9TAILS :<\/span><\/strong><\/h2>\n<ul>\n<li><span data-preserver-spaces=\"true\">Doublure Heat-tech pour des propri\u00e9t\u00e9s thermiques accrues<\/span><\/li>\n<li><span data-preserver-spaces=\"true\">Bande velcro sous le menton<\/span><\/li>\n<li><span data-preserver-spaces=\"true\">Mat\u00e9riau Yamamoto Smoothskin de haute qualit\u00e9 (4 mm)<\/span><\/li>\n<li><span data-preserver-spaces=\"true\">Fait partie d&#8217;une gamme d&#8217;accessoires en n\u00e9opr\u00e8ne con\u00e7us pour l&#8217;entra\u00eenement tout au long de l&#8217;ann\u00e9e.<\/span><\/li>\n<\/ul>\n<h2><strong><span data-preserver-spaces=\"true\">LES AVANTAGES :<br \/>\n<\/span><\/strong><\/h2>\n<ul>\n<li><span data-preserver-spaces=\"true\">S&#8217;adapte \u00e0 une grande vari\u00e9t\u00e9 de tailles de t\u00eate<\/span><\/li>\n<li><span data-preserver-spaces=\"true\">Chaleur accrue pour vos nages en eau libre les plus froides<\/span><\/li>\n<li><span data-preserver-spaces=\"true\">Conception hydrodynamique \u00e0 faible tra\u00een\u00e9e<\/span><\/li>\n<\/ul>\n","protected":false},"excerpt":{"rendered":"<p><span id=\"prodDescEn\" class=\"\"><span data-preserver-spaces=\"true\">Tous ceux qui ont d\u00e9j\u00e0 eu l&#8217;impression de se geler le cerveau en nageant dans l&#8217;eau froide savent \u00e0 quel point les bonnets de triathlon peuvent \u00eatre utiles pour vous aider \u00e0 avancer ! Notre bonnet de natation Heat-Tech Warmth en n\u00e9opr\u00e8ne offre une isolation doubl\u00e9e de polaire tout en maintenant une hydrodynamique optimale dans l&#8217;eau. <\/span><\/span><\/p>\n","protected":false},"featured_media":65680,"template":"","meta":[],"product_brand":[],"product_cat":[270],"product_tag":[],"class_list":{"0":"post-65697","1":"product","2":"type-product","3":"status-publish","4":"has-post-thumbnail","6":"product_cat-openwater-fr","7":"pa_brand-zone3","8":"pa_size-s-fr","9":"pa_size-m-fr","10":"pa_size-l-fr","12":"first","13":"instock","14":"shipping-taxable","15":"purchasable","16":"product-type-variable"},"_links":{"self":[{"href":"https:\/\/espacetriathlon.com\/fr\/wp-json\/wp\/v2\/product\/65697","targetHints":{"allow":["GET"]}}],"collection":[{"href":"https:\/\/espacetriathlon.com\/fr\/wp-json\/wp\/v2\/product"}],"about":[{"href":"https:\/\/espacetriathlon.com\/fr\/wp-json\/wp\/v2\/types\/product"}],"version-history":[{"count":0,"href":"https:\/\/espacetriathlon.com\/fr\/wp-json\/wp\/v2\/product\/65697\/revisions"}],"wp:featuredmedia":[{"embeddable":true,"href":"https:\/\/espacetriathlon.com\/fr\/wp-json\/wp\/v2\/media\/65680"}],"wp:attachment":[{"href":"https:\/\/espacetriathlon.com\/fr\/wp-json\/wp\/v2\/media?parent=65697"}],"wp:term":[{"taxonomy":"product_brand","embeddable":true,"href":"https:\/\/espacetriathlon.com\/fr\/wp-json\/wp\/v2\/product_brand?post=65697"},{"taxonomy":"product_cat","embeddable":true,"href":"https:\/\/espacetriathlon.com\/fr\/wp-json\/wp\/v2\/product_cat?post=65697"},{"taxonomy":"product_tag","embeddable":true,"href":"https:\/\/espacetriathlon.com\/fr\/wp-json\/wp\/v2\/product_tag?post=65697"}],"curies":[{"name":"wp","href":"https:\/\/api.w.org\/{rel}","templated":true}]}}