{"id":65724,"date":"2026-04-08T20:02:28","date_gmt":"2026-04-08T20:02:28","guid":{"rendered":"https:\/\/espacetriathlon.com\/product\/chaussettes-de-natation-active-flex\/"},"modified":"2026-04-08T20:02:28","modified_gmt":"2026-04-08T20:02:28","slug":"chaussettes-de-natation-active-flex","status":"publish","type":"product","link":"https:\/\/espacetriathlon.com\/fr\/product\/chaussettes-de-natation-active-flex\/","title":{"rendered":"Chaussettes de natation Active-Flex"},"content":{"rendered":"<div id=\"shopify-section-template--25852196487549__zone3_text_cMzMjh\" class=\"shopify-section zone3__section-title\">\n<div id=\"zone3-section-text-template--25852196487549__zone3_text_cMzMjh\" class=\"zone3__section-text\">\n<div class=\"zone3__section-text__inner px-4 md:px-8 grid grid-cols-12 gap-8 w-full\">\n<div>\n<div class=\" spacing-style text-block text-block--AdGlxc2M2K1BVL3UyZ__text_4BKn3F custom text-block--align-left text-block--full-width custom-typography custom-font-size custom-color \">\n<p>Key Features<\/p>\n<\/div>\n<\/div>\n<\/div>\n<\/div>\n<\/div>\n<div id=\"shopify-section-template--25852196487549__zone3_text_J9fTnx\" class=\"shopify-section zone3__section-title\">\n<div id=\"zone3-section-text-template--25852196487549__zone3_text_J9fTnx\" class=\"zone3__section-text\">\n<div class=\"zone3__section-text__inner px-4 md:px-8 grid grid-cols-12 gap-8 w-full\">\n<div>\n<div class=\" spacing-style text-block text-block--AUHpEMFdINW9zZHpYV__text_DqGhKT custom text-block--align-left text-block--full-width custom-typography custom-font-size custom-color \">\n<div class=\"metafield-rich_text_field\">\n<ol>\n<li><strong>N\u00e9opr\u00e8ne chaud et extensible de 3 mm :<\/strong> Isolation thermique et flexibilit\u00e9.<\/li>\n<li><strong>Semelle ergonomique durable :<\/strong> am\u00e9liore le confort et la r\u00e9sistance \u00e0 l&#8217;abrasion.<\/li>\n<li><strong>Conception \u00e0 bouts fendus :<\/strong> Am\u00e9liore l&#8217;adh\u00e9rence, le confort et r\u00e9duit la fatigue du pied.<\/li>\n<li><strong>Manchette allong\u00e9e<\/strong> &#8211; Pour plus de chaleur et de protection.<\/li>\n<li><strong>Sangle velcro r\u00e9glable<\/strong> &#8211; S\u00e9curise l&#8217;ajustement, emp\u00eachant les mouvements et le glissement.<\/li>\n<\/ol>\n<\/div>\n<\/div>\n<\/div>\n<\/div>\n<\/div>\n<\/div>\n","protected":false},"excerpt":{"rendered":"<p>Les chaussettes en n\u00e9opr\u00e8ne Active-Flex offrent une isolation thermique de 3 mm pour la chaleur et la flexibilit\u00e9 dans l&#8217;eau. Con\u00e7ues pour le confort et la durabilit\u00e9, elles sont dot\u00e9es d&#8217;une semelle ergonomique durable qui am\u00e9liore l&#8217;adh\u00e9rence et la protection. La conception en deux parties des orteils am\u00e9liore la stabilit\u00e9 et le contr\u00f4le, en particulier pour les sports de glisse. Les coutures coll\u00e9es et aveugles assurent l&#8217;\u00e9tanch\u00e9it\u00e9, gardant les pieds au chaud et prot\u00e9g\u00e9s. Une bande velcro r\u00e9glable assure un maintien s\u00fbr, emp\u00eachant les chaussettes de bouger ou de glisser pendant l&#8217;activit\u00e9. Parfaites pour la natation, le surf, le paddleboard et d&#8217;autres sports nautiques.     <\/p>\n","protected":false},"featured_media":65718,"template":"","meta":[],"product_brand":[],"product_cat":[270],"product_tag":[],"class_list":{"0":"post-65724","1":"product","2":"type-product","3":"status-publish","4":"has-post-thumbnail","6":"product_cat-openwater-fr","7":"pa_brand-zone3","8":"pa_size-s-fr","9":"pa_size-m-fr","10":"pa_size-l-fr","12":"first","13":"instock","14":"shipping-taxable","15":"purchasable","16":"product-type-variable"},"_links":{"self":[{"href":"https:\/\/espacetriathlon.com\/fr\/wp-json\/wp\/v2\/product\/65724","targetHints":{"allow":["GET"]}}],"collection":[{"href":"https:\/\/espacetriathlon.com\/fr\/wp-json\/wp\/v2\/product"}],"about":[{"href":"https:\/\/espacetriathlon.com\/fr\/wp-json\/wp\/v2\/types\/product"}],"version-history":[{"count":0,"href":"https:\/\/espacetriathlon.com\/fr\/wp-json\/wp\/v2\/product\/65724\/revisions"}],"wp:featuredmedia":[{"embeddable":true,"href":"https:\/\/espacetriathlon.com\/fr\/wp-json\/wp\/v2\/media\/65718"}],"wp:attachment":[{"href":"https:\/\/espacetriathlon.com\/fr\/wp-json\/wp\/v2\/media?parent=65724"}],"wp:term":[{"taxonomy":"product_brand","embeddable":true,"href":"https:\/\/espacetriathlon.com\/fr\/wp-json\/wp\/v2\/product_brand?post=65724"},{"taxonomy":"product_cat","embeddable":true,"href":"https:\/\/espacetriathlon.com\/fr\/wp-json\/wp\/v2\/product_cat?post=65724"},{"taxonomy":"product_tag","embeddable":true,"href":"https:\/\/espacetriathlon.com\/fr\/wp-json\/wp\/v2\/product_tag?post=65724"}],"curies":[{"name":"wp","href":"https:\/\/api.w.org\/{rel}","templated":true}]}}