{"id":65750,"date":"2026-04-08T20:16:27","date_gmt":"2026-04-08T20:16:27","guid":{"rendered":"https:\/\/espacetriathlon.com\/product\/gants-de-natation-active-flex\/"},"modified":"2026-04-08T20:16:27","modified_gmt":"2026-04-08T20:16:27","slug":"gants-de-natation-active-flex","status":"publish","type":"product","link":"https:\/\/espacetriathlon.com\/fr\/product\/gants-de-natation-active-flex\/","title":{"rendered":"Gants de natation Active-Flex"},"content":{"rendered":"<div id=\"shopify-section-template--25852196487549__zone3_text_cMzMjh\" class=\"shopify-section zone3__section-title\">\n<div id=\"zone3-section-text-template--25852196487549__zone3_text_cMzMjh\" class=\"zone3__section-text\">\n<div class=\"zone3__section-text__inner px-4 md:px-8 grid grid-cols-12 gap-8 w-full\">\n<div>\n<div class=\" spacing-style text-block text-block--AdGlxc2M2K1BVL3UyZ__text_4BKn3F custom text-block--align-left text-block--full-width custom-typography custom-font-size custom-color \">\n<p>Key Features<\/p>\n<\/div>\n<\/div>\n<\/div>\n<\/div>\n<\/div>\n<div id=\"shopify-section-template--25852196487549__zone3_text_J9fTnx\" class=\"shopify-section zone3__section-title\">\n<div id=\"zone3-section-text-template--25852196487549__zone3_text_J9fTnx\" class=\"zone3__section-text\">\n<div class=\"zone3__section-text__inner px-4 md:px-8 grid grid-cols-12 gap-8 w-full\">\n<div>\n<div class=\" spacing-style text-block text-block--AUHpEMFdINW9zZHpYV__text_DqGhKT custom text-block--align-left text-block--full-width custom-typography custom-font-size custom-color \">\n<div class=\"metafield-rich_text_field\">\n<ol>\n<li><strong>Conception multisports : <\/strong>Id\u00e9al pour la natation, le SUP, le surf, le cano\u00eb et d&#8217;autres sports nautiques.<\/li>\n<li><strong>N\u00e9opr\u00e8ne chaud et extensible de 3 mm :<\/strong> Isolation thermique avec une flexibilit\u00e9 totale.<\/li>\n<li><strong>Paume en encre sur\u00e9lev\u00e9e :<\/strong> Am\u00e9liore l&#8217;adh\u00e9rence dans les conditions humides et glissantes.<\/li>\n<li><strong>Coutures \u00e9tanches :<\/strong> Emp\u00eache la p\u00e9n\u00e9tration de l&#8217;eau pour une chaleur et un confort durables.<\/li>\n<li><strong>Poignets allong\u00e9s<\/strong> &#8211; Pour une couverture et une chaleur accrues.<\/li>\n<li><strong>Bande velcro :<\/strong> Emp\u00eache les mouvements et le glissement, garantissant un ajustement s\u00fbr et verrouill\u00e9.<\/li>\n<\/ol>\n<\/div>\n<\/div>\n<\/div>\n<\/div>\n<\/div>\n<\/div>\n","protected":false},"excerpt":{"rendered":"<p>Con\u00e7us pour les conditions plus froides, les gants en n\u00e9opr\u00e8ne Active-Flex offrent une isolation thermique de 3 mm tout en restant souples. La paume \u00e0 encre sur\u00e9lev\u00e9e am\u00e9liore l&#8217;adh\u00e9rence dans les conditions humides, ce qui en fait un gant id\u00e9al pour les sports de pagaie et le surf, o\u00f9 il est essentiel d&#8217;avoir un bon niveau de contr\u00f4le. Les coutures coll\u00e9es et aveugles de haute qualit\u00e9 garantissent un joint \u00e9tanche pour une chaleur fiable. Ces gants offrent \u00e0 la fois confort et durabilit\u00e9, prot\u00e9geant vos mains \u00e0 chaque session.   <\/p>\n","protected":false},"featured_media":65745,"template":"","meta":[],"product_brand":[],"product_cat":[270],"product_tag":[],"class_list":{"0":"post-65750","1":"product","2":"type-product","3":"status-publish","4":"has-post-thumbnail","6":"product_cat-openwater-fr","7":"pa_brand-zone3","8":"pa_size-s-fr","9":"pa_size-m-fr","10":"pa_size-l-fr","12":"first","13":"instock","14":"shipping-taxable","15":"purchasable","16":"product-type-variable"},"_links":{"self":[{"href":"https:\/\/espacetriathlon.com\/fr\/wp-json\/wp\/v2\/product\/65750","targetHints":{"allow":["GET"]}}],"collection":[{"href":"https:\/\/espacetriathlon.com\/fr\/wp-json\/wp\/v2\/product"}],"about":[{"href":"https:\/\/espacetriathlon.com\/fr\/wp-json\/wp\/v2\/types\/product"}],"version-history":[{"count":0,"href":"https:\/\/espacetriathlon.com\/fr\/wp-json\/wp\/v2\/product\/65750\/revisions"}],"wp:featuredmedia":[{"embeddable":true,"href":"https:\/\/espacetriathlon.com\/fr\/wp-json\/wp\/v2\/media\/65745"}],"wp:attachment":[{"href":"https:\/\/espacetriathlon.com\/fr\/wp-json\/wp\/v2\/media?parent=65750"}],"wp:term":[{"taxonomy":"product_brand","embeddable":true,"href":"https:\/\/espacetriathlon.com\/fr\/wp-json\/wp\/v2\/product_brand?post=65750"},{"taxonomy":"product_cat","embeddable":true,"href":"https:\/\/espacetriathlon.com\/fr\/wp-json\/wp\/v2\/product_cat?post=65750"},{"taxonomy":"product_tag","embeddable":true,"href":"https:\/\/espacetriathlon.com\/fr\/wp-json\/wp\/v2\/product_tag?post=65750"}],"curies":[{"name":"wp","href":"https:\/\/api.w.org\/{rel}","templated":true}]}}