{"id":65775,"date":"2026-04-08T20:22:57","date_gmt":"2026-04-08T20:22:57","guid":{"rendered":"https:\/\/espacetriathlon.com\/product\/active-flex-swim-beanies\/"},"modified":"2026-04-08T20:22:57","modified_gmt":"2026-04-08T20:22:57","slug":"active-flex-swim-beanies","status":"publish","type":"product","link":"https:\/\/espacetriathlon.com\/fr\/product\/active-flex-swim-beanies\/","title":{"rendered":"Active-Flex Swim Beanies"},"content":{"rendered":"<div id=\"shopify-section-template--25852196487549__zone3_text_cMzMjh\" class=\"shopify-section zone3__section-title\">\n<div id=\"zone3-section-text-template--25852196487549__zone3_text_cMzMjh\" class=\"zone3__section-text\">\n<div class=\"zone3__section-text__inner px-4 md:px-8 grid grid-cols-12 gap-8 w-full\">\n<div>\n<div class=\" spacing-style text-block text-block--AdGlxc2M2K1BVL3UyZ__text_4BKn3F custom text-block--align-left text-block--full-width custom-typography custom-font-size custom-color \">\n<p>Key Features<\/p>\n<\/div>\n<\/div>\n<\/div>\n<\/div>\n<\/div>\n<div id=\"shopify-section-template--25852196487549__zone3_text_J9fTnx\" class=\"shopify-section zone3__section-title\">\n<div id=\"zone3-section-text-template--25852196487549__zone3_text_J9fTnx\" class=\"zone3__section-text\">\n<div class=\"zone3__section-text__inner px-4 md:px-8 grid grid-cols-12 gap-8 w-full\">\n<div>\n<div class=\" spacing-style text-block text-block--AUHpEMFdINW9zZHpYV__text_DqGhKT custom text-block--align-left text-block--full-width custom-typography custom-font-size custom-color \">\n<div class=\"metafield-rich_text_field\">\n<ol>\n<li><strong>N\u00e9opr\u00e8ne chaud et extensible de 2 mm :<\/strong> Assure l&#8217;isolation thermique et la flexibilit\u00e9.<\/li>\n<li><strong>Ourlet r\u00e9glable<\/strong>: Garantit une coupe ajust\u00e9e et confortable.<\/li>\n<li><strong>Coutures \u00e9tanches<\/strong>: Emp\u00eache l&#8217;eau de p\u00e9n\u00e9trer pour une chaleur et un confort durables.<\/li>\n<\/ol>\n<\/div>\n<\/div>\n<\/div>\n<\/div>\n<\/div>\n<\/div>\n","protected":false},"excerpt":{"rendered":"<p>Le bonnet en n\u00e9opr\u00e8ne Active-Flex offre une isolation thermique et un confort sup\u00e9rieurs. Fabriqu\u00e9 en n\u00e9opr\u00e8ne extensible de 2 mm, il garantit la chaleur sans restreindre les mouvements. L&#8217;ourlet r\u00e9glable offre un ajustement s\u00fbr, tandis que les coutures coll\u00e9es et cousues \u00e0 l&#8217;aveugle emp\u00eachent l&#8217;eau de p\u00e9n\u00e9trer, pour une protection fiable dans les conditions les plus froides. Parfait pour toute une s\u00e9rie d&#8217;activit\u00e9s aquatiques, ce bonnet est indispensable aux amateurs d&#8217;activit\u00e9s de plein air.   <\/p>\n","protected":false},"featured_media":65766,"template":"","meta":[],"product_brand":[],"product_cat":[270],"product_tag":[],"class_list":{"0":"post-65775","1":"product","2":"type-product","3":"status-publish","4":"has-post-thumbnail","6":"product_cat-openwater-fr","7":"pa_brand-zone3","8":"pa_size_cap-s-m-fr","9":"pa_size_cap-l-xl-fr","11":"first","12":"instock","13":"shipping-taxable","14":"purchasable","15":"product-type-variable"},"_links":{"self":[{"href":"https:\/\/espacetriathlon.com\/fr\/wp-json\/wp\/v2\/product\/65775","targetHints":{"allow":["GET"]}}],"collection":[{"href":"https:\/\/espacetriathlon.com\/fr\/wp-json\/wp\/v2\/product"}],"about":[{"href":"https:\/\/espacetriathlon.com\/fr\/wp-json\/wp\/v2\/types\/product"}],"version-history":[{"count":0,"href":"https:\/\/espacetriathlon.com\/fr\/wp-json\/wp\/v2\/product\/65775\/revisions"}],"wp:featuredmedia":[{"embeddable":true,"href":"https:\/\/espacetriathlon.com\/fr\/wp-json\/wp\/v2\/media\/65766"}],"wp:attachment":[{"href":"https:\/\/espacetriathlon.com\/fr\/wp-json\/wp\/v2\/media?parent=65775"}],"wp:term":[{"taxonomy":"product_brand","embeddable":true,"href":"https:\/\/espacetriathlon.com\/fr\/wp-json\/wp\/v2\/product_brand?post=65775"},{"taxonomy":"product_cat","embeddable":true,"href":"https:\/\/espacetriathlon.com\/fr\/wp-json\/wp\/v2\/product_cat?post=65775"},{"taxonomy":"product_tag","embeddable":true,"href":"https:\/\/espacetriathlon.com\/fr\/wp-json\/wp\/v2\/product_tag?post=65775"}],"curies":[{"name":"wp","href":"https:\/\/api.w.org\/{rel}","templated":true}]}}