{"id":65940,"date":"2026-04-17T18:33:22","date_gmt":"2026-04-17T18:33:22","guid":{"rendered":"https:\/\/espacetriathlon.com\/product\/manchons-aerodynamiques-pour-mollets-aeroforce-x-ii\/"},"modified":"2026-04-17T18:33:22","modified_gmt":"2026-04-17T18:33:22","slug":"manchons-aerodynamiques-pour-mollets-aeroforce-x-ii","status":"publish","type":"product","link":"https:\/\/espacetriathlon.com\/fr\/product\/manchons-aerodynamiques-pour-mollets-aeroforce-x-ii\/","title":{"rendered":"Manchons a\u00e9rodynamiques pour mollets Aeroforce-X II"},"content":{"rendered":"<p>Caract\u00e9ristiques principales<\/p>\n<p> Fabriqu\u00e9 par NOPINZ : D\u00e9velopp\u00e9 par des sp\u00e9cialistes des v\u00eatements de performance a\u00e9rodynamique.<br \/>\n Optimisation a\u00e9rodynamique de la partie inf\u00e9rieure des jambes : Con\u00e7ue pour r\u00e9duire les perturbations du flux d&#8217;air autour du mollet afin d&#8217;am\u00e9liorer l&#8217;efficacit\u00e9 sur le v\u00e9lo.<br \/>\n Tissu con\u00e7u pour la circulation de l&#8217;air : Favorise un flux d&#8217;air contr\u00f4l\u00e9 \u00e0 la vitesse sans compromettre le confort.<br \/>\n Tissu l\u00e9ger \u00e0 s\u00e9chage rapide : Minimise la r\u00e9tention d&#8217;eau et favorise le confort le jour de la course.<br \/>\n Zones en mesh respirant : Favorisent la ventilation et la r\u00e9gulation de la temp\u00e9rature pendant les efforts soutenus.<br \/>\n Ajustement de pr\u00e9cision pour la course : Forme profil\u00e9e con\u00e7ue pour s&#8217;adapter en douceur \u00e0 la partie inf\u00e9rieure de la jambe sans limiter les mouvements.<br \/>\n Grippeur sup\u00e9rieur en silicone : Maintient un positionnement s\u00fbr tout au long de la jambe de v\u00e9lo.<\/p>\n","protected":false},"excerpt":{"rendered":"<p>D\u00e9velopp\u00e9s en collaboration avec NOPINZ, leader dans l&#8217;ing\u00e9nierie des v\u00eatements a\u00e9rodynamiques, les manchons de mollets a\u00e9rodynamiques Aeroforce-X II sont con\u00e7us pour optimiser la circulation de l&#8217;air autour du mollet pendant les courses \u00e0 grande vitesse. La partie inf\u00e9rieure de la jambe contribue de mani\u00e8re significative \u00e0 la tra\u00een\u00e9e a\u00e9rodynamique, et l&#8217;am\u00e9lioration de l&#8217;\u00e9coulement de l&#8217;air dans cette zone peut am\u00e9liorer l&#8217;efficacit\u00e9 globale de la conduite sur la distance de la course. <\/p>\n<p>Les manches utilisent un tissu technique l\u00e9ger, \u00e0 s\u00e9chage rapide, con\u00e7u pour favoriser un flux d&#8217;air contr\u00f4l\u00e9 tout en restant respirant \u00e0 l&#8217;intensit\u00e9 de la course. Les zones en mesh int\u00e9gr\u00e9es favorisent la ventilation et la r\u00e9gulation de la temp\u00e9rature sans compromettre le profil a\u00e9rodynamique. La coupe pr\u00e8s du corps cr\u00e9e une interface douce avec la jambe, r\u00e9duisant ainsi les turbulences sans limiter les mouvements.  <\/p>\n<p>Une pince en silicone situ\u00e9e sur la partie sup\u00e9rieure de la manchette garantit que les manchons restent bien en place pendant toute la dur\u00e9e du parcours \u00e0 v\u00e9lo, ce qui permet de maintenir un positionnement coh\u00e9rent de la transition \u00e0 la descente de v\u00e9lo. Con\u00e7us exclusivement pour la comp\u00e9tition, les manchons de mollets a\u00e9rodynamiques Aeroforce-X II refl\u00e8tent l&#8217;approche \u00e9prouv\u00e9e de NOPINZ en mati\u00e8re de performances a\u00e9rodynamiques. <\/p>\n","protected":false},"featured_media":65924,"template":"","meta":[],"product_brand":[],"product_cat":[1711,318],"product_tag":[],"class_list":{"0":"post-65940","1":"product","2":"type-product","3":"status-publish","4":"has-post-thumbnail","6":"product_cat-accessories-tri-3","7":"product_cat-velo","8":"pa_brand-zone3","9":"pa_size-m-fr","10":"pa_size-l-fr","12":"first","13":"instock","14":"shipping-taxable","15":"purchasable","16":"product-type-variable"},"_links":{"self":[{"href":"https:\/\/espacetriathlon.com\/fr\/wp-json\/wp\/v2\/product\/65940","targetHints":{"allow":["GET"]}}],"collection":[{"href":"https:\/\/espacetriathlon.com\/fr\/wp-json\/wp\/v2\/product"}],"about":[{"href":"https:\/\/espacetriathlon.com\/fr\/wp-json\/wp\/v2\/types\/product"}],"version-history":[{"count":0,"href":"https:\/\/espacetriathlon.com\/fr\/wp-json\/wp\/v2\/product\/65940\/revisions"}],"wp:featuredmedia":[{"embeddable":true,"href":"https:\/\/espacetriathlon.com\/fr\/wp-json\/wp\/v2\/media\/65924"}],"wp:attachment":[{"href":"https:\/\/espacetriathlon.com\/fr\/wp-json\/wp\/v2\/media?parent=65940"}],"wp:term":[{"taxonomy":"product_brand","embeddable":true,"href":"https:\/\/espacetriathlon.com\/fr\/wp-json\/wp\/v2\/product_brand?post=65940"},{"taxonomy":"product_cat","embeddable":true,"href":"https:\/\/espacetriathlon.com\/fr\/wp-json\/wp\/v2\/product_cat?post=65940"},{"taxonomy":"product_tag","embeddable":true,"href":"https:\/\/espacetriathlon.com\/fr\/wp-json\/wp\/v2\/product_tag?post=65940"}],"curies":[{"name":"wp","href":"https:\/\/api.w.org\/{rel}","templated":true}]}}