{"id":66050,"date":"2026-04-25T17:27:07","date_gmt":"2026-04-25T17:27:07","guid":{"rendered":"https:\/\/espacetriathlon.com\/?post_type=product&#038;p=66050"},"modified":"2026-04-25T17:30:30","modified_gmt":"2026-04-25T17:30:30","slug":"stream-ss-tri-suit-women-lavender-begonia","status":"publish","type":"product","link":"https:\/\/espacetriathlon.com\/fr\/product\/stream-ss-tri-suit-women-lavender-begonia\/","title":{"rendered":"Stream SS Tri Suit Women Lavender\/Begonia"},"content":{"rendered":"<p>Faisant partie de notre gamme de triathlon enti\u00e8rement repens\u00e9e, la combinaison de triathlon SS Stream pour femmes associe des mat\u00e9riaux de pointe \u00e0 un confort exceptionnel pour vous permettre de rester concentr\u00e9 et rapide dans toutes les disciplines. D\u00e9velopp\u00e9e en collaboration avec nos athl\u00e8tes professionnels et test\u00e9e en soufflerie, cette combinaison est fabriqu\u00e9e \u00e0 partir d&#8217;un fil Payen avanc\u00e9 pour une thermor\u00e9gulation, une gestion de l&#8217;humidit\u00e9 et une respirabilit\u00e9 exceptionnelles jusqu&#8217;\u00e0 la ligne d&#8217;arriv\u00e9e. La conception sp\u00e9cifique au triathlon comprend des zones en mesh ultra-ventil\u00e9es dans le dos, le long de la fermeture \u00e9clair avant et le long des jambes pour am\u00e9liorer la circulation de l&#8217;air pendant les efforts intenses. Le soutien postural caract\u00e9ristique est int\u00e9gr\u00e9 pour vous donner un avantage suppl\u00e9mentaire \u00e0 la fin de la course, tandis que les emmanchures astucieuses et les coutures extensibles des manches sont positionn\u00e9es de mani\u00e8re \u00e0 \u00e9liminer les frottements et \u00e0 garantir une libert\u00e9 de mouvement optimale dans toutes les disciplines. Le doublage sur la partie inf\u00e9rieure du panneau avant offre une opacit\u00e9 accrue, tandis que les bandes Aero.Stripes strat\u00e9giquement plac\u00e9es sur les manches et les jambes r\u00e9duisent la tra\u00een\u00e9e pour maximiser la vitesse sur le parcours de v\u00e9lo. Cette combinaison est \u00e9galement dot\u00e9e d&#8217;une fermeture \u00e9clair ouverte sur toute la longueur, avec doublure de protection et languette pour une thermor\u00e9gulation optimale lorsque la piste de course se r\u00e9chauffe. Une ceinture compressive mais flexible entoure la taille pour fournir un soutien musculaire et un espace de rangement pratique pour la nutrition ou les petits objets essentiels, tandis que deux poches arri\u00e8re suppl\u00e9mentaires permettent d&#8217;acc\u00e9der facilement aux gels. Enfin, le coussin multi-densit\u00e9 est infus\u00e9 de fil de graph\u00e8ne antibact\u00e9rien pour un confort et un soutien exceptionnels pendant vos courses les plus longues. Vous ne faites pas de triathlon si vous n&#8217;allez pas jusqu&#8217;au bout, et la combinaison SS Stream Tri Suit est l\u00e0 pour vous soutenir du bord de l&#8217;eau jusqu&#8217;\u00e0 l&#8217;arche d&#8217;arriv\u00e9e. La course est \u00e0 vous.         <\/p>\n","protected":false},"excerpt":{"rendered":"<p>Combinaison de triathlon haute performance pour homme avec tissu a\u00e9rodynamique, ventilation et confort cibl\u00e9 pour vous aider \u00e0 donner le meilleur de vous-m\u00eame dans toutes les disciplines<br \/>\nCompressport<\/p>\n","protected":false},"featured_media":66073,"template":"","meta":[],"product_brand":[],"product_cat":[1703],"product_tag":[],"class_list":{"0":"post-66050","1":"product","2":"type-product","3":"status-publish","4":"has-post-thumbnail","6":"product_cat-gear-fr","7":"pa_brand-compressport","8":"pa_size-s-fr","9":"pa_size-m-fr","10":"pa_size-l-fr","11":"pa_size-xl-fr","13":"first","14":"instock","15":"shipping-taxable","16":"purchasable","17":"product-type-variable"},"_links":{"self":[{"href":"https:\/\/espacetriathlon.com\/fr\/wp-json\/wp\/v2\/product\/66050","targetHints":{"allow":["GET"]}}],"collection":[{"href":"https:\/\/espacetriathlon.com\/fr\/wp-json\/wp\/v2\/product"}],"about":[{"href":"https:\/\/espacetriathlon.com\/fr\/wp-json\/wp\/v2\/types\/product"}],"version-history":[{"count":2,"href":"https:\/\/espacetriathlon.com\/fr\/wp-json\/wp\/v2\/product\/66050\/revisions"}],"predecessor-version":[{"id":66093,"href":"https:\/\/espacetriathlon.com\/fr\/wp-json\/wp\/v2\/product\/66050\/revisions\/66093"}],"wp:featuredmedia":[{"embeddable":true,"href":"https:\/\/espacetriathlon.com\/fr\/wp-json\/wp\/v2\/media\/66073"}],"wp:attachment":[{"href":"https:\/\/espacetriathlon.com\/fr\/wp-json\/wp\/v2\/media?parent=66050"}],"wp:term":[{"taxonomy":"product_brand","embeddable":true,"href":"https:\/\/espacetriathlon.com\/fr\/wp-json\/wp\/v2\/product_brand?post=66050"},{"taxonomy":"product_cat","embeddable":true,"href":"https:\/\/espacetriathlon.com\/fr\/wp-json\/wp\/v2\/product_cat?post=66050"},{"taxonomy":"product_tag","embeddable":true,"href":"https:\/\/espacetriathlon.com\/fr\/wp-json\/wp\/v2\/product_tag?post=66050"}],"curies":[{"name":"wp","href":"https:\/\/api.w.org\/{rel}","templated":true}]}}