{"id":66118,"date":"2026-04-26T19:27:46","date_gmt":"2026-04-26T19:27:46","guid":{"rendered":"https:\/\/espacetriathlon.com\/product\/bouee-de-securite-bungee\/"},"modified":"2026-04-26T19:27:46","modified_gmt":"2026-04-26T19:27:46","slug":"bouee-de-securite-bungee","status":"publish","type":"product","link":"https:\/\/espacetriathlon.com\/fr\/product\/bouee-de-securite-bungee\/","title":{"rendered":"Bou\u00e9e de s\u00e9curit\u00e9 Bungee"},"content":{"rendered":"","protected":false},"excerpt":{"rendered":"<p>Cette bou\u00e9e de s\u00e9curit\u00e9 vous permet de rester visible lorsque vous nagez en eau libre, augmentant ainsi votre sentiment de s\u00e9curit\u00e9 et de confiance en mer. Dans son int\u00e9rieur \u00e9tanche, vous pouvez ranger vos effets personnels ou les fournitures dont vous avez besoin, comme des gels, des barres ou une bouteille d&#8217;eau, en toute s\u00e9curit\u00e9 pendant que vous nagez. <\/p>\n<p>Pour un plus grand confort, il est dot\u00e9 d&#8217;un cordon \u00e9lastique qui \u00e9vite les tiraillements inconfortables provoqu\u00e9s par les vagues.  <\/p>\n","protected":false},"featured_media":66114,"template":"","meta":[],"product_brand":[],"product_cat":[270],"product_tag":[],"class_list":{"0":"post-66118","1":"product","2":"type-product","3":"status-publish","4":"has-post-thumbnail","6":"product_cat-openwater-fr","7":"pa_brand-orca","9":"first","10":"instock","11":"shipping-taxable","12":"product-type-simple"},"_links":{"self":[{"href":"https:\/\/espacetriathlon.com\/fr\/wp-json\/wp\/v2\/product\/66118","targetHints":{"allow":["GET"]}}],"collection":[{"href":"https:\/\/espacetriathlon.com\/fr\/wp-json\/wp\/v2\/product"}],"about":[{"href":"https:\/\/espacetriathlon.com\/fr\/wp-json\/wp\/v2\/types\/product"}],"version-history":[{"count":0,"href":"https:\/\/espacetriathlon.com\/fr\/wp-json\/wp\/v2\/product\/66118\/revisions"}],"wp:featuredmedia":[{"embeddable":true,"href":"https:\/\/espacetriathlon.com\/fr\/wp-json\/wp\/v2\/media\/66114"}],"wp:attachment":[{"href":"https:\/\/espacetriathlon.com\/fr\/wp-json\/wp\/v2\/media?parent=66118"}],"wp:term":[{"taxonomy":"product_brand","embeddable":true,"href":"https:\/\/espacetriathlon.com\/fr\/wp-json\/wp\/v2\/product_brand?post=66118"},{"taxonomy":"product_cat","embeddable":true,"href":"https:\/\/espacetriathlon.com\/fr\/wp-json\/wp\/v2\/product_cat?post=66118"},{"taxonomy":"product_tag","embeddable":true,"href":"https:\/\/espacetriathlon.com\/fr\/wp-json\/wp\/v2\/product_tag?post=66118"}],"curies":[{"name":"wp","href":"https:\/\/api.w.org\/{rel}","templated":true}]}}