{"id":66136,"date":"2026-04-26T19:44:56","date_gmt":"2026-04-26T19:44:56","guid":{"rendered":"https:\/\/espacetriathlon.com\/product\/kick-pull-buoy\/"},"modified":"2026-04-26T19:44:56","modified_gmt":"2026-04-26T19:44:56","slug":"kick-pull-buoy","status":"publish","type":"product","link":"https:\/\/espacetriathlon.com\/fr\/product\/kick-pull-buoy\/","title":{"rendered":"Kick Pull Buoy"},"content":{"rendered":"","protected":false},"excerpt":{"rendered":"<p>Am\u00e9liorez votre entra\u00eenement de natation avec l&#8217;ORCA Pull Kick, l&#8217;ultime bou\u00e9e de traction et kickboard 2-en-1. Cet outil polyvalent rationalise votre entra\u00eenement, vous permettant d&#8217;isoler le haut du corps pour d\u00e9velopper votre force et affiner votre nage, ou de cibler vos jambes pour am\u00e9liorer votre coup de pied. Sa conception ergonomique unique offre une flottabilit\u00e9 et une stabilit\u00e9 sup\u00e9rieures, ce qui vous permet de vous concentrer uniquement sur la technique. Fabriqu\u00e9 \u00e0 partir de mat\u00e9riaux durables et r\u00e9sistants au chlore, ce support l\u00e9ger est le compagnon id\u00e9al pour atteindre de nouveaux niveaux de puissance et d&#8217;efficacit\u00e9 dans l&#8217;eau.   <\/p>\n","protected":false},"featured_media":66132,"template":"","meta":[],"product_brand":[],"product_cat":[291],"product_tag":[],"class_list":{"0":"post-66136","1":"product","2":"type-product","3":"status-publish","4":"has-post-thumbnail","6":"product_cat-aide-dentrainement","7":"pa_brand-orca","9":"first","10":"instock","11":"shipping-taxable","12":"purchasable","13":"product-type-simple"},"_links":{"self":[{"href":"https:\/\/espacetriathlon.com\/fr\/wp-json\/wp\/v2\/product\/66136","targetHints":{"allow":["GET"]}}],"collection":[{"href":"https:\/\/espacetriathlon.com\/fr\/wp-json\/wp\/v2\/product"}],"about":[{"href":"https:\/\/espacetriathlon.com\/fr\/wp-json\/wp\/v2\/types\/product"}],"version-history":[{"count":0,"href":"https:\/\/espacetriathlon.com\/fr\/wp-json\/wp\/v2\/product\/66136\/revisions"}],"wp:featuredmedia":[{"embeddable":true,"href":"https:\/\/espacetriathlon.com\/fr\/wp-json\/wp\/v2\/media\/66132"}],"wp:attachment":[{"href":"https:\/\/espacetriathlon.com\/fr\/wp-json\/wp\/v2\/media?parent=66136"}],"wp:term":[{"taxonomy":"product_brand","embeddable":true,"href":"https:\/\/espacetriathlon.com\/fr\/wp-json\/wp\/v2\/product_brand?post=66136"},{"taxonomy":"product_cat","embeddable":true,"href":"https:\/\/espacetriathlon.com\/fr\/wp-json\/wp\/v2\/product_cat?post=66136"},{"taxonomy":"product_tag","embeddable":true,"href":"https:\/\/espacetriathlon.com\/fr\/wp-json\/wp\/v2\/product_tag?post=66136"}],"curies":[{"name":"wp","href":"https:\/\/api.w.org\/{rel}","templated":true}]}}