{"id":66172,"date":"2026-04-27T16:27:20","date_gmt":"2026-04-27T16:27:20","guid":{"rendered":"https:\/\/espacetriathlon.com\/product\/apex-swimskin-femmes\/"},"modified":"2026-04-27T16:27:20","modified_gmt":"2026-04-27T16:27:20","slug":"apex-swimskin-femmes","status":"publish","type":"product","link":"https:\/\/espacetriathlon.com\/fr\/product\/apex-swimskin-femmes\/","title":{"rendered":"Apex Swimskin Femmes"},"content":{"rendered":"<p>SUPERIOR ELASTICITY<\/p>\n<p>L&#8217;utilisation d&#8217;un mat\u00e9riau plus \u00e9lastique dans la zone situ\u00e9e derri\u00e8re les \u00e9paules permet \u00e0 l&#8217;Apex Swimskin de vous permettre de nager sans aucune restriction, r\u00e9duisant ainsi la fatigue musculaire.<\/p>\n<p>COMFORT<\/p>\n<p>L&#8217;utilisation de mat\u00e9riaux plus \u00e9lastiques en fait un produit tr\u00e8s confortable pour la natation, en particulier parce que vous n&#8217;\u00eates pas limit\u00e9 au niveau des \u00e9paules.<\/p>\n<p>PERFORMANCE<\/p>\n<p>La construction du Swimskin avec le tissu HydroSkin+ r\u00e9duit consid\u00e9rablement le coefficient de frottement du nageur.<\/p>\n<p>MATERIAL<\/p>\n<p>Fabriqu\u00e9 avec des mat\u00e9riaux durables.<\/p>\n<p>Composition :<\/p>\n<p>Elasthanne (Spandex) : 20 %, Polyamide (Nylon) : 80 %.<\/p>\n","protected":false},"excerpt":{"rendered":"<p>L&#8217;Apex Swimskin est une combinaison Orca haut de gamme con\u00e7ue pour les comp\u00e9titions de triathlon o\u00f9 l&#8217;utilisation de combinaisons n&#8217;est pas autoris\u00e9e. Sa construction avec le tissu HydroSkin+ am\u00e9liore l&#8217;hydrodynamisme dans la phase de natation, tandis que l&#8217;utilisation d&#8217;un mat\u00e9riau plus \u00e9lastique dans la zone situ\u00e9e derri\u00e8re les \u00e9paules vous permet de nager en toute libert\u00e9 et dans le plus grand confort. <\/p>\n","protected":false},"featured_media":66154,"template":"","meta":[],"product_brand":[],"product_cat":[1703],"product_tag":[],"class_list":{"0":"post-66172","1":"product","2":"type-product","3":"status-publish","4":"has-post-thumbnail","6":"product_cat-gear-fr","7":"pa_brand-orca","8":"pa_size-s-fr","9":"pa_size-m-fr","10":"pa_size-l-fr","12":"first","13":"instock","14":"shipping-taxable","15":"purchasable","16":"product-type-variable"},"_links":{"self":[{"href":"https:\/\/espacetriathlon.com\/fr\/wp-json\/wp\/v2\/product\/66172","targetHints":{"allow":["GET"]}}],"collection":[{"href":"https:\/\/espacetriathlon.com\/fr\/wp-json\/wp\/v2\/product"}],"about":[{"href":"https:\/\/espacetriathlon.com\/fr\/wp-json\/wp\/v2\/types\/product"}],"version-history":[{"count":0,"href":"https:\/\/espacetriathlon.com\/fr\/wp-json\/wp\/v2\/product\/66172\/revisions"}],"wp:featuredmedia":[{"embeddable":true,"href":"https:\/\/espacetriathlon.com\/fr\/wp-json\/wp\/v2\/media\/66154"}],"wp:attachment":[{"href":"https:\/\/espacetriathlon.com\/fr\/wp-json\/wp\/v2\/media?parent=66172"}],"wp:term":[{"taxonomy":"product_brand","embeddable":true,"href":"https:\/\/espacetriathlon.com\/fr\/wp-json\/wp\/v2\/product_brand?post=66172"},{"taxonomy":"product_cat","embeddable":true,"href":"https:\/\/espacetriathlon.com\/fr\/wp-json\/wp\/v2\/product_cat?post=66172"},{"taxonomy":"product_tag","embeddable":true,"href":"https:\/\/espacetriathlon.com\/fr\/wp-json\/wp\/v2\/product_tag?post=66172"}],"curies":[{"name":"wp","href":"https:\/\/api.w.org\/{rel}","templated":true}]}}