{"id":66204,"date":"2026-04-27T19:27:14","date_gmt":"2026-04-27T19:27:14","guid":{"rendered":"https:\/\/espacetriathlon.com\/product\/base-body-men-sous-combinaison-thermique\/"},"modified":"2026-04-27T19:27:14","modified_gmt":"2026-04-27T19:27:14","slug":"base-body-men-sous-combinaison-thermique","status":"publish","type":"product","link":"https:\/\/espacetriathlon.com\/fr\/product\/base-body-men-sous-combinaison-thermique\/","title":{"rendered":"Base Body Men &#8211; Sous-combinaison thermique"},"content":{"rendered":"<p>Mat\u00e9riaux<\/p>\n<p>Ce v\u00eatement est compos\u00e9 de n\u00e9opr\u00e8ne Yamamoto de 2 mm et d&#8217;une doublure int\u00e9rieure de haute qualit\u00e9 pour une \u00e9lasticit\u00e9 maximale.<br \/>\nConstruction<\/p>\n<p>Sans fermeture \u00e9clair ni manches, la sous-combinaison thermique apporte un confort suppl\u00e9mentaire, qu&#8217;elle soit port\u00e9e en simple couche ou sous une combinaison de plong\u00e9e.<br \/>\nComposition :<\/p>\n<p>N\u00e9opr\u00e8ne : 90 %, Polyamide (Nylon) : 10 %  <\/p>\n","protected":false},"excerpt":{"rendered":"<p>Le Base Body est l&#8217;accessoire parfait pour pratiquer vos sports nautiques pr\u00e9f\u00e9r\u00e9s. Il peut \u00eatre port\u00e9 comme une seule couche dans les eaux temp\u00e9r\u00e9es ou sous une combinaison de plong\u00e9e dans les temp\u00e9ratures tr\u00e8s basses. <\/p>\n<p>L&#8217;utilisation d&#8217;un mat\u00e9riau 100% Yamamoto apporte \u00e9lasticit\u00e9, l\u00e9g\u00e8ret\u00e9 et libert\u00e9 de mouvement, tandis que son \u00e9paisseur de 2 mm offre la protection thermique dont vous avez besoin pendant les longues sessions dans l&#8217;eau.<\/p>\n","protected":false},"featured_media":66199,"template":"","meta":[],"product_brand":[],"product_cat":[270],"product_tag":[],"class_list":{"0":"post-66204","1":"product","2":"type-product","3":"status-publish","4":"has-post-thumbnail","6":"product_cat-openwater-fr","7":"pa_brand-orca","8":"pa_size-m-fr","9":"pa_size-l-fr","10":"pa_size-xl-fr","12":"first","13":"instock","14":"shipping-taxable","15":"purchasable","16":"product-type-variable"},"_links":{"self":[{"href":"https:\/\/espacetriathlon.com\/fr\/wp-json\/wp\/v2\/product\/66204","targetHints":{"allow":["GET"]}}],"collection":[{"href":"https:\/\/espacetriathlon.com\/fr\/wp-json\/wp\/v2\/product"}],"about":[{"href":"https:\/\/espacetriathlon.com\/fr\/wp-json\/wp\/v2\/types\/product"}],"version-history":[{"count":0,"href":"https:\/\/espacetriathlon.com\/fr\/wp-json\/wp\/v2\/product\/66204\/revisions"}],"wp:featuredmedia":[{"embeddable":true,"href":"https:\/\/espacetriathlon.com\/fr\/wp-json\/wp\/v2\/media\/66199"}],"wp:attachment":[{"href":"https:\/\/espacetriathlon.com\/fr\/wp-json\/wp\/v2\/media?parent=66204"}],"wp:term":[{"taxonomy":"product_brand","embeddable":true,"href":"https:\/\/espacetriathlon.com\/fr\/wp-json\/wp\/v2\/product_brand?post=66204"},{"taxonomy":"product_cat","embeddable":true,"href":"https:\/\/espacetriathlon.com\/fr\/wp-json\/wp\/v2\/product_cat?post=66204"},{"taxonomy":"product_tag","embeddable":true,"href":"https:\/\/espacetriathlon.com\/fr\/wp-json\/wp\/v2\/product_tag?post=66204"}],"curies":[{"name":"wp","href":"https:\/\/api.w.org\/{rel}","templated":true}]}}