{"id":66341,"date":"2026-05-05T19:28:46","date_gmt":"2026-05-05T19:28:46","guid":{"rendered":"https:\/\/espacetriathlon.com\/product\/killa-performance\/"},"modified":"2026-05-05T19:28:46","modified_gmt":"2026-05-05T19:28:46","slug":"killa-performance","status":"publish","type":"product","link":"https:\/\/espacetriathlon.com\/fr\/product\/killa-performance\/","title":{"rendered":"Killa Performance"},"content":{"rendered":"<p>Ajustement optimal<\/p>\n<p>Le silicone ergonomique et tridimensionnel s&#8217;adapte aux diff\u00e9rentes formes de visage et r\u00e9duit la pression autour des yeux, ce qui en fait des lunettes tr\u00e8s confortables, tout en emp\u00eachant l&#8217;eau de p\u00e9n\u00e9trer.<br \/>\nHydrodynamisme<\/p>\n<p>Ces lunettes ont \u00e9t\u00e9 soigneusement con\u00e7ues pour minimiser les frottements avec l&#8217;eau, ce qui vous permet de gagner de pr\u00e9cieuses secondes lors de l&#8217;\u00e9tape de natation.<br \/>\nAnti-bu\u00e9e<\/p>\n<p>Ces lunettes sont dot\u00e9es d&#8217;un rev\u00eatement ANTI-BU\u00c9E plus durable que les autres lunettes, ce qui vous permet de voir clair plus longtemps.<br \/>\nProtection<\/p>\n<p>Tous les verres disponibles sont conformes \u00e0 la norme ISO-18527-3 et offrent une protection UV 380<br \/>\nComposition :<\/p>\n<p>Silicone : 37 %, TPE : 13 %, PC : 47 %.  <\/p>\n","protected":false},"excerpt":{"rendered":"<p>Killa Performance est une paire de lunettes con\u00e7ue pour les comp\u00e9titions. Leur conception ergonomique et hydrodynamique avanc\u00e9e leur permet de s&#8217;adapter \u00e0 toutes les formes et tailles et leur ajustement tr\u00e8s confortable vous aidera \u00e0 vous concentrer sur rien d&#8217;autre que l&#8217;am\u00e9lioration de vos temps. Elles sont \u00e9galement dot\u00e9es d&#8217;un rev\u00eatement ANTI-FOG exclusif et durable, qui emp\u00eache la formation de bu\u00e9e sur vos lunettes et vous assure une vision claire \u00e0 tout moment.<br \/>\nDe plus, les diff\u00e9rents verres disponibles, tous dot\u00e9s d&#8217;une protection UV 380, en font une paire de lunettes tr\u00e8s polyvalente, quelles que soient les conditions m\u00e9t\u00e9orologiques.    <\/p>\n","protected":false},"featured_media":66332,"template":"","meta":[],"product_brand":[],"product_cat":[282],"product_tag":[],"class_list":{"0":"post-66341","1":"product","2":"type-product","3":"status-publish","4":"has-post-thumbnail","6":"product_cat-lunettes","7":"pa_brand-orca","8":"pa_color_n-clear-black-2","9":"pa_color_n-mirrored-black-2","10":"pa_color_n-smoke-black-2","12":"first","13":"instock","14":"shipping-taxable","15":"purchasable","16":"product-type-variable"},"_links":{"self":[{"href":"https:\/\/espacetriathlon.com\/fr\/wp-json\/wp\/v2\/product\/66341","targetHints":{"allow":["GET"]}}],"collection":[{"href":"https:\/\/espacetriathlon.com\/fr\/wp-json\/wp\/v2\/product"}],"about":[{"href":"https:\/\/espacetriathlon.com\/fr\/wp-json\/wp\/v2\/types\/product"}],"version-history":[{"count":0,"href":"https:\/\/espacetriathlon.com\/fr\/wp-json\/wp\/v2\/product\/66341\/revisions"}],"wp:featuredmedia":[{"embeddable":true,"href":"https:\/\/espacetriathlon.com\/fr\/wp-json\/wp\/v2\/media\/66332"}],"wp:attachment":[{"href":"https:\/\/espacetriathlon.com\/fr\/wp-json\/wp\/v2\/media?parent=66341"}],"wp:term":[{"taxonomy":"product_brand","embeddable":true,"href":"https:\/\/espacetriathlon.com\/fr\/wp-json\/wp\/v2\/product_brand?post=66341"},{"taxonomy":"product_cat","embeddable":true,"href":"https:\/\/espacetriathlon.com\/fr\/wp-json\/wp\/v2\/product_cat?post=66341"},{"taxonomy":"product_tag","embeddable":true,"href":"https:\/\/espacetriathlon.com\/fr\/wp-json\/wp\/v2\/product_tag?post=66341"}],"curies":[{"name":"wp","href":"https:\/\/api.w.org\/{rel}","templated":true}]}}