{"id":66616,"date":"2026-05-17T09:49:46","date_gmt":"2026-05-17T09:49:46","guid":{"rendered":"https:\/\/espacetriathlon.com\/product\/aero-seamless-ss-trisuit-m-blanc-noir-hommes\/"},"modified":"2026-05-17T09:49:46","modified_gmt":"2026-05-17T09:49:46","slug":"aero-seamless-ss-trisuit-m-blanc-noir-hommes","status":"publish","type":"product","link":"https:\/\/espacetriathlon.com\/fr\/product\/aero-seamless-ss-trisuit-m-blanc-noir-hommes\/","title":{"rendered":"Aero Seamless Ss Trisuit M &#8211; Blanc\/Noir Hommes"},"content":{"rendered":"<p>L&#8217;innovation red\u00e9finie. La toute nouvelle combinaison Aero Seamless SS pour hommes repr\u00e9sente le summum de l&#8217;ing\u00e9nierie de performance de Compressport, \u00e9tablissant un nouveau standard pour les v\u00eatements de triathlon d&#8217;\u00e9lite. D\u00e9velopp\u00e9e en collaboration avec nos athl\u00e8tes professionnels, il s&#8217;agit de la premi\u00e8re combinaison enti\u00e8rement sans coutures du march\u00e9, dont l&#8217;objectif est de minimiser les irritations, de maximiser le confort et d&#8217;offrir une coupe seconde peau qui vous accompagne sans effort dans toutes les disciplines. Fabriqu\u00e9e \u00e0 partir d&#8217;un fil Payen de pointe, cette combinaison est l\u00e9g\u00e8re comme une plume, s\u00e8che rapidement et est exceptionnellement respirante. Des zones en mesh ultra-ventil\u00e9es dans le dos et le long de la colonne vert\u00e9brale vous permettent de rester au frais et concentr\u00e9, m\u00eame dans la chaleur des efforts de longue haleine. Les bandes Aero.Stripes strat\u00e9giquement plac\u00e9es sur le dos, les manches et les jambes sont compl\u00e9t\u00e9es par des points Aero.Dots imprim\u00e9s sur les manches pour vous aider \u00e0 \u00e9conomiser de l&#8217;\u00e9nergie et \u00e0 gagner de pr\u00e9cieuses secondes sur votre temps. L&#8217;emplacement des coutures des manches est optimis\u00e9 pour \u00e9liminer les frottements et reste incroyablement flexible pour vous offrir une libert\u00e9 de mouvement totale, que vous soyez en train de nager, de faire du v\u00e9lo ou de courir. Un coussin multi-densit\u00e9, infus\u00e9 de fil de graph\u00e8ne innovant, offre des propri\u00e9t\u00e9s antibact\u00e9riennes et de refroidissement in\u00e9gal\u00e9es pour vos d\u00e9fis les plus longs. Deux poches internes \u00e9l\u00e9gantes le long de la fermeture \u00e9clair avant gardent vos gels \u00e0 port\u00e9e de main, tandis qu&#8217;une poche \u00e0 glace astucieusement plac\u00e9e sous le col arri\u00e8re promet de maintenir votre temp\u00e9rature centrale basse lorsque la piste de course s&#8217;\u00e9chauffe. La fermeture \u00e0 glissi\u00e8re frontale ferm\u00e9e est dot\u00e9e d&#8217;un rabat de protection et d&#8217;un garage pour \u00e9viter les irritations. Avec des manches et des jambes plus longues pour un meilleur a\u00e9rodynamisme et un soutien musculaire, la combinaison Aero Seamless SS est con\u00e7ue pour la vitesse et les performances d&#8217;\u00e9lite : l&#8217;arme ultime pour les triathl\u00e8tes \u00e0 la recherche de leur prochain record personnel.          <\/p>\n","protected":false},"excerpt":{"rendered":"<p>Combinaison de triathlon \u00e9lite sans coutures pour hommes avec a\u00e9rodynamisme de pointe, respirabilit\u00e9 sup\u00e9rieure et confort de seconde peau pour les courses de triathlon de haut niveau.<br \/>\n Conception a\u00e9rodynamique de pointe test\u00e9e en soufflerie avec une coupe seconde peau, une coupe plus longue et des bandes Aero.stripes pour r\u00e9duire la tra\u00een\u00e9e et \u00e9conomiser des watts<\/p>\n<p>Construction enti\u00e8rement sans couture, avec du fil Payen ultra-l\u00e9ger et des panneaux en mesh pour un confort, une ventilation et une thermor\u00e9gulation de haut niveau<\/p>\n<p>Caract\u00e9ristiques sp\u00e9cifiques au triathlon, pour une efficacit\u00e9 maximale, y compris un coussin ergonomique, une poche \u00e0 glace int\u00e9gr\u00e9e et des poches internes pour transporter des aliments.  <\/p>\n","protected":false},"featured_media":66608,"template":"","meta":[],"product_brand":[],"product_cat":[1703],"product_tag":[],"class_list":{"0":"post-66616","1":"product","2":"type-product","3":"status-publish","4":"has-post-thumbnail","6":"product_cat-gear-fr","7":"pa_brand-compressport","8":"pa_size-m-fr","9":"pa_size-l-fr","11":"first","12":"instock","13":"shipping-taxable","14":"purchasable","15":"product-type-variable"},"_links":{"self":[{"href":"https:\/\/espacetriathlon.com\/fr\/wp-json\/wp\/v2\/product\/66616","targetHints":{"allow":["GET"]}}],"collection":[{"href":"https:\/\/espacetriathlon.com\/fr\/wp-json\/wp\/v2\/product"}],"about":[{"href":"https:\/\/espacetriathlon.com\/fr\/wp-json\/wp\/v2\/types\/product"}],"version-history":[{"count":0,"href":"https:\/\/espacetriathlon.com\/fr\/wp-json\/wp\/v2\/product\/66616\/revisions"}],"wp:featuredmedia":[{"embeddable":true,"href":"https:\/\/espacetriathlon.com\/fr\/wp-json\/wp\/v2\/media\/66608"}],"wp:attachment":[{"href":"https:\/\/espacetriathlon.com\/fr\/wp-json\/wp\/v2\/media?parent=66616"}],"wp:term":[{"taxonomy":"product_brand","embeddable":true,"href":"https:\/\/espacetriathlon.com\/fr\/wp-json\/wp\/v2\/product_brand?post=66616"},{"taxonomy":"product_cat","embeddable":true,"href":"https:\/\/espacetriathlon.com\/fr\/wp-json\/wp\/v2\/product_cat?post=66616"},{"taxonomy":"product_tag","embeddable":true,"href":"https:\/\/espacetriathlon.com\/fr\/wp-json\/wp\/v2\/product_tag?post=66616"}],"curies":[{"name":"wp","href":"https:\/\/api.w.org\/{rel}","templated":true}]}}