{"id":6936,"date":"2021-04-09T12:06:46","date_gmt":"2021-04-09T12:06:46","guid":{"rendered":"https:\/\/espacetriathlon.com\/product\/neoprene-hood\/"},"modified":"2025-04-03T13:01:08","modified_gmt":"2025-04-03T13:01:08","slug":"neoprene-hood","status":"publish","type":"product","link":"https:\/\/espacetriathlon.com\/fr\/product\/neoprene-hood\/","title":{"rendered":"Neoprene Hood"},"content":{"rendered":"<p>Chaleur suppl\u00e9mentaire<br \/>\nLa doublure thermique Thermal X apporte une isolation suppl\u00e9mentaire pour \u00e9viter la perte de chaleur pendant l\u2019exercice. De plus, la protection du cou amplifie la sensation d\u2019isolation thermique et r\u00e9duit la surface corporelle en contact avec l\u2019eau.<\/p>\n<p>Confort<br \/>\nLa coupe de cet accessoire permet un ajustement parfait \u00e0 la t\u00eate sans que celui-ci ne bouge au long de l\u2019exercice. Le toucher doux de la doublure rend le couvre t\u00eate encore plus confortable.<\/p>\n<p>\u00c9tanch\u00e9it\u00e9<br \/>\nLa protection du cou permet de minimiser l\u2019entr\u00e9e d\u2019eau vers le bas et aide ainsi \u00e0 conserver la temp\u00e9rature corporelle.<\/p>\n","protected":false},"excerpt":{"rendered":"<p>Le couvre t\u00eate thermique en n\u00e9opr\u00e8ne vous aidera \u00e0 affronter les eaux les plus froides et vous apportera une isolation thermique optimale, aussi bien \u00e0 la t\u00eate qu\u2019au cou.<\/p>\n","protected":false},"featured_media":49519,"template":"","meta":[],"product_brand":[],"product_cat":[270],"product_tag":[],"class_list":{"0":"post-6936","1":"product","2":"type-product","3":"status-publish","4":"has-post-thumbnail","6":"product_cat-openwater-fr","7":"pa_brand-orca","8":"pa_size_cap-xxl-2","9":"pa_size_cap-s-m-fr","10":"pa_size_cap-l-xl-fr","12":"first","13":"instock","14":"shipping-taxable","15":"purchasable","16":"product-type-variable"},"_links":{"self":[{"href":"https:\/\/espacetriathlon.com\/fr\/wp-json\/wp\/v2\/product\/6936","targetHints":{"allow":["GET"]}}],"collection":[{"href":"https:\/\/espacetriathlon.com\/fr\/wp-json\/wp\/v2\/product"}],"about":[{"href":"https:\/\/espacetriathlon.com\/fr\/wp-json\/wp\/v2\/types\/product"}],"version-history":[{"count":2,"href":"https:\/\/espacetriathlon.com\/fr\/wp-json\/wp\/v2\/product\/6936\/revisions"}],"predecessor-version":[{"id":36816,"href":"https:\/\/espacetriathlon.com\/fr\/wp-json\/wp\/v2\/product\/6936\/revisions\/36816"}],"wp:featuredmedia":[{"embeddable":true,"href":"https:\/\/espacetriathlon.com\/fr\/wp-json\/wp\/v2\/media\/49519"}],"wp:attachment":[{"href":"https:\/\/espacetriathlon.com\/fr\/wp-json\/wp\/v2\/media?parent=6936"}],"wp:term":[{"taxonomy":"product_brand","embeddable":true,"href":"https:\/\/espacetriathlon.com\/fr\/wp-json\/wp\/v2\/product_brand?post=6936"},{"taxonomy":"product_cat","embeddable":true,"href":"https:\/\/espacetriathlon.com\/fr\/wp-json\/wp\/v2\/product_cat?post=6936"},{"taxonomy":"product_tag","embeddable":true,"href":"https:\/\/espacetriathlon.com\/fr\/wp-json\/wp\/v2\/product_tag?post=6936"}],"curies":[{"name":"wp","href":"https:\/\/api.w.org\/{rel}","templated":true}]}}