{"id":7931,"date":"2021-05-08T07:29:34","date_gmt":"2021-05-08T07:29:34","guid":{"rendered":"https:\/\/espacetriathlon.com\/product\/duo-mp3\/"},"modified":"2025-04-25T08:01:45","modified_gmt":"2025-04-25T08:01:45","slug":"duo-mp3","status":"publish","type":"product","link":"https:\/\/espacetriathlon.com\/fr\/product\/duo-mp3\/","title":{"rendered":"Duo MP3"},"content":{"rendered":"<p>BONE CONDUCTION AUDIO TRANSMISSION: Amazingly clear sound in the water without the use of earbuds; Sound is clearest when submerged in water<br \/>\nSUPPORTS MP3 AND WMA AUDIO FORMATS: Listen to music, audiobooks, podcasts, and more; Compatible with iTunes<br \/>\n4GB OF STORAGE: Stores approximately up to 1000 songs or 60 hours of playback (Mac OS Users: Please empty the trash on your computer before connecting the Duo to the USB)<br \/>\nINTEGRATED CLIP DESIGN: Secures the device to goggle straps to rest on the cheekbones for a comfortable and streamlined fit<br \/>\nWATERPROOF IPX8: Up to 3 meters and 30 minutes; Rechargeable lithium-ion battery with up to 7 hours of battery life (If immersion at 3 meters or deeper occurs for longer than 30 minutes, damage may occur)<\/p>\n","protected":false},"excerpt":{"rendered":"<p>Le Duo\u2122 est un lecteur MP3 con\u00e7u pour les nageurs qui offre un son de la plus haute qualit\u00e9 sans l&#8217;utilisation d&#8217;oreillettes. Le Duo\u2122 utilise un design \u00e9pur\u00e9 en deux parties et une transmission audio par conduction osseuse pour d\u00e9livrer un son cristallin \u00e0 travers les pommettes jusqu&#8217;\u00e0 l&#8217;oreille interne. Un design de clip int\u00e9gr\u00e9 permet de fixer le Duo\u2122 aux sangles des lunettes pour qu&#8217;il repose sur les pommettes pour un ajustement confortable et \u00e9pur\u00e9.<\/p>\n","protected":false},"featured_media":7928,"template":"","meta":[],"product_brand":[],"product_cat":[279],"product_tag":[],"class_list":{"0":"post-7931","1":"product","2":"type-product","3":"status-publish","4":"has-post-thumbnail","6":"product_cat-accessories-swim","7":"pa_brand-finis","9":"first","10":"instock","11":"sale","12":"shipping-taxable","13":"purchasable","14":"product-type-simple"},"_links":{"self":[{"href":"https:\/\/espacetriathlon.com\/fr\/wp-json\/wp\/v2\/product\/7931","targetHints":{"allow":["GET"]}}],"collection":[{"href":"https:\/\/espacetriathlon.com\/fr\/wp-json\/wp\/v2\/product"}],"about":[{"href":"https:\/\/espacetriathlon.com\/fr\/wp-json\/wp\/v2\/types\/product"}],"version-history":[{"count":2,"href":"https:\/\/espacetriathlon.com\/fr\/wp-json\/wp\/v2\/product\/7931\/revisions"}],"predecessor-version":[{"id":36764,"href":"https:\/\/espacetriathlon.com\/fr\/wp-json\/wp\/v2\/product\/7931\/revisions\/36764"}],"wp:featuredmedia":[{"embeddable":true,"href":"https:\/\/espacetriathlon.com\/fr\/wp-json\/wp\/v2\/media\/7928"}],"wp:attachment":[{"href":"https:\/\/espacetriathlon.com\/fr\/wp-json\/wp\/v2\/media?parent=7931"}],"wp:term":[{"taxonomy":"product_brand","embeddable":true,"href":"https:\/\/espacetriathlon.com\/fr\/wp-json\/wp\/v2\/product_brand?post=7931"},{"taxonomy":"product_cat","embeddable":true,"href":"https:\/\/espacetriathlon.com\/fr\/wp-json\/wp\/v2\/product_cat?post=7931"},{"taxonomy":"product_tag","embeddable":true,"href":"https:\/\/espacetriathlon.com\/fr\/wp-json\/wp\/v2\/product_tag?post=7931"}],"curies":[{"name":"wp","href":"https:\/\/api.w.org\/{rel}","templated":true}]}}