{"id":7972,"date":"2021-05-21T15:16:24","date_gmt":"2021-05-21T15:16:24","guid":{"rendered":"https:\/\/espacetriathlon.com\/product\/predator-flex-polarized-ultra\/"},"modified":"2024-07-15T09:24:22","modified_gmt":"2024-07-15T09:24:22","slug":"predator-flex-polarized-ultra","status":"publish","type":"product","link":"https:\/\/espacetriathlon.com\/fr\/product\/predator-flex-polarized-ultra\/","title":{"rendered":"Predator Flex polarized Ultra Small Profile"},"content":{"rendered":"<p>Exclusive Advanced Ultra Fit\u2122 gasket, designed to reduce pressure around the eye socket for exceptional comfort.<\/p>\n<p>Polarized Ultra lens reduce glare and the reflection of the sun, even in high level of light.<\/p>\n<p>CLT\u2122 &#8211; Curved Lens Technology offers 180-degree peripheral vision.<\/p>\n<p>Anti-fog lenses to make sure you can swim clearly.<\/p>\n<p>UV Protection to protect your eyes from high levels of light and harmful UV rays from high levels of light and harmful UV rays.<\/p>\n<p>3D Flexpoint for increasing amounts of flexibility to nurture each face shape.<\/p>\n<p>Split strap for added security.<\/p>\n<p>Quick-adjust design, so you can get the perfect fit quickly, and easily.<\/p>\n","protected":false},"excerpt":{"rendered":"<p>Lunettes ultra polaris\u00e9es Predator Flex.<\/p>\n<p>La gamme de lunettes de natation Predator Flex offre un confort et un ajustement in\u00e9gal\u00e9s, gr\u00e2ce \u00e0 l&#8217;utilisation de 4 points flexibles uniques pour une flexibilit\u00e9 accrue de la monture et un ajustement personnalis\u00e9.<\/p>\n","protected":false},"featured_media":49555,"template":"","meta":[],"product_brand":[],"product_cat":[282],"product_tag":[],"class_list":{"0":"post-7972","1":"product","2":"type-product","3":"status-publish","4":"has-post-thumbnail","6":"product_cat-lunettes","7":"pa_brand-zoggs","9":"first","10":"instock","11":"sale","12":"shipping-taxable","13":"purchasable","14":"product-type-simple"},"_links":{"self":[{"href":"https:\/\/espacetriathlon.com\/fr\/wp-json\/wp\/v2\/product\/7972","targetHints":{"allow":["GET"]}}],"collection":[{"href":"https:\/\/espacetriathlon.com\/fr\/wp-json\/wp\/v2\/product"}],"about":[{"href":"https:\/\/espacetriathlon.com\/fr\/wp-json\/wp\/v2\/types\/product"}],"version-history":[{"count":2,"href":"https:\/\/espacetriathlon.com\/fr\/wp-json\/wp\/v2\/product\/7972\/revisions"}],"predecessor-version":[{"id":36745,"href":"https:\/\/espacetriathlon.com\/fr\/wp-json\/wp\/v2\/product\/7972\/revisions\/36745"}],"wp:featuredmedia":[{"embeddable":true,"href":"https:\/\/espacetriathlon.com\/fr\/wp-json\/wp\/v2\/media\/49555"}],"wp:attachment":[{"href":"https:\/\/espacetriathlon.com\/fr\/wp-json\/wp\/v2\/media?parent=7972"}],"wp:term":[{"taxonomy":"product_brand","embeddable":true,"href":"https:\/\/espacetriathlon.com\/fr\/wp-json\/wp\/v2\/product_brand?post=7972"},{"taxonomy":"product_cat","embeddable":true,"href":"https:\/\/espacetriathlon.com\/fr\/wp-json\/wp\/v2\/product_cat?post=7972"},{"taxonomy":"product_tag","embeddable":true,"href":"https:\/\/espacetriathlon.com\/fr\/wp-json\/wp\/v2\/product_tag?post=7972"}],"curies":[{"name":"wp","href":"https:\/\/api.w.org\/{rel}","templated":true}]}}