{"id":8046,"date":"2021-05-24T18:14:42","date_gmt":"2021-05-24T18:14:42","guid":{"rendered":"https:\/\/espacetriathlon.com\/product\/hydro-booties\/"},"modified":"2025-04-03T13:01:08","modified_gmt":"2025-04-03T13:01:08","slug":"hydro-booties","status":"publish","type":"product","link":"https:\/\/espacetriathlon.com\/fr\/product\/hydro-booties\/","title":{"rendered":"Hydro Booties"},"content":{"rendered":"<p>Size Shoe size<\/p>\n<p>Europe UK USA<br \/>\nXS 38 5.5 6<br \/>\nS 40 6.5 7<br \/>\nM 41 7.5 8<br \/>\nL 42.5 8.5 9<br \/>\nXL 44 9.5 10<br \/>\nXXL 45 10.5 11<\/p>\n<p>Extra Warmth<br \/>\nChaleur suppl\u00e9mentaire<br \/>\nLa doublure thermique Thermal X apporte une isolation suppl\u00e9mentaire pour \u00e9viter la perte de chaleur pendant l\u2019exercice.<br \/>\nConfort et maintien<br \/>\nLa coupe de l&#8217;accessoire, int\u00e9grant une s\u00e9paration pour le gros doigt de pied permet aux Hydro Booties de rester en place pour emp\u00eacher l\u2019entr\u00e9e de l\u2019eau. La doublure thermique est douce au toucher et \u00e9vite les frottements contre la peau.<br \/>\nCet accessoire doit \u00eatre enfil\u00e9 sous la combinaison pour \u00e9viter l\u2019entr\u00e9e de l\u2019eau.<\/p>\n","protected":false},"excerpt":{"rendered":"<p>Cet accessoire qui associe n\u00e9opr\u00e8ne et doublure thermique vous apporte une isolation optimale au niveau des pieds. Gr\u00e2ce \u00e0 son adh\u00e9rence \u00e0 la peau, il reste en place pendant que vous nagez.<\/p>\n","protected":false},"featured_media":49560,"template":"","meta":[],"product_brand":[],"product_cat":[985,270],"product_tag":[],"class_list":{"0":"post-8046","1":"product","2":"type-product","3":"status-publish","4":"has-post-thumbnail","6":"product_cat-apnee","7":"product_cat-openwater-fr","8":"pa_brand-orca","9":"pa_socks-3xl-eu47","10":"pa_socks-4xl-eu47","11":"pa_socks-l-eu42-5","12":"pa_socks-m-eu41","13":"pa_socks-s-eu40","14":"pa_socks-xl-eu44","15":"pa_socks-xs-eu38","16":"pa_socks-xxl-eu46","17":"pa_socks-xxs-eu37","19":"first","20":"instock","21":"featured","22":"shipping-taxable","23":"purchasable","24":"product-type-variable"},"_links":{"self":[{"href":"https:\/\/espacetriathlon.com\/fr\/wp-json\/wp\/v2\/product\/8046","targetHints":{"allow":["GET"]}}],"collection":[{"href":"https:\/\/espacetriathlon.com\/fr\/wp-json\/wp\/v2\/product"}],"about":[{"href":"https:\/\/espacetriathlon.com\/fr\/wp-json\/wp\/v2\/types\/product"}],"version-history":[{"count":2,"href":"https:\/\/espacetriathlon.com\/fr\/wp-json\/wp\/v2\/product\/8046\/revisions"}],"predecessor-version":[{"id":36675,"href":"https:\/\/espacetriathlon.com\/fr\/wp-json\/wp\/v2\/product\/8046\/revisions\/36675"}],"wp:featuredmedia":[{"embeddable":true,"href":"https:\/\/espacetriathlon.com\/fr\/wp-json\/wp\/v2\/media\/49560"}],"wp:attachment":[{"href":"https:\/\/espacetriathlon.com\/fr\/wp-json\/wp\/v2\/media?parent=8046"}],"wp:term":[{"taxonomy":"product_brand","embeddable":true,"href":"https:\/\/espacetriathlon.com\/fr\/wp-json\/wp\/v2\/product_brand?post=8046"},{"taxonomy":"product_cat","embeddable":true,"href":"https:\/\/espacetriathlon.com\/fr\/wp-json\/wp\/v2\/product_cat?post=8046"},{"taxonomy":"product_tag","embeddable":true,"href":"https:\/\/espacetriathlon.com\/fr\/wp-json\/wp\/v2\/product_tag?post=8046"}],"curies":[{"name":"wp","href":"https:\/\/api.w.org\/{rel}","templated":true}]}}