{"id":9170,"date":"2021-09-01T14:19:32","date_gmt":"2021-09-01T14:19:32","guid":{"rendered":"https:\/\/espacetriathlon.com\/?post_type=product&#038;p=9170"},"modified":"2025-11-18T16:15:31","modified_gmt":"2025-11-18T16:15:31","slug":"cobra-ultra-goggle-copy","status":"publish","type":"product","link":"https:\/\/espacetriathlon.com\/fr\/product\/cobra-ultra-goggle-copy\/","title":{"rendered":"Cobra Ultra Swipe Mirror"},"content":{"rendered":"<p>70% Polycarbonate 20% Silicone 8% Elastom\u00e8re thermoplastique 2% Polyur\u00e9thane<\/p>\n<p>Hydrodynamique \/ ajustement stable<\/p>\n","protected":false},"excerpt":{"rendered":"<p>Le mod\u00e8le Cobra offre les m\u00eames propri\u00e9t\u00e9s hydrodynamiques incroyables et la m\u00eame vision lat\u00e9rale \u00e9largie que le mod\u00e8le Cobra Core, dans un design confortable et \u00e9pur\u00e9. Dot\u00e9 de la technologie No Leak, No Fog, Max Comfort d&#8217;Arena, le mod\u00e8le Cobra Ultra offre une visibilit\u00e9 avant impressionnante et une grande vitesse dans un design agressif utilisant une plus grande profondeur de lentille pour un confort accru et un d\u00e9gagement des cils..<\/p>\n","protected":false},"featured_media":54879,"template":"","meta":[],"product_brand":[],"product_cat":[282],"product_tag":[],"class_list":{"0":"post-9170","1":"product","2":"type-product","3":"status-publish","4":"has-post-thumbnail","6":"product_cat-lunettes","7":"pa_brand-arena","8":"pa_cobra-aqua-black-fr","9":"pa_cobra-blue-silver","10":"pa_cobra-emerald-lime-fr","11":"pa_cobra-emerald-peacock-fr","12":"pa_cobra-gold-red","13":"pa_cobra-silver-black-fr","14":"pa_cobra-silver-white-fr","15":"pa_cobra-violet-corail-fr","16":"pa_cobra-yellow-copper-black-fr","17":"pa_cobra-yellow-copper-blue-fr","19":"first","20":"instock","21":"sale","22":"shipping-taxable","23":"purchasable","24":"product-type-variable"},"_links":{"self":[{"href":"https:\/\/espacetriathlon.com\/fr\/wp-json\/wp\/v2\/product\/9170","targetHints":{"allow":["GET"]}}],"collection":[{"href":"https:\/\/espacetriathlon.com\/fr\/wp-json\/wp\/v2\/product"}],"about":[{"href":"https:\/\/espacetriathlon.com\/fr\/wp-json\/wp\/v2\/types\/product"}],"version-history":[{"count":4,"href":"https:\/\/espacetriathlon.com\/fr\/wp-json\/wp\/v2\/product\/9170\/revisions"}],"predecessor-version":[{"id":54896,"href":"https:\/\/espacetriathlon.com\/fr\/wp-json\/wp\/v2\/product\/9170\/revisions\/54896"}],"wp:featuredmedia":[{"embeddable":true,"href":"https:\/\/espacetriathlon.com\/fr\/wp-json\/wp\/v2\/media\/54879"}],"wp:attachment":[{"href":"https:\/\/espacetriathlon.com\/fr\/wp-json\/wp\/v2\/media?parent=9170"}],"wp:term":[{"taxonomy":"product_brand","embeddable":true,"href":"https:\/\/espacetriathlon.com\/fr\/wp-json\/wp\/v2\/product_brand?post=9170"},{"taxonomy":"product_cat","embeddable":true,"href":"https:\/\/espacetriathlon.com\/fr\/wp-json\/wp\/v2\/product_cat?post=9170"},{"taxonomy":"product_tag","embeddable":true,"href":"https:\/\/espacetriathlon.com\/fr\/wp-json\/wp\/v2\/product_tag?post=9170"}],"curies":[{"name":"wp","href":"https:\/\/api.w.org\/{rel}","templated":true}]}}