{"id":9597,"date":"2021-10-24T07:29:15","date_gmt":"2021-10-24T07:29:15","guid":{"rendered":"https:\/\/espacetriathlon.com\/product\/team-parka-unisex\/"},"modified":"2024-07-15T07:07:08","modified_gmt":"2024-07-15T07:07:08","slug":"team-parka-unisex","status":"publish","type":"product","link":"https:\/\/espacetriathlon.com\/fr\/product\/team-parka-unisex\/","title":{"rendered":"Team Parka Unisex"},"content":{"rendered":"<p>100% Polyamide<\/p>\n","protected":false},"excerpt":{"rendered":"<p>Le parka chauffant arena Unisex Teamline est parfait pour les nageurs de comp\u00e9tition et d&#8217;entra\u00eenement. L&#8217;isolation chaude et la doublure polaire douce \u00e0 l&#8217;int\u00e9rieur assurent un confort maximal. De nombreuses poches offrent de l&#8217;espace pour les ustensiles et la possibilit\u00e9 de se r\u00e9chauffer les mains. La grande capuche doubl\u00e9e de molleton offre des possibilit\u00e9s de protection optimales pendant la phase de concentration. Espace suffisant pour l&#8217;impression du logo.<\/p>\n","protected":false},"featured_media":49565,"template":"","meta":[],"product_brand":[],"product_cat":[279],"product_tag":[],"class_list":{"0":"post-9597","1":"product","2":"type-product","3":"status-publish","4":"has-post-thumbnail","6":"product_cat-accessories-swim","7":"pa_brand-arena","8":"pa_size-xs-fr","9":"pa_size-s-fr","10":"pa_size-m-fr","11":"pa_size-l-fr","12":"pa_size-xl-fr","14":"first","15":"instock","16":"sale","17":"shipping-taxable","18":"purchasable","19":"product-type-variable"},"_links":{"self":[{"href":"https:\/\/espacetriathlon.com\/fr\/wp-json\/wp\/v2\/product\/9597","targetHints":{"allow":["GET"]}}],"collection":[{"href":"https:\/\/espacetriathlon.com\/fr\/wp-json\/wp\/v2\/product"}],"about":[{"href":"https:\/\/espacetriathlon.com\/fr\/wp-json\/wp\/v2\/types\/product"}],"version-history":[{"count":2,"href":"https:\/\/espacetriathlon.com\/fr\/wp-json\/wp\/v2\/product\/9597\/revisions"}],"predecessor-version":[{"id":36619,"href":"https:\/\/espacetriathlon.com\/fr\/wp-json\/wp\/v2\/product\/9597\/revisions\/36619"}],"wp:featuredmedia":[{"embeddable":true,"href":"https:\/\/espacetriathlon.com\/fr\/wp-json\/wp\/v2\/media\/49565"}],"wp:attachment":[{"href":"https:\/\/espacetriathlon.com\/fr\/wp-json\/wp\/v2\/media?parent=9597"}],"wp:term":[{"taxonomy":"product_brand","embeddable":true,"href":"https:\/\/espacetriathlon.com\/fr\/wp-json\/wp\/v2\/product_brand?post=9597"},{"taxonomy":"product_cat","embeddable":true,"href":"https:\/\/espacetriathlon.com\/fr\/wp-json\/wp\/v2\/product_cat?post=9597"},{"taxonomy":"product_tag","embeddable":true,"href":"https:\/\/espacetriathlon.com\/fr\/wp-json\/wp\/v2\/product_tag?post=9597"}],"curies":[{"name":"wp","href":"https:\/\/api.w.org\/{rel}","templated":true}]}}