{"id":50229,"date":"2025-07-01T16:42:05","date_gmt":"2025-07-01T16:42:05","guid":{"rendered":"https:\/\/espacetriathlon.com\/di\/"},"modified":"2025-08-14T15:47:11","modified_gmt":"2025-08-14T15:47:11","slug":"di","status":"publish","type":"page","link":"https:\/\/espacetriathlon.com\/it\/di\/","title":{"rendered":"Di"},"content":{"rendered":"\t\t<div data-elementor-type=\"wp-page\" data-elementor-id=\"50229\" class=\"elementor elementor-50229 elementor-104\" data-elementor-post-type=\"page\">\n\t\t\t\t<div class=\"elementor-element elementor-element-0914b17 e-flex e-con-boxed e-con e-parent\" data-id=\"0914b17\" data-element_type=\"container\" data-e-type=\"container\" data-settings=\"{&quot;background_background&quot;:&quot;classic&quot;}\">\n\t\t\t\t\t<div class=\"e-con-inner\">\n\t\t\t\t<div class=\"elementor-element elementor-element-d5bcced elementor-widget elementor-widget-heading\" data-id=\"d5bcced\" data-element_type=\"widget\" data-e-type=\"widget\" data-widget_type=\"heading.default\">\n\t\t\t\t\t<h2 class=\"elementor-heading-title elementor-size-default\">Chi siamo<\/h2>\t\t\t\t<\/div>\n\t\t\t\t\t<\/div>\n\t\t\t\t<\/div>\n\t\t<div class=\"elementor-element elementor-element-9299316 e-flex e-con-boxed e-con e-parent\" data-id=\"9299316\" data-element_type=\"container\" data-e-type=\"container\">\n\t\t\t\t\t<div class=\"e-con-inner\">\n\t\t<div class=\"elementor-element elementor-element-b439be6 e-con-full e-flex e-con e-child\" data-id=\"b439be6\" data-element_type=\"container\" data-e-type=\"container\">\n\t\t\t\t<div class=\"elementor-element elementor-element-f0be9cb elementor-widget elementor-widget-heading\" data-id=\"f0be9cb\" data-element_type=\"widget\" data-e-type=\"widget\" data-widget_type=\"heading.default\">\n\t\t\t\t\t<h2 class=\"elementor-heading-title elementor-size-default\">\nChi siamo\n<\/h2>\t\t\t\t<\/div>\n\t\t\t\t<div class=\"elementor-element elementor-element-ee62cbc elementor-widget elementor-widget-text-editor\" data-id=\"ee62cbc\" data-element_type=\"widget\" data-e-type=\"widget\" data-widget_type=\"text-editor.default\">\n\t\t\t\t\t\t\t\t\tL&#8217;Espace Triathlon (Sportmax) di Losanna e Nyon \u00e8 un luogo unico dedicato all&#8217;attrezzatura da triathlon e, pi\u00f9 in generale, al nuoto in piscina o in acque libere.\nQuesto spazio \u00e8 un luogo in cui qualsiasi atleta di resistenza (triatleta, nuotatore), qualunque siano le sue ambizioni, pu\u00f2 trovare l&#8217;attrezzatura giusta da provare in anticipo, sia in negozio che al lago.\n\t\t\t\t\t\t\t\t<\/div>\n\t\t\t\t<\/div>\n\t\t<div class=\"elementor-element elementor-element-ea22b63 e-con-full e-flex e-con e-child\" data-id=\"ea22b63\" data-element_type=\"container\" data-e-type=\"container\">\n\t\t\t\t<div class=\"elementor-element elementor-element-0649c90 elementor-widget elementor-widget-image\" data-id=\"0649c90\" data-element_type=\"widget\" data-e-type=\"widget\" data-widget_type=\"image.default\">\n\t\t\t\t\t\t\t\t\t\t\t\t\t\t\t<img decoding=\"async\" src=\"https:\/\/darkslateblue-cattle-473851.hostingersite.com\/wp-content\/uploads\/2025\/07\/about-page-min.png\" title=\"\" alt=\"\" loading=\"lazy\" \/>\t\t\t\t\t\t\t\t\t\t\t\t\t\t\t<\/div>\n\t\t\t\t<\/div>\n\t\t\t\t\t<\/div>\n\t\t\t\t<\/div>\n\t\t\t\t<\/div>\n\t\t","protected":false},"excerpt":{"rendered":"<p>Chi siamo Chi siamo L&#8217;Espace Triathlon (Sportmax) di Losanna e Nyon \u00e8 un luogo unico dedicato all&#8217;attrezzatura da triathlon e, pi\u00f9 in generale, al nuoto in piscina o in acque libere. Questo spazio \u00e8 un luogo in cui qualsiasi atleta di resistenza (triatleta, nuotatore), qualunque siano le sue ambizioni, pu\u00f2 trovare l&#8217;attrezzatura giusta da provare [&hellip;]<\/p>\n","protected":false},"author":1,"featured_media":0,"parent":0,"menu_order":0,"comment_status":"closed","ping_status":"closed","template":"","meta":{"footnotes":""},"class_list":["post-50229","page","type-page","status-publish","hentry"],"_links":{"self":[{"href":"https:\/\/espacetriathlon.com\/it\/wp-json\/wp\/v2\/pages\/50229","targetHints":{"allow":["GET"]}}],"collection":[{"href":"https:\/\/espacetriathlon.com\/it\/wp-json\/wp\/v2\/pages"}],"about":[{"href":"https:\/\/espacetriathlon.com\/it\/wp-json\/wp\/v2\/types\/page"}],"author":[{"embeddable":true,"href":"https:\/\/espacetriathlon.com\/it\/wp-json\/wp\/v2\/users\/1"}],"replies":[{"embeddable":true,"href":"https:\/\/espacetriathlon.com\/it\/wp-json\/wp\/v2\/comments?post=50229"}],"version-history":[{"count":7,"href":"https:\/\/espacetriathlon.com\/it\/wp-json\/wp\/v2\/pages\/50229\/revisions"}],"predecessor-version":[{"id":53821,"href":"https:\/\/espacetriathlon.com\/it\/wp-json\/wp\/v2\/pages\/50229\/revisions\/53821"}],"wp:attachment":[{"href":"https:\/\/espacetriathlon.com\/it\/wp-json\/wp\/v2\/media?parent=50229"}],"curies":[{"name":"wp","href":"https:\/\/api.w.org\/{rel}","templated":true}]}}