{"id":13150,"date":"2022-04-16T08:17:24","date_gmt":"2022-04-16T08:17:24","guid":{"rendered":"https:\/\/espacetriathlon.com\/product\/base-layer-women\/"},"modified":"2024-07-12T06:48:33","modified_gmt":"2024-07-12T06:48:33","slug":"base-layer-women","status":"publish","type":"product","link":"https:\/\/espacetriathlon.com\/it\/product\/base-layer-women\/","title":{"rendered":"Base Layer Women"},"content":{"rendered":"<p>Materials: This garment is made with 1.3 mm neoprene and a nylon inner lining for maximum elasticity.<\/p>\n","protected":false},"excerpt":{"rendered":"<p>Il Base Layer pu\u00f2 essere usato come strato esterno o interno sotto la muta. In acque pi\u00f9 calde pu\u00f2 essere usato come strato esterno, proteggendovi dal freddo e dal sole senza limitare i movimenti grazie alla sua elasticit\u00e0. Con le temperature pi\u00f9 fredde, \u00e8 l&#8217;accessorio ideale da indossare sotto la muta quando si nuota in acque libere. Ha un taglio speciale per le donne, che si modella al corpo per prestazioni e comfort.<\/p>\n","protected":false},"featured_media":49653,"template":"","meta":[],"product_brand":[],"product_cat":[272],"product_tag":[],"class_list":{"0":"post-13150","1":"product","2":"type-product","3":"status-publish","4":"has-post-thumbnail","6":"product_cat-openwater-it","7":"pa_brand-orca-it","8":"pa_size-l-it","9":"pa_size-m-it","10":"pa_size-s-it","11":"pa_size-xs-it","12":"pa_size-xl-it","14":"first","15":"instock","16":"shipping-taxable","17":"purchasable","18":"product-type-variable"},"_links":{"self":[{"href":"https:\/\/espacetriathlon.com\/it\/wp-json\/wp\/v2\/product\/13150","targetHints":{"allow":["GET"]}}],"collection":[{"href":"https:\/\/espacetriathlon.com\/it\/wp-json\/wp\/v2\/product"}],"about":[{"href":"https:\/\/espacetriathlon.com\/it\/wp-json\/wp\/v2\/types\/product"}],"version-history":[{"count":3,"href":"https:\/\/espacetriathlon.com\/it\/wp-json\/wp\/v2\/product\/13150\/revisions"}],"predecessor-version":[{"id":36102,"href":"https:\/\/espacetriathlon.com\/it\/wp-json\/wp\/v2\/product\/13150\/revisions\/36102"}],"wp:featuredmedia":[{"embeddable":true,"href":"https:\/\/espacetriathlon.com\/it\/wp-json\/wp\/v2\/media\/49653"}],"wp:attachment":[{"href":"https:\/\/espacetriathlon.com\/it\/wp-json\/wp\/v2\/media?parent=13150"}],"wp:term":[{"taxonomy":"product_brand","embeddable":true,"href":"https:\/\/espacetriathlon.com\/it\/wp-json\/wp\/v2\/product_brand?post=13150"},{"taxonomy":"product_cat","embeddable":true,"href":"https:\/\/espacetriathlon.com\/it\/wp-json\/wp\/v2\/product_cat?post=13150"},{"taxonomy":"product_tag","embeddable":true,"href":"https:\/\/espacetriathlon.com\/it\/wp-json\/wp\/v2\/product_tag?post=13150"}],"curies":[{"name":"wp","href":"https:\/\/api.w.org\/{rel}","templated":true}]}}