{"id":13279,"date":"2022-05-03T06:34:07","date_gmt":"2022-05-03T06:34:07","guid":{"rendered":"https:\/\/espacetriathlon.com\/product\/apex-flex-men-alpha\/"},"modified":"2025-06-15T15:24:04","modified_gmt":"2025-06-15T15:24:04","slug":"apex-flex-men-v2","status":"publish","type":"product","link":"https:\/\/espacetriathlon.com\/it\/product\/apex-flex-men-v2\/","title":{"rendered":"Apex Flex Men V2"},"content":{"rendered":"<p>44+: Orca&#8217;s high-end range combines exclusive Yamamoto 44 technology with high-elasticity Infinity Skin 2 lining to provide maximum freedom of movement to the shoulders. For improved hydrodynamics, a Nano Ice SCS coating is used, which reduces water resistance for increased speed. The inner lining incorporates bamboo fibers for more flexibility with each stroke, in addition to reducing odor and preventing the growth of bacteria. This combination provides total flexibility in the shoulders of high-end Orca wetsuits. The material requires 90% less force to stretch than conventional neoprene.<\/p>\n<p>40 FS: For maximum freedom of movement, elasticity and flexibility, Orca\u2019s high-end range combines Yamamoto 40 technology with Infinity Skin 2 lining and Smoothskin surface finish. This composition provides the open water swimmer with complete range of motion in the shoulder area. The material requires 72% less force to stretch than any other conventional neoprene. Bamboo fibers in the inner lining provide flexibility with each stroke, in addition to reducing odor and preventing the growth of bacteria.<\/p>\n<p>0.88 Free: 0.88 Free technology was developed with Yamamoto exclusively for Orca, with the goal of creating the most elastic material on the market today. The finest neoprene on the market is 0.5-mm thick and combines the best lining with a titanium coating for better thermal insulation. This revolutionary material is placed in the arms of the suit, providing needed compression to your arm muscles as well as maximum flexibility for bending your elbow with each swim stroke. A step forward in technology.<\/p>\n<p>40 PF: The Power-fit compressive lining, along with Orca&#8217;s high-end Yamamoto 40 technology, provides a perfect fit in the torso area, ensuring that water will not flow through the wetsuit. Nano Ice SCS coating improves hydrodynamics, reducing water resistance and allowing the open water swimmer to reach top speed with each stroke.<\/p>\n","protected":false},"excerpt":{"rendered":"<p>Apex Flex \u00e8 la tuta pi\u00f9 flessibile della gamma Orca. \u00c8 progettato per i nuotatori pi\u00f9 tecnici, quelli che hanno il vantaggio di un&#8217;alta flessibilit\u00e0 e non hanno bisogno di galleggiamento extra. La vita accorciata della zip inversa permette un design pi\u00f9 elastico. Questo, combinato con i materiali pi\u00f9 flessibili sul mercato e le migliori propriet\u00e0 idrodinamiche, lo rende il costume pi\u00f9 veloce per i migliori nuotatori in acque libere.<\/p>\n<p>Modello 2025<\/p>\n","protected":false},"featured_media":48473,"template":"","meta":[],"product_brand":[],"product_cat":[308],"product_tag":[],"class_list":{"0":"post-13279","1":"product","2":"type-product","3":"status-publish","4":"has-post-thumbnail","6":"product_cat-wetsuit-neopren-it","7":"pa_brand-orca-it","8":"pa_taille-orca-h-t5-162-172-cm-61-66-kg-it","9":"pa_taille-orca-h-t6-167-175-cm-67-75-kg-it","10":"pa_taille-orca-h-tmt-177-190-cm-68-76-kg","11":"pa_taille-orca-h-t7-173-185-cm-75-82-kg-it","12":"pa_taille-orca-h-t8-180-188-cm-82-89-kg-it","13":"pa_taille-orca-h-t9-185-193-cm-89-97-kg-it","14":"pa_taille-orca-h-t10-190-196-cm-98-109-kg-it","15":"pa_taille-orca-h-t11-193-200-cm-107-kg-it","17":"first","18":"instock","19":"shipping-taxable","20":"purchasable","21":"product-type-variable"},"_links":{"self":[{"href":"https:\/\/espacetriathlon.com\/it\/wp-json\/wp\/v2\/product\/13279","targetHints":{"allow":["GET"]}}],"collection":[{"href":"https:\/\/espacetriathlon.com\/it\/wp-json\/wp\/v2\/product"}],"about":[{"href":"https:\/\/espacetriathlon.com\/it\/wp-json\/wp\/v2\/types\/product"}],"version-history":[{"count":4,"href":"https:\/\/espacetriathlon.com\/it\/wp-json\/wp\/v2\/product\/13279\/revisions"}],"predecessor-version":[{"id":48485,"href":"https:\/\/espacetriathlon.com\/it\/wp-json\/wp\/v2\/product\/13279\/revisions\/48485"}],"wp:featuredmedia":[{"embeddable":true,"href":"https:\/\/espacetriathlon.com\/it\/wp-json\/wp\/v2\/media\/48473"}],"wp:attachment":[{"href":"https:\/\/espacetriathlon.com\/it\/wp-json\/wp\/v2\/media?parent=13279"}],"wp:term":[{"taxonomy":"product_brand","embeddable":true,"href":"https:\/\/espacetriathlon.com\/it\/wp-json\/wp\/v2\/product_brand?post=13279"},{"taxonomy":"product_cat","embeddable":true,"href":"https:\/\/espacetriathlon.com\/it\/wp-json\/wp\/v2\/product_cat?post=13279"},{"taxonomy":"product_tag","embeddable":true,"href":"https:\/\/espacetriathlon.com\/it\/wp-json\/wp\/v2\/product_tag?post=13279"}],"curies":[{"name":"wp","href":"https:\/\/api.w.org\/{rel}","templated":true}]}}