{"id":1696,"date":"2020-11-08T16:28:35","date_gmt":"2020-11-08T16:28:35","guid":{"rendered":"https:\/\/espacetriathlon.com\/product\/goggle-mask\/"},"modified":"2024-07-15T11:18:08","modified_gmt":"2024-07-15T11:18:08","slug":"goggle-mask","status":"publish","type":"product","link":"https:\/\/espacetriathlon.com\/it\/product\/goggle-mask\/","title":{"rendered":"Goggle Mask"},"content":{"rendered":"<p>La nuova maschera di Google di Orca \u00e8 una pratica alternativa ai tradizionali occhialini da nuoto. Questo occhiale leggero e resistente ha lenti pi\u00f9 grandi per dare un campo visivo pi\u00f9 ampio. Il suo design si adatta perfettamente alla forma del viso e del naso, che previene tutti i tipi di lesioni causate dai colpi durante le gare di triathlon. Inoltre, la pratica gonna in silicone previene i segni intorno agli occhi. Visione panoramica e comfort ottimale.<\/p>\n<p>Tradotto con www.DeepL.com\/Translator (versione gratuita)<\/p>\n","protected":false},"excerpt":{"rendered":"<p>Orca<\/p>\n<p>La nuova maschera di Google di Orca \u00e8 una pratica alternativa ai tradizionali occhialini da nuoto. Questo occhiale leggero e resistente ha lenti pi\u00f9 grandi per dare un campo visivo pi\u00f9 ampio. Il suo design si adatta perfettamente alla forma del viso e del naso, che previene tutti i tipi di lesioni causate dai colpi durante le gare di triathlon. Inoltre, la pratica gonna in silicone previene i segni intorno agli occhi. Visione panoramica e comfort ottimale.<\/p>\n<p>Tradotto con www.DeepL.com\/Translator (versione gratuita)<\/p>\n","protected":false},"featured_media":49245,"template":"","meta":[],"product_brand":[],"product_cat":[284],"product_tag":[],"class_list":{"0":"post-1696","1":"product","2":"type-product","3":"status-publish","4":"has-post-thumbnail","6":"product_cat-goggles-it","7":"pa_brand-orca-it","9":"first","10":"instock","11":"shipping-taxable","12":"purchasable","13":"product-type-simple"},"_links":{"self":[{"href":"https:\/\/espacetriathlon.com\/it\/wp-json\/wp\/v2\/product\/1696","targetHints":{"allow":["GET"]}}],"collection":[{"href":"https:\/\/espacetriathlon.com\/it\/wp-json\/wp\/v2\/product"}],"about":[{"href":"https:\/\/espacetriathlon.com\/it\/wp-json\/wp\/v2\/types\/product"}],"version-history":[{"count":3,"href":"https:\/\/espacetriathlon.com\/it\/wp-json\/wp\/v2\/product\/1696\/revisions"}],"predecessor-version":[{"id":36949,"href":"https:\/\/espacetriathlon.com\/it\/wp-json\/wp\/v2\/product\/1696\/revisions\/36949"}],"wp:featuredmedia":[{"embeddable":true,"href":"https:\/\/espacetriathlon.com\/it\/wp-json\/wp\/v2\/media\/49245"}],"wp:attachment":[{"href":"https:\/\/espacetriathlon.com\/it\/wp-json\/wp\/v2\/media?parent=1696"}],"wp:term":[{"taxonomy":"product_brand","embeddable":true,"href":"https:\/\/espacetriathlon.com\/it\/wp-json\/wp\/v2\/product_brand?post=1696"},{"taxonomy":"product_cat","embeddable":true,"href":"https:\/\/espacetriathlon.com\/it\/wp-json\/wp\/v2\/product_cat?post=1696"},{"taxonomy":"product_tag","embeddable":true,"href":"https:\/\/espacetriathlon.com\/it\/wp-json\/wp\/v2\/product_tag?post=1696"}],"curies":[{"name":"wp","href":"https:\/\/api.w.org\/{rel}","templated":true}]}}