{"id":1714,"date":"2020-11-08T17:05:31","date_gmt":"2020-11-08T17:05:31","guid":{"rendered":"https:\/\/espacetriathlon.com\/product\/transition-bag\/"},"modified":"2025-09-15T16:18:49","modified_gmt":"2025-09-15T16:18:49","slug":"transition-bag","status":"publish","type":"product","link":"https:\/\/espacetriathlon.com\/it\/product\/transition-bag\/","title":{"rendered":"Transition Bag"},"content":{"rendered":"<p>La nostra borsa di transizione \u00e8 la migliore della sua categoria, con una tasca per mettere tutto il necessario e facilmente accessibile. Ideale per viaggiare all&#8217;estero per una gara, con una tasca protettiva per il casco, scomparti impermeabili e bagnati, uno scomparto per le scarpe espandibile e tasche appositamente foderate per proteggere la vostra elettronica, coprir\u00e0 tutte le vostre esigenze. Con cos\u00ec tante tasche e un interno verde ad alto contrasto, troverete facilmente tutto ci\u00f2 di cui avete bisogno. Con una capacit\u00e0 di 70 l, spesse cinghie imbottite che possono essere unite in un unico pezzo, questa borsa di transizione \u00e8 la vostra compagna di viaggio ideale.<\/p>\n","protected":false},"excerpt":{"rendered":"<p>La nostra borsa di transizione \u00e8 la migliore della sua categoria, con una tasca per mettere tutto il necessario e facilmente accessibile. Ideale per viaggiare all&#8217;estero per una gara, con una tasca protettiva per il casco, scomparti impermeabili e bagnati, uno scomparto per le scarpe espandibile e tasche appositamente foderate per proteggere la vostra elettronica, coprir\u00e0 tutte le vostre esigenze. Con cos\u00ec tante tasche e un interno verde ad alto contrasto, troverete facilmente tutto ci\u00f2 di cui avete bisogno. Con una capacit\u00e0 di 70 l, spesse cinghie imbottite che possono essere unite in un unico pezzo, questa borsa di transizione \u00e8 la vostra compagna di viaggio ideale.<\/p>\n","protected":false},"featured_media":1052,"template":"","meta":[],"product_brand":[],"product_cat":[327],"product_tag":[],"class_list":{"0":"post-1714","1":"product","2":"type-product","3":"status-publish","4":"has-post-thumbnail","6":"product_cat-bags-it","7":"pa_brand-orca-it","9":"first","10":"instock","11":"sale","12":"shipping-taxable","13":"purchasable","14":"product-type-simple"},"_links":{"self":[{"href":"https:\/\/espacetriathlon.com\/it\/wp-json\/wp\/v2\/product\/1714","targetHints":{"allow":["GET"]}}],"collection":[{"href":"https:\/\/espacetriathlon.com\/it\/wp-json\/wp\/v2\/product"}],"about":[{"href":"https:\/\/espacetriathlon.com\/it\/wp-json\/wp\/v2\/types\/product"}],"version-history":[{"count":5,"href":"https:\/\/espacetriathlon.com\/it\/wp-json\/wp\/v2\/product\/1714\/revisions"}],"predecessor-version":[{"id":55706,"href":"https:\/\/espacetriathlon.com\/it\/wp-json\/wp\/v2\/product\/1714\/revisions\/55706"}],"wp:featuredmedia":[{"embeddable":true,"href":"https:\/\/espacetriathlon.com\/it\/wp-json\/wp\/v2\/media\/1052"}],"wp:attachment":[{"href":"https:\/\/espacetriathlon.com\/it\/wp-json\/wp\/v2\/media?parent=1714"}],"wp:term":[{"taxonomy":"product_brand","embeddable":true,"href":"https:\/\/espacetriathlon.com\/it\/wp-json\/wp\/v2\/product_brand?post=1714"},{"taxonomy":"product_cat","embeddable":true,"href":"https:\/\/espacetriathlon.com\/it\/wp-json\/wp\/v2\/product_cat?post=1714"},{"taxonomy":"product_tag","embeddable":true,"href":"https:\/\/espacetriathlon.com\/it\/wp-json\/wp\/v2\/product_tag?post=1714"}],"curies":[{"name":"wp","href":"https:\/\/api.w.org\/{rel}","templated":true}]}}