{"id":1718,"date":"2020-11-08T17:18:24","date_gmt":"2020-11-08T17:18:24","guid":{"rendered":"https:\/\/espacetriathlon.com\/product\/transition-bagpack\/"},"modified":"2025-02-23T14:13:08","modified_gmt":"2025-02-23T14:13:08","slug":"transition-bagpack","status":"publish","type":"product","link":"https:\/\/espacetriathlon.com\/it\/product\/transition-bagpack\/","title":{"rendered":"Transition Backpack"},"content":{"rendered":"<p>Se state cercando uno zaino dove portare tutto il necessario per le vostre gare o sessioni di allenamento, questo \u00e8 l&#8217;accessorio che fa per voi. Si tratta di uno zaino regolabile, che grazie al suo sistema di capacit\u00e0 regolabile permette di aumentarne la capacit\u00e0 in modo da poterlo utilizzare in tutti gli scopi. Grazie alla sua nuova base piatta, lo zaino rimane in posizione verticale quando \u00e8 appoggiato sotto una superficie, perfetto per le transizioni e gli spogliatoi. \u00c8 dotato di una tasca per il casco e di una tasca separata nella parte inferiore, ideale per il trasporto di una muta o di indumenti bagnati. Inoltre, il suo design consente la ventilazione nella zona posteriore, in modo da poterlo utilizzare comodamente durante il tragitto verso le sessioni di allenamento o le competizioni. Questo \u00e8 il compagno di gara e di allenamento ideale che stavate aspettando.<\/p>\n<p>&nbsp;<\/p>\n","protected":false},"excerpt":{"rendered":"<p>Se state cercando uno zaino dove portare tutto il necessario per le vostre gare o sessioni di allenamento, questo \u00e8 l&#8217;accessorio che fa per voi. Si tratta di uno zaino regolabile, che grazie al suo sistema di capacit\u00e0 regolabile permette di aumentarne la capacit\u00e0 in modo da poterlo utilizzare in tutti gli scopi. Grazie alla sua nuova base piatta, lo zaino rimane in posizione verticale quando \u00e8 appoggiato sotto una superficie, perfetto per le transizioni e gli spogliatoi. \u00c8 dotato di una tasca per il casco e di una tasca separata nella parte inferiore, ideale per il trasporto di una muta o di indumenti bagnati. Inoltre, il suo design consente la ventilazione nella zona posteriore, in modo da poterlo utilizzare comodamente durante il tragitto verso le sessioni di allenamento o le competizioni. Questo \u00e8 il compagno di gara e di allenamento ideale che stavate aspettando.<\/p>\n<p>&nbsp;<\/p>\n","protected":false},"featured_media":1060,"template":"","meta":[],"product_brand":[],"product_cat":[327],"product_tag":[],"class_list":{"0":"post-1718","1":"product","2":"type-product","3":"status-publish","4":"has-post-thumbnail","6":"product_cat-bags-it","7":"pa_brand-orca-it","9":"first","10":"instock","11":"sale","12":"shipping-taxable","13":"purchasable","14":"product-type-simple"},"_links":{"self":[{"href":"https:\/\/espacetriathlon.com\/it\/wp-json\/wp\/v2\/product\/1718","targetHints":{"allow":["GET"]}}],"collection":[{"href":"https:\/\/espacetriathlon.com\/it\/wp-json\/wp\/v2\/product"}],"about":[{"href":"https:\/\/espacetriathlon.com\/it\/wp-json\/wp\/v2\/types\/product"}],"version-history":[{"count":5,"href":"https:\/\/espacetriathlon.com\/it\/wp-json\/wp\/v2\/product\/1718\/revisions"}],"predecessor-version":[{"id":45926,"href":"https:\/\/espacetriathlon.com\/it\/wp-json\/wp\/v2\/product\/1718\/revisions\/45926"}],"wp:featuredmedia":[{"embeddable":true,"href":"https:\/\/espacetriathlon.com\/it\/wp-json\/wp\/v2\/media\/1060"}],"wp:attachment":[{"href":"https:\/\/espacetriathlon.com\/it\/wp-json\/wp\/v2\/media?parent=1718"}],"wp:term":[{"taxonomy":"product_brand","embeddable":true,"href":"https:\/\/espacetriathlon.com\/it\/wp-json\/wp\/v2\/product_brand?post=1718"},{"taxonomy":"product_cat","embeddable":true,"href":"https:\/\/espacetriathlon.com\/it\/wp-json\/wp\/v2\/product_cat?post=1718"},{"taxonomy":"product_tag","embeddable":true,"href":"https:\/\/espacetriathlon.com\/it\/wp-json\/wp\/v2\/product_tag?post=1718"}],"curies":[{"name":"wp","href":"https:\/\/api.w.org\/{rel}","templated":true}]}}