{"id":21087,"date":"2023-10-09T18:21:01","date_gmt":"2023-10-09T18:21:01","guid":{"rendered":"https:\/\/espacetriathlon.com\/product\/futura-biofuse-flexiseal-tri\/"},"modified":"2024-07-12T07:32:03","modified_gmt":"2024-07-12T07:32:03","slug":"futura-biofuse-flexiseal-tri","status":"publish","type":"product","link":"https:\/\/espacetriathlon.com\/it\/product\/futura-biofuse-flexiseal-tri\/","title":{"rendered":"Futura Biofuse Flexiseal Tri"},"content":{"rendered":"<p>Blue<br \/>\nSmoked lenses<\/p>\n","protected":false},"excerpt":{"rendered":"<p>Gli occhialini da triathlon Flexiseal Futura Biofuse offrono il massimo del comfort per gli occhiali Speedo.<\/p>\n<p>La sua nuova tenuta super morbida offre una maggiore flessibilit\u00e0 rispetto ai precedenti occhiali Biofuse per una vestibilit\u00e0 ancora pi\u00f9 liscia e imbottita intorno all\u2019occhio.<\/p>\n<p>Progettata con materiali tipo gel super soft e tecnologia Speedo Biofuse\u00ae, questa maschera fa del tuo comfort una priorit\u00e0 assoluta.<\/p>\n<p>Le lenti polarizzate rendono questi occhiali ideali per il nuoto in acque libere e triathlon.<\/p>\n","protected":false},"featured_media":21082,"template":"","meta":[],"product_brand":[],"product_cat":[2197,284],"product_tag":[],"class_list":{"0":"post-21087","1":"product","2":"type-product","3":"status-publish","4":"has-post-thumbnail","6":"product_cat-saldi","7":"product_cat-goggles-it","8":"pa_brand-speedo-it","10":"first","11":"instock","12":"sale","13":"shipping-taxable","14":"purchasable","15":"product-type-simple"},"_links":{"self":[{"href":"https:\/\/espacetriathlon.com\/it\/wp-json\/wp\/v2\/product\/21087","targetHints":{"allow":["GET"]}}],"collection":[{"href":"https:\/\/espacetriathlon.com\/it\/wp-json\/wp\/v2\/product"}],"about":[{"href":"https:\/\/espacetriathlon.com\/it\/wp-json\/wp\/v2\/types\/product"}],"version-history":[{"count":4,"href":"https:\/\/espacetriathlon.com\/it\/wp-json\/wp\/v2\/product\/21087\/revisions"}],"predecessor-version":[{"id":36232,"href":"https:\/\/espacetriathlon.com\/it\/wp-json\/wp\/v2\/product\/21087\/revisions\/36232"}],"wp:featuredmedia":[{"embeddable":true,"href":"https:\/\/espacetriathlon.com\/it\/wp-json\/wp\/v2\/media\/21082"}],"wp:attachment":[{"href":"https:\/\/espacetriathlon.com\/it\/wp-json\/wp\/v2\/media?parent=21087"}],"wp:term":[{"taxonomy":"product_brand","embeddable":true,"href":"https:\/\/espacetriathlon.com\/it\/wp-json\/wp\/v2\/product_brand?post=21087"},{"taxonomy":"product_cat","embeddable":true,"href":"https:\/\/espacetriathlon.com\/it\/wp-json\/wp\/v2\/product_cat?post=21087"},{"taxonomy":"product_tag","embeddable":true,"href":"https:\/\/espacetriathlon.com\/it\/wp-json\/wp\/v2\/product_tag?post=21087"}],"curies":[{"name":"wp","href":"https:\/\/api.w.org\/{rel}","templated":true}]}}