{"id":21652,"date":"2023-11-28T16:39:15","date_gmt":"2023-11-28T16:39:15","guid":{"rendered":"https:\/\/espacetriathlon.com\/product\/fastskin-kickfin\/"},"modified":"2024-07-12T06:26:23","modified_gmt":"2024-07-12T06:26:23","slug":"fastskin-kickfin","status":"publish","type":"product","link":"https:\/\/espacetriathlon.com\/it\/product\/fastskin-kickfin\/","title":{"rendered":"Fastskin Kickfin"},"content":{"rendered":"<p>Queste pinne da nuoto per bambini sono state progettate con tecnologia 3D per la forma del piede che garantisce una buona vestibilit\u00e0 e comfort. I materiali in polipropilene e gomma termoplastica offrono un\u2019aderenza eccellente e il disegno del battistrada migliora le prestazioni in curva.<\/p>\n<p>Questo doppio materiale offre forza e flessibilit\u00e0 nei calci e si sente pi\u00f9 leggero del 40% rispetto ad altre pinne da sub Speedo . Le pale a doppia rotaia forniscono potenza e propulsione in acqua. 87 anni di conoscenza corse focalizzate in un sistema di nuovi strumenti di formazione. materiali didattici Fastskin progettate per rendere ci si allena intelligente e corsa veloce. Il Fastskin Kickfin ha lame pi\u00f9 corte per calci rapidi e una maggiore potenza, creando massima resistenza in acqua.<\/p>\n<p>Caratteristiche:<\/p>\n<p>Speedo? S miglior pinna mai montaggio utilizza la tecnologia di scansione forma del piede 3D, offrendo maggior comfort e una vestibilit\u00e0 sicura<\/p>\n<p>materiale da costruzione a doppia garantisce forza e flessibilit\u00e0, consentendo nel contempo questa pinna di essere il 40% pi\u00f9 leggero rispetto ad altre pinne Speedo, il che significa meno fatica nel corso sessioni di calcio pi\u00f9 lunghi<\/p>\n<p>battistrada aggiunto al tallone suola e aperto per dare macchinista aggiuntivo nei turni e durante le immersioni off blocchi<\/p>\n<p>lame ferroviari doppi brevi per propulsione potente acqua<\/p>\n<p>specifiche tecniche:<\/p>\n<p>Polipropilene \/ Gomma termoplastica<\/p>\n","protected":false},"excerpt":{"rendered":"<p>Le pinne Speedo Fastskin Kickfin ti offrono potenza, calci veloci, leggerezza, flessibilit\u00e0 e presa eccellente durante le sessioni di nuoto in modo da poter migliorare le tue prestazioni.<\/p>\n","protected":false},"featured_media":21629,"template":"","meta":[],"product_brand":[],"product_cat":[2197,1735],"product_tag":[],"class_list":{"0":"post-21652","1":"product","2":"type-product","3":"status-publish","4":"has-post-thumbnail","6":"product_cat-saldi","7":"product_cat-training-aid-it","8":"pa_brand-speedo-it","9":"pa_size_fins_speedo-36-37-it","10":"pa_size_fins_speedo-38-39-it-2","11":"pa_size_fins_speedo-40-42-it","12":"pa_size_fins_speedo-43-44-it","13":"pa_size_fins_speedo-45-47-it","15":"first","16":"instock","17":"sale","18":"shipping-taxable","19":"purchasable","20":"product-type-variable"},"_links":{"self":[{"href":"https:\/\/espacetriathlon.com\/it\/wp-json\/wp\/v2\/product\/21652","targetHints":{"allow":["GET"]}}],"collection":[{"href":"https:\/\/espacetriathlon.com\/it\/wp-json\/wp\/v2\/product"}],"about":[{"href":"https:\/\/espacetriathlon.com\/it\/wp-json\/wp\/v2\/types\/product"}],"version-history":[{"count":3,"href":"https:\/\/espacetriathlon.com\/it\/wp-json\/wp\/v2\/product\/21652\/revisions"}],"predecessor-version":[{"id":36043,"href":"https:\/\/espacetriathlon.com\/it\/wp-json\/wp\/v2\/product\/21652\/revisions\/36043"}],"wp:featuredmedia":[{"embeddable":true,"href":"https:\/\/espacetriathlon.com\/it\/wp-json\/wp\/v2\/media\/21629"}],"wp:attachment":[{"href":"https:\/\/espacetriathlon.com\/it\/wp-json\/wp\/v2\/media?parent=21652"}],"wp:term":[{"taxonomy":"product_brand","embeddable":true,"href":"https:\/\/espacetriathlon.com\/it\/wp-json\/wp\/v2\/product_brand?post=21652"},{"taxonomy":"product_cat","embeddable":true,"href":"https:\/\/espacetriathlon.com\/it\/wp-json\/wp\/v2\/product_cat?post=21652"},{"taxonomy":"product_tag","embeddable":true,"href":"https:\/\/espacetriathlon.com\/it\/wp-json\/wp\/v2\/product_tag?post=21652"}],"curies":[{"name":"wp","href":"https:\/\/api.w.org\/{rel}","templated":true}]}}