{"id":22020,"date":"2024-01-09T08:14:50","date_gmt":"2024-01-09T08:14:50","guid":{"rendered":"https:\/\/espacetriathlon.com\/product\/vortex-evolution-paddle\/"},"modified":"2024-07-12T05:54:44","modified_gmt":"2024-07-12T05:54:44","slug":"vortex-evolution-paddle","status":"publish","type":"product","link":"https:\/\/espacetriathlon.com\/it\/product\/vortex-evolution-paddle\/","title":{"rendered":"Vortex Evolution Paddle"},"content":{"rendered":"<p>\u2013 Pagaie comode ed ergonomiche per allenare forza e tecnica<br \/>\n\u2013 Maggiore resistenza all\u2019acqua, superficie perforata per una sensazione ottimale in acqua<br \/>\n\u2013 Cinghie elastiche regolabili e posizionate strategicamente per un comfort elevato e flessibile, senza PVC<br \/>\n\u2013 Ideale per nuotatori agonisti<\/p>\n","protected":false},"excerpt":{"rendered":"<p>Questo prodotto speciale di arena supporta i nuotatori esperti anche durante le sessioni di allenamento pi\u00f9 dure. La particolarit\u00e0 di queste palette \u00e8 la forma ergonomica e curva, che favorisce una presa naturale, sicura e confortevole.<\/p>\n","protected":false},"featured_media":22030,"template":"","meta":[],"product_brand":[],"product_cat":[287],"product_tag":[],"class_list":{"0":"post-22020","1":"product","2":"type-product","3":"status-publish","4":"has-post-thumbnail","6":"product_cat-paddles-it","7":"pa_brand-arena-it-2","8":"pa_color_n-green-it","9":"pa_color_n-plum-it","10":"pa_size-l-it","11":"pa_size-m-it","13":"first","14":"instock","15":"sale","16":"shipping-taxable","17":"purchasable","18":"product-type-variable"},"_links":{"self":[{"href":"https:\/\/espacetriathlon.com\/it\/wp-json\/wp\/v2\/product\/22020","targetHints":{"allow":["GET"]}}],"collection":[{"href":"https:\/\/espacetriathlon.com\/it\/wp-json\/wp\/v2\/product"}],"about":[{"href":"https:\/\/espacetriathlon.com\/it\/wp-json\/wp\/v2\/types\/product"}],"version-history":[{"count":3,"href":"https:\/\/espacetriathlon.com\/it\/wp-json\/wp\/v2\/product\/22020\/revisions"}],"predecessor-version":[{"id":35997,"href":"https:\/\/espacetriathlon.com\/it\/wp-json\/wp\/v2\/product\/22020\/revisions\/35997"}],"wp:featuredmedia":[{"embeddable":true,"href":"https:\/\/espacetriathlon.com\/it\/wp-json\/wp\/v2\/media\/22030"}],"wp:attachment":[{"href":"https:\/\/espacetriathlon.com\/it\/wp-json\/wp\/v2\/media?parent=22020"}],"wp:term":[{"taxonomy":"product_brand","embeddable":true,"href":"https:\/\/espacetriathlon.com\/it\/wp-json\/wp\/v2\/product_brand?post=22020"},{"taxonomy":"product_cat","embeddable":true,"href":"https:\/\/espacetriathlon.com\/it\/wp-json\/wp\/v2\/product_cat?post=22020"},{"taxonomy":"product_tag","embeddable":true,"href":"https:\/\/espacetriathlon.com\/it\/wp-json\/wp\/v2\/product_tag?post=22020"}],"curies":[{"name":"wp","href":"https:\/\/api.w.org\/{rel}","templated":true}]}}