{"id":25105,"date":"2024-03-15T16:35:56","date_gmt":"2024-03-15T16:35:56","guid":{"rendered":"https:\/\/espacetriathlon.com\/product\/sonic-mirror\/"},"modified":"2024-07-11T11:24:09","modified_gmt":"2024-07-11T11:24:09","slug":"sonic-mirror","status":"publish","type":"product","link":"https:\/\/espacetriathlon.com\/it\/product\/sonic-mirror\/","title":{"rendered":"Sonic Mirror"},"content":{"rendered":"<p>Un occhialino performante con guarnizione in TPE pi\u00f9 morbida e pi\u00f9 sottile. Costruito con nasello in PU staccabile che pu\u00f2 essere stretto attorno alle fessure della struttura.<\/p>\n","protected":false},"excerpt":{"rendered":"<p>Mirrored racing goggles.<br \/>\nAkron<\/p>\n","protected":false},"featured_media":25058,"template":"","meta":[],"product_brand":[],"product_cat":[284],"product_tag":[],"class_list":{"0":"post-25105","1":"product","2":"type-product","3":"status-publish","4":"has-post-thumbnail","6":"product_cat-goggles-it","7":"pa_brand-akron-it","8":"pa_color_n-black-it","9":"pa_color_n-pink-it","10":"pa_color_n-yellow-it","12":"first","13":"instock","14":"shipping-taxable","15":"purchasable","16":"product-type-variable"},"_links":{"self":[{"href":"https:\/\/espacetriathlon.com\/it\/wp-json\/wp\/v2\/product\/25105","targetHints":{"allow":["GET"]}}],"collection":[{"href":"https:\/\/espacetriathlon.com\/it\/wp-json\/wp\/v2\/product"}],"about":[{"href":"https:\/\/espacetriathlon.com\/it\/wp-json\/wp\/v2\/types\/product"}],"version-history":[{"count":3,"href":"https:\/\/espacetriathlon.com\/it\/wp-json\/wp\/v2\/product\/25105\/revisions"}],"predecessor-version":[{"id":35843,"href":"https:\/\/espacetriathlon.com\/it\/wp-json\/wp\/v2\/product\/25105\/revisions\/35843"}],"wp:featuredmedia":[{"embeddable":true,"href":"https:\/\/espacetriathlon.com\/it\/wp-json\/wp\/v2\/media\/25058"}],"wp:attachment":[{"href":"https:\/\/espacetriathlon.com\/it\/wp-json\/wp\/v2\/media?parent=25105"}],"wp:term":[{"taxonomy":"product_brand","embeddable":true,"href":"https:\/\/espacetriathlon.com\/it\/wp-json\/wp\/v2\/product_brand?post=25105"},{"taxonomy":"product_cat","embeddable":true,"href":"https:\/\/espacetriathlon.com\/it\/wp-json\/wp\/v2\/product_cat?post=25105"},{"taxonomy":"product_tag","embeddable":true,"href":"https:\/\/espacetriathlon.com\/it\/wp-json\/wp\/v2\/product_tag?post=25105"}],"curies":[{"name":"wp","href":"https:\/\/api.w.org\/{rel}","templated":true}]}}