{"id":25160,"date":"2024-03-22T14:50:00","date_gmt":"2024-03-22T14:50:00","guid":{"rendered":"https:\/\/espacetriathlon.com\/?post_type=product&#038;p=25160"},"modified":"2025-12-17T01:28:21","modified_gmt":"2025-12-17T01:28:21","slug":"sonic-clear","status":"publish","type":"product","link":"https:\/\/espacetriathlon.com\/it\/product\/sonic-clear\/","title":{"rendered":"Sonic Clear"},"content":{"rendered":"<p>Un occhialino performante con guarnizione in TPE pi\u00f9 morbida e pi\u00f9 sottile. Costruito con nasello in PU staccabile che pu\u00f2 essere stretto attorno alle fessure della struttura.<\/p>\n","protected":false},"excerpt":{"rendered":"<p>Racing goggles.<br \/>\nAkron<\/p>\n","protected":false},"featured_media":25180,"template":"","meta":[],"product_brand":[],"product_cat":[284],"product_tag":[],"class_list":{"0":"post-25160","1":"product","2":"type-product","3":"status-publish","4":"has-post-thumbnail","6":"product_cat-goggles-it","7":"pa_brand-akron-it","8":"pa_color_n-black-it","9":"pa_color_n-blue-it","11":"first","12":"instock","13":"shipping-taxable","14":"purchasable","15":"product-type-variable"},"_links":{"self":[{"href":"https:\/\/espacetriathlon.com\/it\/wp-json\/wp\/v2\/product\/25160","targetHints":{"allow":["GET"]}}],"collection":[{"href":"https:\/\/espacetriathlon.com\/it\/wp-json\/wp\/v2\/product"}],"about":[{"href":"https:\/\/espacetriathlon.com\/it\/wp-json\/wp\/v2\/types\/product"}],"version-history":[{"count":3,"href":"https:\/\/espacetriathlon.com\/it\/wp-json\/wp\/v2\/product\/25160\/revisions"}],"predecessor-version":[{"id":35836,"href":"https:\/\/espacetriathlon.com\/it\/wp-json\/wp\/v2\/product\/25160\/revisions\/35836"}],"wp:featuredmedia":[{"embeddable":true,"href":"https:\/\/espacetriathlon.com\/it\/wp-json\/wp\/v2\/media\/25180"}],"wp:attachment":[{"href":"https:\/\/espacetriathlon.com\/it\/wp-json\/wp\/v2\/media?parent=25160"}],"wp:term":[{"taxonomy":"product_brand","embeddable":true,"href":"https:\/\/espacetriathlon.com\/it\/wp-json\/wp\/v2\/product_brand?post=25160"},{"taxonomy":"product_cat","embeddable":true,"href":"https:\/\/espacetriathlon.com\/it\/wp-json\/wp\/v2\/product_cat?post=25160"},{"taxonomy":"product_tag","embeddable":true,"href":"https:\/\/espacetriathlon.com\/it\/wp-json\/wp\/v2\/product_tag?post=25160"}],"curies":[{"name":"wp","href":"https:\/\/api.w.org\/{rel}","templated":true}]}}