{"id":2546,"date":"2020-11-15T18:13:15","date_gmt":"2020-11-15T18:13:15","guid":{"rendered":"https:\/\/espacetriathlon.com\/product\/powerfin\/"},"modified":"2024-07-15T06:51:05","modified_gmt":"2024-07-15T06:51:05","slug":"powerfin","status":"publish","type":"product","link":"https:\/\/espacetriathlon.com\/it\/product\/powerfin\/","title":{"rendered":"Powerfin"},"content":{"rendered":"<p>Pinne di allenamento per i nuotatori. Con queste pinne corte \u00e8 possibile una corretta coordinazione braccio-legge.<\/p>\n<p>Inoltre si pu\u00f2 realizzare una velocit\u00e0 pi\u00f9 elevata e conoscere le diverse posizioni alla massima velocit\u00e0. La forma a freccia fornisce la corretta posizione dei piedi.<\/p>\n<p>Oltre al nuoto, queste pinne sono consigliate anche per lo snorkeling.<\/p>\n","protected":false},"excerpt":{"rendered":"<p>Arena<\/p>\n<p>Pinne di allenamento per i nuotatori. Con queste pinne corte \u00e8 possibile una corretta coordinazione braccio-legge.<\/p>\n<p>Inoltre si pu\u00f2 realizzare una velocit\u00e0 pi\u00f9 elevata e conoscere le diverse posizioni alla massima velocit\u00e0. La forma a freccia fornisce la corretta posizione dei piedi.<\/p>\n<p>Oltre al nuoto, queste pinne sono consigliate anche per lo snorkeling.<\/p>\n","protected":false},"featured_media":49380,"template":"","meta":[],"product_brand":[],"product_cat":[1735],"product_tag":[],"class_list":{"0":"post-2546","1":"product","2":"type-product","3":"status-publish","4":"has-post-thumbnail","6":"product_cat-training-aid-it","7":"pa_brand-arena-it-2","8":"pa_size_arena-35-36-it","9":"pa_size_arena-37-38-it","10":"pa_size_arena-39-40-it","11":"pa_size_arena-41-42-it","12":"pa_size_arena-43-44-it","13":"pa_size_arena-45-46-it","15":"first","16":"instock","17":"shipping-taxable","18":"purchasable","19":"product-type-variable"},"_links":{"self":[{"href":"https:\/\/espacetriathlon.com\/it\/wp-json\/wp\/v2\/product\/2546","targetHints":{"allow":["GET"]}}],"collection":[{"href":"https:\/\/espacetriathlon.com\/it\/wp-json\/wp\/v2\/product"}],"about":[{"href":"https:\/\/espacetriathlon.com\/it\/wp-json\/wp\/v2\/types\/product"}],"version-history":[{"count":3,"href":"https:\/\/espacetriathlon.com\/it\/wp-json\/wp\/v2\/product\/2546\/revisions"}],"predecessor-version":[{"id":36603,"href":"https:\/\/espacetriathlon.com\/it\/wp-json\/wp\/v2\/product\/2546\/revisions\/36603"}],"wp:featuredmedia":[{"embeddable":true,"href":"https:\/\/espacetriathlon.com\/it\/wp-json\/wp\/v2\/media\/49380"}],"wp:attachment":[{"href":"https:\/\/espacetriathlon.com\/it\/wp-json\/wp\/v2\/media?parent=2546"}],"wp:term":[{"taxonomy":"product_brand","embeddable":true,"href":"https:\/\/espacetriathlon.com\/it\/wp-json\/wp\/v2\/product_brand?post=2546"},{"taxonomy":"product_cat","embeddable":true,"href":"https:\/\/espacetriathlon.com\/it\/wp-json\/wp\/v2\/product_cat?post=2546"},{"taxonomy":"product_tag","embeddable":true,"href":"https:\/\/espacetriathlon.com\/it\/wp-json\/wp\/v2\/product_tag?post=2546"}],"curies":[{"name":"wp","href":"https:\/\/api.w.org\/{rel}","templated":true}]}}