{"id":2577,"date":"2020-11-20T16:56:40","date_gmt":"2020-11-20T16:56:40","guid":{"rendered":"https:\/\/espacetriathlon.com\/product\/tempo-trainer\/"},"modified":"2025-02-24T23:37:03","modified_gmt":"2025-02-24T23:37:03","slug":"tempo-trainer","status":"publish","type":"product","link":"https:\/\/espacetriathlon.com\/it\/product\/tempo-trainer\/","title":{"rendered":"Tempo Trainer"},"content":{"rendered":"<div class=\"col-sm-6 fab-left-column\">\n<div class=\"fab-left\">\n<div class=\"col-sm-12\">\n<ul>\n<li>Provides an audible beep loud enough to hear in and out of the water<\/li>\n<li>Tempo adjustable by 1\/100 of a second<\/li>\n<li>Small convenient size makes it easy to secure beneath a swim cap or goggles<\/li>\n<li>Tested to perform at a depth of 10 meters<\/li>\n<li>Auto shut-off feature saves battery life<\/li>\n<\/ul>\n<\/div>\n<\/div>\n<\/div>\n","protected":false},"excerpt":{"rendered":"<p>Il piccolo dispositivo impermeabile si fissa facilmente sotto la cuffia da bagno e trasmette un segnale acustico. Il tempo regolabile offre la possibilit\u00e0 di identificare e mantenere un ritmo ideale. Ora con la possibilit\u00e0 di sostituire la batteria, il Tempo Trainer Pro durer\u00e0 pi\u00f9 volte. Tre diverse modalit\u00e0 di allenamento offrono la massima personalizzazione. Il Tempo Trainer Pro include una clip per l\u2019esercizio in terraferma.<\/p>\n","protected":false},"featured_media":49385,"template":"","meta":[],"product_brand":[],"product_cat":[278],"product_tag":[],"class_list":{"0":"post-2577","1":"product","2":"type-product","3":"status-publish","4":"has-post-thumbnail","6":"product_cat-swimming-it","7":"product_shipping_class-petitarticle-it","8":"pa_brand-finis-it","10":"first","11":"instock","12":"shipping-taxable","13":"purchasable","14":"product-type-simple"},"_links":{"self":[{"href":"https:\/\/espacetriathlon.com\/it\/wp-json\/wp\/v2\/product\/2577","targetHints":{"allow":["GET"]}}],"collection":[{"href":"https:\/\/espacetriathlon.com\/it\/wp-json\/wp\/v2\/product"}],"about":[{"href":"https:\/\/espacetriathlon.com\/it\/wp-json\/wp\/v2\/types\/product"}],"version-history":[{"count":5,"href":"https:\/\/espacetriathlon.com\/it\/wp-json\/wp\/v2\/product\/2577\/revisions"}],"predecessor-version":[{"id":38789,"href":"https:\/\/espacetriathlon.com\/it\/wp-json\/wp\/v2\/product\/2577\/revisions\/38789"}],"wp:featuredmedia":[{"embeddable":true,"href":"https:\/\/espacetriathlon.com\/it\/wp-json\/wp\/v2\/media\/49385"}],"wp:attachment":[{"href":"https:\/\/espacetriathlon.com\/it\/wp-json\/wp\/v2\/media?parent=2577"}],"wp:term":[{"taxonomy":"product_brand","embeddable":true,"href":"https:\/\/espacetriathlon.com\/it\/wp-json\/wp\/v2\/product_brand?post=2577"},{"taxonomy":"product_cat","embeddable":true,"href":"https:\/\/espacetriathlon.com\/it\/wp-json\/wp\/v2\/product_cat?post=2577"},{"taxonomy":"product_tag","embeddable":true,"href":"https:\/\/espacetriathlon.com\/it\/wp-json\/wp\/v2\/product_tag?post=2577"}],"curies":[{"name":"wp","href":"https:\/\/api.w.org\/{rel}","templated":true}]}}