{"id":43468,"date":"2024-12-19T21:07:39","date_gmt":"2024-12-19T21:07:39","guid":{"rendered":"https:\/\/espacetriathlon.com\/product\/explorer-tour-fs-uomo\/"},"modified":"2024-12-19T21:07:39","modified_gmt":"2024-12-19T21:07:39","slug":"explorer-tour-fs-uomo","status":"publish","type":"product","link":"https:\/\/espacetriathlon.com\/it\/product\/explorer-tour-fs-uomo\/","title":{"rendered":"Explorer Tour FS Uomo"},"content":{"rendered":"<p>Il neoprene DOUBLE FACE rende questa muta resistente e confortevole, ideale per i nuotatori alle prime armi. Il DESIGN SPECIFICO PER IL NUOTO garantisce un&#8217;elevata elasticit\u00e0 e una vestibilit\u00e0 perfetta. Le aree critiche senza cuciture ti permettono di nuotare senza ostacoli. Il SISTEMA DI CHIUSURA, dotato di una resistente cerniera YKK, garantisce una vestibilit\u00e0 sicura e una facile indossabilit\u00e0. Un lembo liscio che copre la zip offre ulteriore comfort, mobilit\u00e0 e calore. La lunghezza del polsino personalizzabile \u00e8 presente in questa muta che ti permette di personalizzare le gambe e le braccia della muta in base alla lunghezza del polsino che desideri. Questo grazie a un facile sistema &#8220;fai da te&#8221;, reso possibile dal nostro materiale resistente agli strappi. Utilizza la nostra guida qui sotto su come personalizzare i polsini. <\/p>\n","protected":false},"excerpt":{"rendered":"<p>  L&#8217;Explorer Tour FS \u00e8 pensato per i nuotatori che compiono il primo passo nel loro percorso in acque libere.<\/p>\n","protected":false},"featured_media":43456,"template":"","meta":[],"product_brand":[],"product_cat":[272],"product_tag":[],"class_list":{"0":"post-43468","1":"product","2":"type-product","3":"status-publish","4":"has-post-thumbnail","6":"product_cat-openwater-it","7":"pa_brand-zoggs-it-2","9":"first","10":"instock","11":"sale","12":"shipping-taxable","13":"purchasable","14":"product-type-variable"},"_links":{"self":[{"href":"https:\/\/espacetriathlon.com\/it\/wp-json\/wp\/v2\/product\/43468","targetHints":{"allow":["GET"]}}],"collection":[{"href":"https:\/\/espacetriathlon.com\/it\/wp-json\/wp\/v2\/product"}],"about":[{"href":"https:\/\/espacetriathlon.com\/it\/wp-json\/wp\/v2\/types\/product"}],"version-history":[{"count":0,"href":"https:\/\/espacetriathlon.com\/it\/wp-json\/wp\/v2\/product\/43468\/revisions"}],"wp:featuredmedia":[{"embeddable":true,"href":"https:\/\/espacetriathlon.com\/it\/wp-json\/wp\/v2\/media\/43456"}],"wp:attachment":[{"href":"https:\/\/espacetriathlon.com\/it\/wp-json\/wp\/v2\/media?parent=43468"}],"wp:term":[{"taxonomy":"product_brand","embeddable":true,"href":"https:\/\/espacetriathlon.com\/it\/wp-json\/wp\/v2\/product_brand?post=43468"},{"taxonomy":"product_cat","embeddable":true,"href":"https:\/\/espacetriathlon.com\/it\/wp-json\/wp\/v2\/product_cat?post=43468"},{"taxonomy":"product_tag","embeddable":true,"href":"https:\/\/espacetriathlon.com\/it\/wp-json\/wp\/v2\/product_tag?post=43468"}],"curies":[{"name":"wp","href":"https:\/\/api.w.org\/{rel}","templated":true}]}}