{"id":45788,"date":"2025-02-18T12:39:28","date_gmt":"2025-02-18T12:39:28","guid":{"rendered":"https:\/\/espacetriathlon.com\/?post_type=product&#038;p=45788"},"modified":"2025-02-18T12:46:37","modified_gmt":"2025-02-18T12:46:37","slug":"powerfins-pro-ii-copy","status":"publish","type":"product","link":"https:\/\/espacetriathlon.com\/it\/product\/powerfins-pro-ii-copy\/","title":{"rendered":"powerfins pro II Plum \/ Artic Lime"},"content":{"rendered":"<p>Queste sono le pinne che ogni nuotatore professionista stava aspettando. Il loro design innovativo \u00e8 caratterizzato da una superficie spiovente e da tagli idrodinamici nella parte superiore, per permetterti di nuotare pi\u00f9 velocemente e controllare con pi\u00f9 facilit\u00e0 i movimenti delle gambe. Il tallone scoperto garantisce alle caviglie totale libert\u00e0, assicurandoti una maggiore velocit\u00e0 nei movimenti verso l\u2019alto e maggiore potenza nelle spinte verso il basso.<\/p>\n<p>Allenare le tue gambe al movimento verticale anche solo per pochi minuti al giorno con Powerfin Pros ti aiuter\u00e0 a migliorare i tuoi movimenti sott\u2019acqua. La spinta verticale ti consente sia di controllare la posizione del tuo corpo in acqua sia di verificare la correttezza del movimento.<\/p>\n","protected":false},"excerpt":{"rendered":"<p>Fenditure idrodinamiche Tallone scoperto Allenamento parte inferiore<\/p>\n","protected":false},"featured_media":45820,"template":"","meta":[],"product_brand":[],"product_cat":[1735],"product_tag":[],"class_list":{"0":"post-45788","1":"product","2":"type-product","3":"status-publish","4":"has-post-thumbnail","6":"product_cat-training-aid-it","7":"pa_brand-arena-it-2","8":"pa_size_arena-36-37-it","9":"pa_size_arena-38-39-it","10":"pa_size_arena-40-41-it","11":"pa_size_arena-42-43-it","12":"pa_size_arena-44-45-it","13":"pa_size_arena-46-47-it","15":"first","16":"instock","17":"sale","18":"shipping-taxable","19":"purchasable","20":"product-type-variable"},"_links":{"self":[{"href":"https:\/\/espacetriathlon.com\/it\/wp-json\/wp\/v2\/product\/45788","targetHints":{"allow":["GET"]}}],"collection":[{"href":"https:\/\/espacetriathlon.com\/it\/wp-json\/wp\/v2\/product"}],"about":[{"href":"https:\/\/espacetriathlon.com\/it\/wp-json\/wp\/v2\/types\/product"}],"version-history":[{"count":2,"href":"https:\/\/espacetriathlon.com\/it\/wp-json\/wp\/v2\/product\/45788\/revisions"}],"predecessor-version":[{"id":45836,"href":"https:\/\/espacetriathlon.com\/it\/wp-json\/wp\/v2\/product\/45788\/revisions\/45836"}],"wp:featuredmedia":[{"embeddable":true,"href":"https:\/\/espacetriathlon.com\/it\/wp-json\/wp\/v2\/media\/45820"}],"wp:attachment":[{"href":"https:\/\/espacetriathlon.com\/it\/wp-json\/wp\/v2\/media?parent=45788"}],"wp:term":[{"taxonomy":"product_brand","embeddable":true,"href":"https:\/\/espacetriathlon.com\/it\/wp-json\/wp\/v2\/product_brand?post=45788"},{"taxonomy":"product_cat","embeddable":true,"href":"https:\/\/espacetriathlon.com\/it\/wp-json\/wp\/v2\/product_cat?post=45788"},{"taxonomy":"product_tag","embeddable":true,"href":"https:\/\/espacetriathlon.com\/it\/wp-json\/wp\/v2\/product_tag?post=45788"}],"curies":[{"name":"wp","href":"https:\/\/api.w.org\/{rel}","templated":true}]}}