{"id":46112,"date":"2025-03-07T13:46:04","date_gmt":"2025-03-07T13:46:04","guid":{"rendered":"https:\/\/espacetriathlon.com\/product\/mantra-swimskin-donna\/"},"modified":"2025-03-07T13:46:04","modified_gmt":"2025-03-07T13:46:04","slug":"mantra-swimskin-donna","status":"publish","type":"product","link":"https:\/\/espacetriathlon.com\/it\/product\/mantra-swimskin-donna\/","title":{"rendered":"Mantra Swimskin Donna"},"content":{"rendered":"<p>I materiali innovativi e le propriet\u00e0 elastiche della muta Mantra permettono alla muta di adattarsi comodamente al tuo corpo. Il suo design riduce al minimo l&#8217;ingresso dell&#8217;acqua e la formazione di sacche d&#8217;acqua, migliorando le tue prestazioni in apnea. <\/p>\n<p>DURABILIT\u00c0<br \/>\nIl tessuto esterno delle maniche della muta aumenta la sua durata e fornisce la massima protezione dall&#8217;usura. Grazie alle propriet\u00e0 elastiche della combinazione di tessuto e neoprene, la Mantra non perde flessibilit\u00e0, consentendoti una maggiore libert\u00e0 di movimento durante le tue discese e avventure subacquee. <\/p>\n<p>ELASTICIT\u00c0<br \/>\nI materiali altamente elastici che compongono la Mantra ne aumentano la flessibilit\u00e0 e la gamma di movimenti, permettendoti di muoverti senza restrizioni. Per una totale libert\u00e0 di movimento dei fianchi e delle gambe, nella parte bassa della schiena sono state inserite una cerniera invertita e cuciture ottimizzate. <\/p>\n","protected":false},"excerpt":{"rendered":"<p>Muta da apnea multiuso per acque calde<\/p>\n<p>The Orca Mantra is a wetsuit developed with high-quality materials that provide more durability without sacrificing performance. The high-elasticity materials provide a perfect fit and allow the wearer to enjoy freediving sessions without any restrictions.<\/p>\n<p>*Questo indumento \u00e8 realizzato in tessuto compressivo. Se hai una taglia in pi\u00f9, scegli la taglia pi\u00f9 grande. <\/p>\n","protected":false},"featured_media":46085,"template":"","meta":[],"product_brand":[],"product_cat":[987,272],"product_tag":[],"class_list":{"0":"post-46112","1":"product","2":"type-product","3":"status-publish","4":"has-post-thumbnail","6":"product_cat-freediving-it","7":"product_cat-openwater-it","8":"pa_brand-orca-it","9":"pa_size-l-it","10":"pa_size-m-it","11":"pa_size-s-it","12":"pa_size-xs-it","13":"pa_size-xl-it","15":"first","16":"instock","17":"shipping-taxable","18":"purchasable","19":"product-type-variable"},"_links":{"self":[{"href":"https:\/\/espacetriathlon.com\/it\/wp-json\/wp\/v2\/product\/46112","targetHints":{"allow":["GET"]}}],"collection":[{"href":"https:\/\/espacetriathlon.com\/it\/wp-json\/wp\/v2\/product"}],"about":[{"href":"https:\/\/espacetriathlon.com\/it\/wp-json\/wp\/v2\/types\/product"}],"version-history":[{"count":0,"href":"https:\/\/espacetriathlon.com\/it\/wp-json\/wp\/v2\/product\/46112\/revisions"}],"wp:featuredmedia":[{"embeddable":true,"href":"https:\/\/espacetriathlon.com\/it\/wp-json\/wp\/v2\/media\/46085"}],"wp:attachment":[{"href":"https:\/\/espacetriathlon.com\/it\/wp-json\/wp\/v2\/media?parent=46112"}],"wp:term":[{"taxonomy":"product_brand","embeddable":true,"href":"https:\/\/espacetriathlon.com\/it\/wp-json\/wp\/v2\/product_brand?post=46112"},{"taxonomy":"product_cat","embeddable":true,"href":"https:\/\/espacetriathlon.com\/it\/wp-json\/wp\/v2\/product_cat?post=46112"},{"taxonomy":"product_tag","embeddable":true,"href":"https:\/\/espacetriathlon.com\/it\/wp-json\/wp\/v2\/product_tag?post=46112"}],"curies":[{"name":"wp","href":"https:\/\/api.w.org\/{rel}","templated":true}]}}